{"id":637,"date":"2023-08-24T19:23:49","date_gmt":"2023-08-24T19:23:49","guid":{"rendered":"https:\/\/nyschildrensasthma.org\/?page_id=637"},"modified":"2026-02-13T20:17:21","modified_gmt":"2026-02-13T20:17:21","slug":"contact","status":"publish","type":"page","link":"https:\/\/nyschildrensasthma.org\/vi\/contact\/","title":{"rendered":"Li\u00ean h\u1ec7"},"content":{"rendered":"<div data-elementor-type=\"wp-post\" data-elementor-id=\"637\" class=\"elementor elementor-637\" data-elementor-post-type=\"page\">\n\t\t\t\t\t\t<section class=\"elementor-section elementor-top-section elementor-element elementor-element-581f4a4 elementor-reverse-tablet elementor-reverse-mobile elementor-section-boxed elementor-section-height-default elementor-section-height-default\" data-id=\"581f4a4\" data-element_type=\"section\" data-e-type=\"section\">\n\t\t\t\t\t\t<div class=\"elementor-container elementor-column-gap-default\">\n\t\t\t\t\t<div class=\"elementor-column elementor-col-100 elementor-top-column elementor-element elementor-element-d60d091\" data-id=\"d60d091\" data-element_type=\"column\" data-e-type=\"column\">\n\t\t\t<div class=\"elementor-widget-wrap elementor-element-populated\">\n\t\t\t\t\t\t<div class=\"elementor-element elementor-element-6b59927 elementor-widget elementor-widget-heading\" data-id=\"6b59927\" data-element_type=\"widget\" data-e-type=\"widget\" data-widget_type=\"heading.default\">\n\t\t\t\t<div class=\"elementor-widget-container\">\n\t\t\t\t\t<h2 class=\"elementor-heading-title elementor-size-default\">Li\u00ean h\u1ec7 v\u1edbi ch\u00fang t\u00f4i<\/h2>\t\t\t\t<\/div>\n\t\t\t\t<\/div>\n\t\t\t\t<div class=\"elementor-element elementor-element-9e615f6 elementor-button-align-start elementor-widget elementor-widget-form\" data-id=\"9e615f6\" data-element_type=\"widget\" data-e-type=\"widget\" data-settings=\"{&quot;step_next_label&quot;:&quot;Next&quot;,&quot;step_previous_label&quot;:&quot;Previous&quot;,&quot;button_width&quot;:&quot;100&quot;,&quot;step_type&quot;:&quot;number_text&quot;,&quot;step_icon_shape&quot;:&quot;circle&quot;}\" data-widget_type=\"form.default\">\n\t\t\t\t<div class=\"elementor-widget-container\">\n\t\t\t\t\t\t\t<form class=\"elementor-form\" method=\"post\" id=\"APNYform\" name=\"APNY Form\" aria-label=\"M\u1eabu APNY\" action=\"\">\n\t\t\t<input type=\"hidden\" name=\"post_id\" value=\"637\"\/>\n\t\t\t<input type=\"hidden\" name=\"form_id\" value=\"9e615f6\"\/>\n\t\t\t<input type=\"hidden\" name=\"referer_title\" value=\"Contact &#8211; New York State Childrens Asthma Initiative\" \/>\n\n\t\t\t\t\t\t\t<input type=\"hidden\" name=\"queried_id\" value=\"637\"\/>\n\t\t\t\n\t\t\t<div class=\"elementor-form-fields-wrapper elementor-labels-above\">\n\t\t\t\t\t\t\t\t<div class=\"elementor-field-type-text elementor-field-group elementor-column elementor-field-group-name elementor-col-100 elementor-field-required elementor-mark-required\">\n\t\t\t\t\t\t\t\t\t\t\t\t<label for=\"form-field-name\" class=\"elementor-field-label\">\n\t\t\t\t\t\t\t\tT\u00ean\t\t\t\t\t\t\t<\/label>\n\t\t\t\t\t\t\t\t\t\t\t\t\t\t<input size=\"1\" type=\"text\" name=\"form_fields[name]\" id=\"form-field-name\" class=\"elementor-field elementor-size-sm  elementor-field-textual\" required=\"required\">\n\t\t\t\t\t\t\t\t\t\t\t<\/div>\n\t\t\t\t\t\t\t\t<div class=\"elementor-field-type-text elementor-field-group elementor-column elementor-field-group-email elementor-col-100 elementor-field-required elementor-mark-required\">\n\t\t\t\t\t\t\t\t\t\t\t\t<label for=\"form-field-email\" class=\"elementor-field-label\">\n\t\t\t\t\t\t\t\tTi\u00eau \u0111\u1ec1\t\t\t\t\t\t\t<\/label>\n\t\t\t\t\t\t\t\t\t\t\t\t\t\t<input size=\"1\" type=\"text\" name=\"form_fields[email]\" id=\"form-field-email\" class=\"elementor-field elementor-size-sm  elementor-field-textual\" required=\"required\">\n\t\t\t\t\t\t\t\t\t\t\t<\/div>\n\t\t\t\t\t\t\t\t<div class=\"elementor-field-type-email elementor-field-group elementor-column elementor-field-group-field_9f6d891 elementor-col-100 elementor-field-required elementor-mark-required\">\n\t\t\t\t\t\t\t\t\t\t\t\t<label for=\"form-field-field_9f6d891\" class=\"elementor-field-label\">\n\t\t\t\t\t\t\t\tTh\u01b0 \u0111i\u1ec7n t\u1eed\t\t\t\t\t\t\t<\/label>\n\t\t\t\t\t\t\t\t\t\t\t\t\t\t<input size=\"1\" type=\"email\" name=\"form_fields[field_9f6d891]\" id=\"form-field-field_9f6d891\" class=\"elementor-field elementor-size-sm  elementor-field-textual\" required=\"required\">\n\t\t\t\t\t\t\t\t\t\t\t<\/div>\n\t\t\t\t\t\t\t\t<div class=\"elementor-field-type-text elementor-field-group elementor-column elementor-field-group-field_6702586 elementor-col-100 elementor-field-required elementor-mark-required\">\n\t\t\t\t\t\t\t\t\t\t\t\t<label for=\"form-field-field_6702586\" class=\"elementor-field-label\">\n\t\t\t\t\t\t\t\tT\u1ed5 ch\u1ee9c\t\t\t\t\t\t\t<\/label>\n\t\t\t\t\t\t\t\t\t\t\t\t\t\t<input size=\"1\" type=\"text\" name=\"form_fields[field_6702586]\" id=\"form-field-field_6702586\" class=\"elementor-field elementor-size-sm  elementor-field-textual\" required=\"required\">\n\t\t\t\t\t\t\t\t\t\t\t<\/div>\n\t\t\t\t\t\t\t\t<div class=\"elementor-field-type-textarea elementor-field-group elementor-column elementor-field-group-field_741f036 elementor-col-100 elementor-field-required elementor-mark-required\">\n\t\t\t\t\t\t\t\t\t\t\t\t<label for=\"form-field-field_741f036\" class=\"elementor-field-label\">\n\t\t\t\t\t\t\t\t\u0110\u1ecba ch\u1ec9 t\u1ed5 ch\u1ee9c\t\t\t\t\t\t\t<\/label>\n\t\t\t\t\t\t<textarea class=\"elementor-field-textual elementor-field  elementor-size-sm\" name=\"form_fields[field_741f036]\" id=\"form-field-field_741f036\" rows=\"4\" required=\"required\"><\/textarea>\t\t\t\t<\/div>\n\t\t\t\t\t\t\t\t<div class=\"elementor-field-type-select elementor-field-group elementor-column elementor-field-group-field_7069b5e elementor-col-100\">\n\t\t\t\t\t\t\t\t\t\t\t\t<label for=\"form-field-field_7069b5e\" class=\"elementor-field-label\">\n\t\t\t\t\t\t\t\tHuy\u1ec7n \u0111\u01b0\u1ee3c ph\u1ee5c v\u1ee5:\t\t\t\t\t\t\t<\/label>\n\t\t\t\t\t\t\t\t<div class=\"elementor-field elementor-select-wrapper remove-before\">\n\t\t\t<div class=\"select-caret-down-wrapper\">\n\t\t\t\t<svg aria-hidden=\"true\" class=\"e-font-icon-svg e-eicon-caret-down\" viewbox=\"0 0 571.4 571.4\" xmlns=\"http:\/\/www.w3.org\/2000\/svg\"><path d=\"M571 393Q571 407 561 418L311 668Q300 679 286 679T261 668L11 418Q0 407 0 393T11 368 36 357H536Q550 357 561 368T571 393Z\"><\/path><\/svg>\t\t\t<\/div>\n\t\t\t<select name=\"form_fields[field_7069b5e]\" id=\"form-field-field_7069b5e\" class=\"elementor-field-textual elementor-size-sm\">\n\t\t\t\t\t\t\t\t\t<option value=\"Albany County\">Huy\u1ec7n Albany<\/option>\n\t\t\t\t\t\t\t\t\t<option value=\"Allegany County\">Huy\u1ec7n Allegany<\/option>\n\t\t\t\t\t\t\t\t\t<option value=\"Bronx County\">Huy\u1ec7n Bronx<\/option>\n\t\t\t\t\t\t\t\t\t<option value=\"Broome County\">Huy\u1ec7n Broome<\/option>\n\t\t\t\t\t\t\t\t\t<option value=\"Cattaraugus County\">Huy\u1ec7n Cattaraugus<\/option>\n\t\t\t\t\t\t\t\t\t<option value=\"Cayuga County\">Huy\u1ec7n Cayuga<\/option>\n\t\t\t\t\t\t\t\t\t<option value=\"Chautauqua County\">Huy\u1ec7n Chautauqua<\/option>\n\t\t\t\t\t\t\t\t\t<option value=\"Chemung County\">Huy\u1ec7n Chemung<\/option>\n\t\t\t\t\t\t\t\t\t<option value=\"Chenango County\">Huy\u1ec7n Chenango<\/option>\n\t\t\t\t\t\t\t\t\t<option value=\"Clinton County\">Huy\u1ec7n Clinton<\/option>\n\t\t\t\t\t\t\t\t\t<option value=\"Columbia County\">Huy\u1ec7n Columbia<\/option>\n\t\t\t\t\t\t\t\t\t<option value=\"Cortland County\">Huy\u1ec7n Cortland<\/option>\n\t\t\t\t\t\t\t\t\t<option value=\"Delaware County\">H\u1ea1t Delaware<\/option>\n\t\t\t\t\t\t\t\t\t<option value=\"Dutchess County\">H\u1ea1t Dutchess<\/option>\n\t\t\t\t\t\t\t\t\t<option value=\"Erie County\">Huy\u1ec7n Erie<\/option>\n\t\t\t\t\t\t\t\t\t<option value=\"Essex County\">Huy\u1ec7n Essex<\/option>\n\t\t\t\t\t\t\t\t\t<option value=\"Franklin County\">Huy\u1ec7n Franklin<\/option>\n\t\t\t\t\t\t\t\t\t<option value=\"Fulton County\">Huy\u1ec7n Fulton<\/option>\n\t\t\t\t\t\t\t\t\t<option value=\"Genesee County\">Huy\u1ec7n Genesee<\/option>\n\t\t\t\t\t\t\t\t\t<option value=\"Greene County\">Huy\u1ec7n Greene<\/option>\n\t\t\t\t\t\t\t\t\t<option value=\"Hamilton County\">H\u1ea1t Hamilton<\/option>\n\t\t\t\t\t\t\t\t\t<option value=\"Herkimer County\">H\u1ea1t Herkimer<\/option>\n\t\t\t\t\t\t\t\t\t<option value=\"Jefferson County\">Huy\u1ec7n Jefferson<\/option>\n\t\t\t\t\t\t\t\t\t<option value=\"Kings County (Brooklyn)\">H\u1ea1t Kings (Brooklyn)<\/option>\n\t\t\t\t\t\t\t\t\t<option value=\"Lewis County\">Huy\u1ec7n Lewis<\/option>\n\t\t\t\t\t\t\t\t\t<option value=\"Livingston County\">Huy\u1ec7n Livingston<\/option>\n\t\t\t\t\t\t\t\t\t<option value=\"Madison County\">Huy\u1ec7n Madison<\/option>\n\t\t\t\t\t\t\t\t\t<option value=\"Monroe County\">Huy\u1ec7n Monroe<\/option>\n\t\t\t\t\t\t\t\t\t<option value=\"Montgomery County\">Huy\u1ec7n Montgomery<\/option>\n\t\t\t\t\t\t\t\t\t<option value=\"Nassau County\">Huy\u1ec7n Nassau<\/option>\n\t\t\t\t\t\t\t\t\t<option value=\"New York County (Manhattan)\">H\u1ea1t New York (Manhattan)<\/option>\n\t\t\t\t\t\t\t\t\t<option value=\"Niagara County\">Huy\u1ec7n Niagara<\/option>\n\t\t\t\t\t\t\t\t\t<option value=\"Oneida County\">Huy\u1ec7n Oneida<\/option>\n\t\t\t\t\t\t\t\t\t<option value=\"Onondaga County\">Huy\u1ec7n Onondaga<\/option>\n\t\t\t\t\t\t\t\t\t<option value=\"Ontario County\">Huy\u1ec7n Ontario<\/option>\n\t\t\t\t\t\t\t\t\t<option value=\"Orange County\">H\u1ea1t Orange<\/option>\n\t\t\t\t\t\t\t\t\t<option value=\"Orleans County\">Huy\u1ec7n Orleans<\/option>\n\t\t\t\t\t\t\t\t\t<option value=\"Oswego County\">Huy\u1ec7n Oswego<\/option>\n\t\t\t\t\t\t\t\t\t<option value=\"Otsego County\">Huy\u1ec7n Otsego<\/option>\n\t\t\t\t\t\t\t\t\t<option value=\"Putnam County\">Huy\u1ec7n Putnam<\/option>\n\t\t\t\t\t\t\t\t\t<option value=\"Queens County\">Huy\u1ec7n Queens<\/option>\n\t\t\t\t\t\t\t\t\t<option value=\"Rensselaer County\">Huy\u1ec7n Rensselaer<\/option>\n\t\t\t\t\t\t\t\t\t<option value=\"Richmond County (Staten Island)\">H\u1ea1t Richmond (\u0110\u1ea3o Staten)<\/option>\n\t\t\t\t\t\t\t\t\t<option value=\"Rockland County\">Huy\u1ec7n Rockland<\/option>\n\t\t\t\t\t\t\t\t\t<option value=\"Saint Lawrence County\">Huy\u1ec7n Saint Lawrence<\/option>\n\t\t\t\t\t\t\t\t\t<option value=\"Saratoga County\">Huy\u1ec7n Saratoga<\/option>\n\t\t\t\t\t\t\t\t\t<option value=\"Schenectady County\">Huy\u1ec7n Schenectady<\/option>\n\t\t\t\t\t\t\t\t\t<option value=\"Schoharie County\">Huy\u1ec7n Schoharie<\/option>\n\t\t\t\t\t\t\t\t\t<option value=\"Schuyler County\">Huy\u1ec7n Schuyler<\/option>\n\t\t\t\t\t\t\t\t\t<option value=\"Seneca County\">Huy\u1ec7n Seneca<\/option>\n\t\t\t\t\t\t\t\t\t<option value=\"Steuben County\">Huy\u1ec7n Steuben<\/option>\n\t\t\t\t\t\t\t\t\t<option value=\"Suffolk County\">Huy\u1ec7n Suffolk<\/option>\n\t\t\t\t\t\t\t\t\t<option value=\"Sullivan County\">Huy\u1ec7n Sullivan<\/option>\n\t\t\t\t\t\t\t\t\t<option value=\"Tioga County\">Huy\u1ec7n Tioga<\/option>\n\t\t\t\t\t\t\t\t\t<option value=\"Tompkins County\">Huy\u1ec7n Tompkins<\/option>\n\t\t\t\t\t\t\t\t\t<option value=\"Ulster County\">H\u1ea1t Ulster<\/option>\n\t\t\t\t\t\t\t\t\t<option value=\"Warren County\">Huy\u1ec7n Warren<\/option>\n\t\t\t\t\t\t\t\t\t<option value=\"Washington County\">Huy\u1ec7n Washington<\/option>\n\t\t\t\t\t\t\t\t\t<option value=\"Wayne County\">Huy\u1ec7n Wayne<\/option>\n\t\t\t\t\t\t\t\t\t<option value=\"Westchester County\">H\u1ea1t Westchester<\/option>\n\t\t\t\t\t\t\t\t\t<option value=\"Wyoming County\">Huy\u1ec7n Wyoming<\/option>\n\t\t\t\t\t\t\t\t\t<option value=\"Yates County\">Huy\u1ec7n Yates<\/option>\n\t\t\t\t\t\t\t<\/select>\n\t\t<\/div>\n\t\t\t\t\t\t<\/div>\n\t\t\t\t\t\t\t\t<div class=\"elementor-field-type-checkbox elementor-field-group elementor-column elementor-field-group-message elementor-col-100\">\n\t\t\t\t\t\t\t\t\t\t\t\t<label for=\"form-field-message\" class=\"elementor-field-label\">\n\t\t\t\t\t\t\t\tL\u00e3i su\u1ea5t\t\t\t\t\t\t\t<\/label>\n\t\t\t\t\t\t<div class=\"elementor-field-subgroup\"><span class=\"elementor-field-option\"><input type=\"checkbox\" value=\"APNY General Membership\" id=\"form-field-message-0\" name=\"form_fields[message][]\"> <label for=\"form-field-message-0\">H\u1ed9i vi\u00ean ch\u00ednh th\u1ee9c c\u1ee7a APNY<\/label><\/span><span class=\"elementor-field-option\"><input type=\"checkbox\" value=\"APNY Steering Committee\" id=\"form-field-message-1\" name=\"form_fields[message][]\"> <label for=\"form-field-message-1\">Ban Ch\u1ec9 \u0111\u1ea1o APNY<\/label><\/span><span class=\"elementor-field-option\"><input type=\"checkbox\" value=\"Academic\/College Partnership\" id=\"form-field-message-2\" name=\"form_fields[message][]\"> <label for=\"form-field-message-2\">H\u1ee3p t\u00e1c H\u1ecdc thu\u1eadt\/\u0110\u1ea1i h\u1ecdc<\/label><\/span><span class=\"elementor-field-option\"><input type=\"checkbox\" value=\"Project BREATHE NY Partner\" id=\"form-field-message-3\" name=\"form_fields[message][]\"> <label for=\"form-field-message-3\">D\u1ef1 \u00e1n BREATHE NY \u0110\u1ed1i t\u00e1c<\/label><\/span><span class=\"elementor-field-option\"><input type=\"checkbox\" value=\"Schools\/Youth Serving Organization Partnership\" id=\"form-field-message-4\" name=\"form_fields[message][]\"> <label for=\"form-field-message-4\">H\u1ee3p t\u00e1c gi\u1eefa c\u00e1c tr\u01b0\u1eddng h\u1ecdc v\u00e0 t\u1ed5 ch\u1ee9c ph\u1ee5c v\u1ee5 thanh thi\u1ebfu ni\u00ean<\/label><\/span><span class=\"elementor-field-option\"><input type=\"checkbox\" value=\"Community Organization Partnership\" id=\"form-field-message-5\" name=\"form_fields[message][]\"> <label for=\"form-field-message-5\">H\u1ee3p t\u00e1c gi\u1eefa c\u00e1c t\u1ed5 ch\u1ee9c c\u1ed9ng \u0111\u1ed3ng<\/label><\/span><span class=\"elementor-field-option\"><input type=\"checkbox\" value=\"TA for NYHER Asthma Remediation\" id=\"form-field-message-6\" name=\"form_fields[message][]\"> <label for=\"form-field-message-6\">H\u1ed7 tr\u1ee3 k\u1ef9 thu\u1eadt cho NYHER trong vi\u1ec7c kh\u1eafc ph\u1ee5c b\u1ec7nh hen suy\u1ec5n<\/label><\/span><span class=\"elementor-field-option\"><input type=\"checkbox\" value=\"ASME Training Inquiry\" id=\"form-field-message-7\" name=\"form_fields[message][]\"> <label for=\"form-field-message-7\">Y\u00eau c\u1ea7u \u0111\u00e0o t\u1ea1o ASME<\/label><\/span><span class=\"elementor-field-option\"><input type=\"checkbox\" value=\"Asthma Education and Training\" id=\"form-field-message-8\" name=\"form_fields[message][]\"> <label for=\"form-field-message-8\">Gi\u00e1o d\u1ee5c v\u00e0 \u0110\u00e0o t\u1ea1o v\u1ec1 Hen suy\u1ec5n<\/label><\/span><span class=\"elementor-field-option\"><input type=\"checkbox\" value=\"Other\" id=\"form-field-message-9\" name=\"form_fields[message][]\"> <label for=\"form-field-message-9\">Kh\u00e1c<\/label><\/span><\/div>\t\t\t\t<\/div>\n\t\t\t\t\t\t\t\t<div class=\"elementor-field-type-textarea elementor-field-group elementor-column elementor-field-group-field_41bc21d elementor-col-100\">\n\t\t\t\t\t\t\t\t\t\t\t\t<label for=\"form-field-field_41bc21d\" class=\"elementor-field-label\">\n\t\t\t\t\t\t\t\tTh\u00f4ng \u0111i\u1ec7p \t\t\t\t\t\t\t<\/label>\n\t\t\t\t\t\t<textarea class=\"elementor-field-textual elementor-field  elementor-size-sm\" name=\"form_fields[field_41bc21d]\" id=\"form-field-field_41bc21d\" rows=\"3\" placeholder=\"T\u00f9y ch\u1ecdn\"><\/textarea>\t\t\t\t<\/div>\n\t\t\t\t\t\t\t\t<div class=\"elementor-field-type-upload elementor-field-group elementor-column elementor-field-group-field_7b09c86 elementor-col-100\">\n\t\t\t\t\t\t\t\t\t\t\t\t<label for=\"form-field-field_7b09c86\" class=\"elementor-field-label\">\n\t\t\t\t\t\t\t\tPh\u1ee5 l\u1ee5c\t\t\t\t\t\t\t<\/label>\n\t\t\t\t\t\t\t\t<input type=\"file\" name=\"form_fields[field_7b09c86][]\" id=\"form-field-field_7b09c86\" class=\"elementor-field elementor-size-sm  elementor-upload-field\" multiple=\"multiple\">\n\n\t\t\t\t\t\t<\/div>\n\t\t\t\t\t\t\t\t<div class=\"elementor-field-type-recaptcha_v3 elementor-field-group elementor-column elementor-field-group-field_9e208e5 elementor-col-100 recaptcha_v3-inline\">\n\t\t\t\t\t<div class=\"elementor-field\" id=\"form-field-field_9e208e5\"><div class=\"elementor-g-recaptcha\" data-sitekey=\"6LePn-UqAAAAANPEHEeNJH6HwjzLj6Rs4_SC2rSZ\" data-type=\"v3\" data-action=\"Form\" data-badge=\"inline\" data-size=\"invisible\"><\/div><\/div>\t\t\t\t<\/div>\n\t\t\t\t\t\t\t\t<div class=\"elementor-field-group elementor-column elementor-field-type-submit elementor-col-100 e-form__buttons\">\n\t\t\t\t\t<button class=\"elementor-button elementor-size-md\" type=\"submit\">\n\t\t\t\t\t\t<span class=\"elementor-button-content-wrapper\">\n\t\t\t\t\t\t\t\t\t\t\t\t\t\t\t\t\t\t\t\t\t\t<span class=\"elementor-button-text\">G\u1eedi<\/span>\n\t\t\t\t\t\t\t\t\t\t\t\t\t<\/span>\n\t\t\t\t\t<\/button>\n\t\t\t\t<\/div>\n\t\t\t<\/div>\n\t\t<input type=\"hidden\" name=\"trp-form-language\" value=\"vi\"\/><\/form>\n\t\t\t\t\t\t<\/div>\n\t\t\t\t<\/div>\n\t\t\t\t\t<\/div>\n\t\t<\/div>\n\t\t\t\t\t<\/div>\n\t\t<\/section>\n\t\t\t\t<\/div>","protected":false},"excerpt":{"rendered":"<p>Li\u00ean h\u1ec7 v\u1edbi ch\u00fang t\u00f4i<\/p>","protected":false},"author":1,"featured_media":0,"parent":0,"menu_order":0,"comment_status":"closed","ping_status":"closed","template":"","meta":{"footnotes":""},"class_list":["post-637","page","type-page","status-publish","hentry"],"yoast_head":"<!-- This site is optimized with the Yoast SEO plugin v26.4 - https:\/\/yoast.com\/wordpress\/plugins\/seo\/ -->\n<title>Contact &#8211; New York State Childrens Asthma Initiative<\/title>\n<meta name=\"description\" content=\"Please contact us if you are interested in working with the New York State Children&#039;s Asthma Initiative.\" \/>\n<meta name=\"robots\" content=\"index, follow, max-snippet:-1, max-image-preview:large, max-video-preview:-1\" \/>\n<link rel=\"canonical\" href=\"https:\/\/nyschildrensasthma.org\/vi\/contact\/\" \/>\n<meta property=\"og:locale\" content=\"vi_VN\" \/>\n<meta property=\"og:type\" content=\"article\" \/>\n<meta property=\"og:title\" content=\"Contact &#8211; New York State Childrens Asthma Initiative\" \/>\n<meta property=\"og:description\" content=\"Please contact us if you are interested in working with the New York State Children&#039;s Asthma Initiative.\" \/>\n<meta property=\"og:url\" content=\"https:\/\/nyschildrensasthma.org\/vi\/contact\/\" \/>\n<meta property=\"og:site_name\" content=\"New York State Childrens Asthma Initiative\" \/>\n<meta property=\"article:modified_time\" content=\"2026-02-13T20:17:21+00:00\" \/>\n<meta property=\"og:image\" content=\"https:\/\/nyschildrensasthma.org\/wp-content\/uploads\/2023\/08\/FY23-NYS-CAI-Logo_Horiz_Digital-e1692113998994.png\" \/>\n\t<meta property=\"og:image:width\" content=\"544\" \/>\n\t<meta property=\"og:image:height\" content=\"141\" \/>\n\t<meta property=\"og:image:type\" content=\"image\/png\" \/>\n<meta name=\"twitter:card\" content=\"summary_large_image\" \/>\n<meta name=\"twitter:label1\" content=\"\u01af\u1edbc t\u00ednh th\u1eddi gian \u0111\u1ecdc\" \/>\n\t<meta name=\"twitter:data1\" content=\"1 ph\u00fat\" \/>\n<script type=\"application\/ld+json\" class=\"yoast-schema-graph\">{\"@context\":\"https:\/\/schema.org\",\"@graph\":[{\"@type\":\"WebPage\",\"@id\":\"https:\/\/nyschildrensasthma.org\/en\/contact\/\",\"url\":\"https:\/\/nyschildrensasthma.org\/en\/contact\/\",\"name\":\"Contact &#8211; New York State Childrens Asthma Initiative\",\"isPartOf\":{\"@id\":\"https:\/\/nyschildrensasthmainitiative.com\/#website\"},\"datePublished\":\"2023-08-24T19:23:49+00:00\",\"dateModified\":\"2026-02-13T20:17:21+00:00\",\"description\":\"Please contact us if you are interested in working with the New York State Children's Asthma Initiative.\",\"breadcrumb\":{\"@id\":\"https:\/\/nyschildrensasthma.org\/en\/contact\/#breadcrumb\"},\"inLanguage\":\"vi\",\"potentialAction\":[{\"@type\":\"ReadAction\",\"target\":[\"https:\/\/nyschildrensasthma.org\/en\/contact\/\"]}]},{\"@type\":\"BreadcrumbList\",\"@id\":\"https:\/\/nyschildrensasthma.org\/en\/contact\/#breadcrumb\",\"itemListElement\":[{\"@type\":\"ListItem\",\"position\":1,\"name\":\"Home\",\"item\":\"https:\/\/nyschildrensasthma.org\/\"},{\"@type\":\"ListItem\",\"position\":2,\"name\":\"Contact\"}]},{\"@type\":\"WebSite\",\"@id\":\"https:\/\/nyschildrensasthmainitiative.com\/#website\",\"url\":\"https:\/\/nyschildrensasthmainitiative.com\/\",\"name\":\"New York State Children's Asthma Initiative\",\"description\":\"Providing guidelines-based care for schools and children with asthma in New York State\",\"publisher\":{\"@id\":\"https:\/\/nyschildrensasthmainitiative.com\/#organization\"},\"potentialAction\":[{\"@type\":\"SearchAction\",\"target\":{\"@type\":\"EntryPoint\",\"urlTemplate\":\"https:\/\/nyschildrensasthmainitiative.com\/?s={search_term_string}\"},\"query-input\":{\"@type\":\"PropertyValueSpecification\",\"valueRequired\":true,\"valueName\":\"search_term_string\"}}],\"inLanguage\":\"vi\"},{\"@type\":\"Organization\",\"@id\":\"https:\/\/nyschildrensasthmainitiative.com\/#organization\",\"name\":\"New York State Children's Asthma Initiative\",\"url\":\"https:\/\/nyschildrensasthmainitiative.com\/\",\"logo\":{\"@type\":\"ImageObject\",\"inLanguage\":\"vi\",\"@id\":\"https:\/\/nyschildrensasthmainitiative.com\/#\/schema\/logo\/image\/\",\"url\":\"https:\/\/nyschildrensasthma.org\/wp-content\/uploads\/2023\/08\/cropped-FY23-NYS-CAI-Logo_Horiz_Digital-e1692113998994.png\",\"contentUrl\":\"https:\/\/nyschildrensasthma.org\/wp-content\/uploads\/2023\/08\/cropped-FY23-NYS-CAI-Logo_Horiz_Digital-e1692113998994.png\",\"width\":544,\"height\":141,\"caption\":\"New York State Children's Asthma Initiative\"},\"image\":{\"@id\":\"https:\/\/nyschildrensasthmainitiative.com\/#\/schema\/logo\/image\/\"}}]}<\/script>\n<!-- \/ Yoast SEO plugin. -->","yoast_head_json":{"title":"Li\u00ean h\u1ec7 \u2013 Ch\u01b0\u01a1ng tr\u00ecnh Ph\u00f2ng ch\u1ed1ng Hen suy\u1ec5n cho Tr\u1ebb em c\u1ee7a Bang New York","description":"Vui l\u00f2ng li\u00ean h\u1ec7 v\u1edbi ch\u00fang t\u00f4i n\u1ebfu qu\u00fd v\u1ecb quan t\u00e2m \u0111\u1ebfn vi\u1ec7c h\u1ee3p t\u00e1c v\u1edbi Ch\u01b0\u01a1ng tr\u00ecnh Ph\u00f2ng ch\u1ed1ng Hen suy\u1ec5n Tr\u1ebb em c\u1ee7a Bang New York.","robots":{"index":"index","follow":"follow","max-snippet":"max-snippet:-1","max-image-preview":"max-image-preview:large","max-video-preview":"max-video-preview:-1"},"canonical":"https:\/\/nyschildrensasthma.org\/vi\/contact\/","og_locale":"vi_VN","og_type":"article","og_title":"Contact &#8211; New York State Childrens Asthma Initiative","og_description":"Please contact us if you are interested in working with the New York State Children's Asthma Initiative.","og_url":"https:\/\/nyschildrensasthma.org\/vi\/contact\/","og_site_name":"New York State Childrens Asthma Initiative","article_modified_time":"2026-02-13T20:17:21+00:00","og_image":[{"width":544,"height":141,"url":"https:\/\/nyschildrensasthma.org\/wp-content\/uploads\/2023\/08\/FY23-NYS-CAI-Logo_Horiz_Digital-e1692113998994.png","type":"image\/png"}],"twitter_card":"summary_large_image","twitter_misc":{"\u01af\u1edbc t\u00ednh th\u1eddi gian \u0111\u1ecdc":"1 ph\u00fat"},"schema":{"@context":"https:\/\/schema.org","@graph":[{"@type":"WebPage","@id":"https:\/\/nyschildrensasthma.org\/en\/contact\/","url":"https:\/\/nyschildrensasthma.org\/en\/contact\/","name":"Li\u00ean h\u1ec7 \u2013 Ch\u01b0\u01a1ng tr\u00ecnh Ph\u00f2ng ch\u1ed1ng Hen suy\u1ec5n cho Tr\u1ebb em c\u1ee7a Bang New York","isPartOf":{"@id":"https:\/\/nyschildrensasthmainitiative.com\/#website"},"datePublished":"2023-08-24T19:23:49+00:00","dateModified":"2026-02-13T20:17:21+00:00","description":"Vui l\u00f2ng li\u00ean h\u1ec7 v\u1edbi ch\u00fang t\u00f4i n\u1ebfu qu\u00fd v\u1ecb quan t\u00e2m \u0111\u1ebfn vi\u1ec7c h\u1ee3p t\u00e1c v\u1edbi Ch\u01b0\u01a1ng tr\u00ecnh Ph\u00f2ng ch\u1ed1ng Hen suy\u1ec5n Tr\u1ebb em c\u1ee7a Bang New York.","breadcrumb":{"@id":"https:\/\/nyschildrensasthma.org\/en\/contact\/#breadcrumb"},"inLanguage":"vi","potentialAction":[{"@type":"ReadAction","target":["https:\/\/nyschildrensasthma.org\/en\/contact\/"]}]},{"@type":"BreadcrumbList","@id":"https:\/\/nyschildrensasthma.org\/en\/contact\/#breadcrumb","itemListElement":[{"@type":"ListItem","position":1,"name":"Home","item":"https:\/\/nyschildrensasthma.org\/"},{"@type":"ListItem","position":2,"name":"Contact"}]},{"@type":"WebSite","@id":"https:\/\/nyschildrensasthmainitiative.com\/#website","url":"https:\/\/nyschildrensasthmainitiative.com\/","name":"Ch\u01b0\u01a1ng tr\u00ecnh Ph\u00f2ng ch\u1ed1ng Hen suy\u1ec5n cho Tr\u1ebb em c\u1ee7a Bang New York","description":"Cung c\u1ea5p d\u1ecbch v\u1ee5 ch\u0103m s\u00f3c d\u1ef1a tr\u00ean h\u01b0\u1edbng d\u1eabn cho c\u00e1c tr\u01b0\u1eddng h\u1ecdc v\u00e0 tr\u1ebb em b\u1ecb hen suy\u1ec5n t\u1ea1i Bang New York.","publisher":{"@id":"https:\/\/nyschildrensasthmainitiative.com\/#organization"},"potentialAction":[{"@type":"SearchAction","target":{"@type":"EntryPoint","urlTemplate":"https:\/\/nyschildrensasthmainitiative.com\/?s={search_term_string}"},"query-input":{"@type":"PropertyValueSpecification","valueRequired":true,"valueName":"search_term_string"}}],"inLanguage":"vi"},{"@type":"Organization","@id":"https:\/\/nyschildrensasthmainitiative.com\/#organization","name":"Ch\u01b0\u01a1ng tr\u00ecnh Ph\u00f2ng ch\u1ed1ng Hen suy\u1ec5n cho Tr\u1ebb em c\u1ee7a Bang New York","url":"https:\/\/nyschildrensasthmainitiative.com\/","logo":{"@type":"ImageObject","inLanguage":"vi","@id":"https:\/\/nyschildrensasthmainitiative.com\/#\/schema\/logo\/image\/","url":"https:\/\/nyschildrensasthma.org\/wp-content\/uploads\/2023\/08\/cropped-FY23-NYS-CAI-Logo_Horiz_Digital-e1692113998994.png","contentUrl":"https:\/\/nyschildrensasthma.org\/wp-content\/uploads\/2023\/08\/cropped-FY23-NYS-CAI-Logo_Horiz_Digital-e1692113998994.png","width":544,"height":141,"caption":"New York State Children's Asthma Initiative"},"image":{"@id":"https:\/\/nyschildrensasthmainitiative.com\/#\/schema\/logo\/image\/"}}]}},"_links":{"self":[{"href":"https:\/\/nyschildrensasthma.org\/vi\/wp-json\/wp\/v2\/pages\/637","targetHints":{"allow":["GET"]}}],"collection":[{"href":"https:\/\/nyschildrensasthma.org\/vi\/wp-json\/wp\/v2\/pages"}],"about":[{"href":"https:\/\/nyschildrensasthma.org\/vi\/wp-json\/wp\/v2\/types\/page"}],"author":[{"embeddable":true,"href":"https:\/\/nyschildrensasthma.org\/vi\/wp-json\/wp\/v2\/users\/1"}],"replies":[{"embeddable":true,"href":"https:\/\/nyschildrensasthma.org\/vi\/wp-json\/wp\/v2\/comments?post=637"}],"version-history":[{"count":25,"href":"https:\/\/nyschildrensasthma.org\/vi\/wp-json\/wp\/v2\/pages\/637\/revisions"}],"predecessor-version":[{"id":6734,"href":"https:\/\/nyschildrensasthma.org\/vi\/wp-json\/wp\/v2\/pages\/637\/revisions\/6734"}],"wp:attachment":[{"href":"https:\/\/nyschildrensasthma.org\/vi\/wp-json\/wp\/v2\/media?parent=637"}],"curies":[{"name":"wp","href":"https:\/\/api.w.org\/{rel}","templated":true}]}}