{"id":5856,"date":"2025-06-05T15:47:36","date_gmt":"2025-06-05T15:47:36","guid":{"rendered":"https:\/\/nyschildrensasthma.org\/?page_id=5856"},"modified":"2025-10-28T14:50:34","modified_gmt":"2025-10-28T14:50:34","slug":"nyspcap-participantobjectives","status":"publish","type":"page","link":"https:\/\/nyschildrensasthma.org\/pl\/nyspcap-participantobjectives\/","title":{"rendered":"Cele uczestnik\u00f3w programu NYS PCAP"},"content":{"rendered":"<div data-elementor-type=\"wp-post\" data-elementor-id=\"5856\" class=\"elementor elementor-5856\" data-elementor-post-type=\"page\">\n\t\t\t\t\t\t<section class=\"elementor-section elementor-top-section elementor-element elementor-element-b430b58 elementor-section-boxed elementor-section-height-default elementor-section-height-default\" data-id=\"b430b58\" data-element_type=\"section\" data-e-type=\"section\" data-settings=\"{&quot;background_background&quot;:&quot;classic&quot;}\">\n\t\t\t\t\t\t<div class=\"elementor-container elementor-column-gap-default\">\n\t\t\t\t\t<div class=\"elementor-column elementor-col-100 elementor-top-column elementor-element elementor-element-62a7e7a3\" data-id=\"62a7e7a3\" data-element_type=\"column\" data-e-type=\"column\">\n\t\t\t<div class=\"elementor-widget-wrap elementor-element-populated\">\n\t\t\t\t\t\t<section class=\"elementor-section elementor-inner-section elementor-element elementor-element-7ffc4bc5 elementor-section-boxed elementor-section-height-default elementor-section-height-default\" data-id=\"7ffc4bc5\" data-element_type=\"section\" data-e-type=\"section\">\n\t\t\t\t\t\t<div class=\"elementor-container elementor-column-gap-default\">\n\t\t\t\t\t<div class=\"elementor-column elementor-col-100 elementor-inner-column elementor-element elementor-element-17795bdf\" data-id=\"17795bdf\" data-element_type=\"column\" data-e-type=\"column\">\n\t\t\t<div class=\"elementor-widget-wrap elementor-element-populated\">\n\t\t\t\t\t\t<div class=\"elementor-element elementor-element-a9e2318 elementor-widget elementor-widget-heading\" data-id=\"a9e2318\" data-element_type=\"widget\" data-e-type=\"widget\" data-widget_type=\"heading.default\">\n\t\t\t\t<div class=\"elementor-widget-container\">\n\t\t\t\t\t<h2 class=\"elementor-heading-title elementor-size-default\">Udzia\u0142 w programie NYS PCAP<\/h2>\t\t\t\t<\/div>\n\t\t\t\t<\/div>\n\t\t\t\t<div class=\"elementor-element elementor-element-b3dd8da elementor-widget elementor-widget-text-editor\" data-id=\"b3dd8da\" data-element_type=\"widget\" data-e-type=\"widget\" data-widget_type=\"text-editor.default\">\n\t\t\t\t<div class=\"elementor-widget-container\">\n\t\t\t\t\t\t\t\t\t<p>NYS PCAP ma na celu poszerzenie wiedzy PCP na temat \u015bwiadczenia opartej na wytycznych opieki nad dzie\u0107mi i doros\u0142ymi z astm\u0105 w ca\u0142ym stanie Nowy Jork. Spe\u0142nienie czterech cel\u00f3w NYS PCAP da ci podstawy potrzebne do rozpocz\u0119cia \u015bwiadczenia opieki nad astm\u0105 w twoich praktykach.<\/p>\t\t\t\t\t\t\t\t<\/div>\n\t\t\t\t<\/div>\n\t\t\t\t\t<\/div>\n\t\t<\/div>\n\t\t\t\t\t<\/div>\n\t\t<\/section>\n\t\t\t\t\t<\/div>\n\t\t<\/div>\n\t\t\t\t\t<\/div>\n\t\t<\/section>\n\t\t\t\t<section class=\"elementor-section elementor-top-section elementor-element elementor-element-35ba92a elementor-hidden-tablet elementor-hidden-mobile elementor-section-boxed elementor-section-height-default elementor-section-height-default\" data-id=\"35ba92a\" data-element_type=\"section\" data-e-type=\"section\" data-settings=\"{&quot;background_background&quot;:&quot;classic&quot;}\">\n\t\t\t\t\t\t\t<div class=\"elementor-background-overlay\"><\/div>\n\t\t\t\t\t\t\t<div class=\"elementor-container elementor-column-gap-default\">\n\t\t\t\t\t<div class=\"elementor-column elementor-col-100 elementor-top-column elementor-element elementor-element-a38525c\" data-id=\"a38525c\" data-element_type=\"column\" data-e-type=\"column\">\n\t\t\t<div class=\"elementor-widget-wrap elementor-element-populated\">\n\t\t\t\t\t\t<div class=\"elementor-element elementor-element-d317a87 elementor-widget__width-initial elementor-widget elementor-widget-heading\" data-id=\"d317a87\" data-element_type=\"widget\" data-e-type=\"widget\" data-widget_type=\"heading.default\">\n\t\t\t\t<div class=\"elementor-widget-container\">\n\t\t\t\t\t<h2 class=\"elementor-heading-title elementor-size-default\">Lepsze zrozumienie\nZarz\u0105dzanie astm\u0105 w oparciu o wytyczne<\/h2>\t\t\t\t<\/div>\n\t\t\t\t<\/div>\n\t\t\t\t<div class=\"elementor-element elementor-element-e875dd2 elementor-widget elementor-widget-image\" data-id=\"e875dd2\" data-element_type=\"widget\" data-e-type=\"widget\" data-widget_type=\"image.default\">\n\t\t\t\t<div class=\"elementor-widget-container\">\n\t\t\t\t\t\t\t\t\t\t\t\t\t\t\t<img fetchpriority=\"high\" decoding=\"async\" width=\"1024\" height=\"768\" src=\"https:\/\/nyschildrensasthma.org\/wp-content\/uploads\/2025\/08\/nyspcap.png\" class=\"attachment-full size-full wp-image-6237\" alt=\"\" srcset=\"https:\/\/nyschildrensasthma.org\/wp-content\/uploads\/2025\/08\/nyspcap.png 1024w, https:\/\/nyschildrensasthma.org\/wp-content\/uploads\/2025\/08\/nyspcap-300x225.png 300w, https:\/\/nyschildrensasthma.org\/wp-content\/uploads\/2025\/08\/nyspcap-768x576.png 768w\" sizes=\"(max-width: 1024px) 100vw, 1024px\" \/>\t\t\t\t\t\t\t\t\t\t\t\t\t\t\t<\/div>\n\t\t\t\t<\/div>\n\t\t\t\t\t<\/div>\n\t\t<\/div>\n\t\t\t\t\t<\/div>\n\t\t<\/section>\n\t\t<div class=\"elementor-element elementor-element-84a9401 e-flex e-con-boxed e-con e-parent\" data-id=\"84a9401\" data-element_type=\"container\" data-e-type=\"container\" data-settings=\"{&quot;background_background&quot;:&quot;classic&quot;}\">\n\t\t\t\t\t<div class=\"e-con-inner\">\n\t\t\t\t<div class=\"elementor-element elementor-element-7637aa8 elementor-widget elementor-widget-heading\" data-id=\"7637aa8\" data-element_type=\"widget\" data-e-type=\"widget\" data-widget_type=\"heading.default\">\n\t\t\t\t<div class=\"elementor-widget-container\">\n\t\t\t\t\t<h2 class=\"elementor-heading-title elementor-size-default\">Sk\u0142adniki NYS PCAP<\/h2>\t\t\t\t<\/div>\n\t\t\t\t<\/div>\n\t\t\t\t<div class=\"elementor-element elementor-element-a6af35d elementor-widget elementor-widget-heading\" data-id=\"a6af35d\" data-element_type=\"widget\" data-e-type=\"widget\" data-widget_type=\"heading.default\">\n\t\t\t\t<div class=\"elementor-widget-container\">\n\t\t\t\t\t<h3 class=\"elementor-heading-title elementor-size-default\">Dzie\u0144 obserwacji<\/h3>\t\t\t\t<\/div>\n\t\t\t\t<\/div>\n\t\t\t\t<div class=\"elementor-element elementor-element-481a402 elementor-widget elementor-widget-text-editor\" data-id=\"481a402\" data-element_type=\"widget\" data-e-type=\"widget\" data-widget_type=\"text-editor.default\">\n\t\t\t\t<div class=\"elementor-widget-container\">\n\t\t\t\t\t\t\t\t\t<p><strong>Sesja wprowadzaj\u0105ca:<\/strong> Dzie\u0144 Obserwacji NYS PCAP rozpoczyna si\u0119 30-minutow\u0105 sesj\u0105 wprowadzaj\u0105c\u0105 z udzia\u0142em kandydata i przydzielonego mu opiekuna.  Preceptor dokona wprowadzenia, nakre\u015bli cele i za\u0142o\u017cenia programu oraz dokona przegl\u0105du zestawu narz\u0119dzi i materia\u0142\u00f3w.  W tym czasie zostanie wype\u0142niony test wst\u0119pny.<\/p><p><strong>Wizyty pacjent\u00f3w: <\/strong>B\u0119dziesz \u201cobserwowa\u0107\u201d osob\u0119 prowadz\u0105c\u0105 podczas wizyt pacjent\u00f3w z astm\u0105.  Odb\u0119dzie si\u0119 \u015brednio od pi\u0119ciu do o\u015bmiu wizyt, w tym wizyty nowych pacjent\u00f3w i wizyty kontrolne. Pomi\u0119dzy wizytami lekarz prowadz\u0105cy przegl\u0105da istotne informacje i \u0142\u0105czy wizyty z astm\u0105.<br \/>zarz\u0105dzanie opiek\u0105.<\/p><p><strong>Sesja podsumowuj\u0105ca:<\/strong> Dzie\u0144 obserwacji NYS PCAP ko\u0144czy si\u0119 30-45-minutow\u0105 sesj\u0105 podsumowuj\u0105c\u0105. Ty i preceptor spotykacie si\u0119 ponownie, aby om\u00f3wi\u0107 do\u015bwiadczenie shadowingu, odpowiedzie\u0107 na pytania i wype\u0142ni\u0107 post-test. Wyniki test\u00f3w wst\u0119pnych i ko\u0144cowych zostan\u0105 om\u00f3wione.<\/p><p><em>Ca\u0142kowity czas: Oko\u0142o 4 godzin<\/em><\/p>\t\t\t\t\t\t\t\t<\/div>\n\t\t\t\t<\/div>\n\t\t\t\t<div class=\"elementor-element elementor-element-1a23f13 elementor-widget elementor-widget-heading\" data-id=\"1a23f13\" data-element_type=\"widget\" data-e-type=\"widget\" data-widget_type=\"heading.default\">\n\t\t\t\t<div class=\"elementor-widget-container\">\n\t\t\t\t\t<h3 class=\"elementor-heading-title elementor-size-default\">Dzia\u0142ania po dniu obserwacji<\/h3>\t\t\t\t<\/div>\n\t\t\t\t<\/div>\n\t\t\t\t<div class=\"elementor-element elementor-element-9779981 elementor-widget elementor-widget-text-editor\" data-id=\"9779981\" data-element_type=\"widget\" data-e-type=\"widget\" data-widget_type=\"text-editor.default\">\n\t\t\t\t<div class=\"elementor-widget-container\">\n\t\t\t\t\t\t\t\t\t<p><strong>Strategia leczenia astmy oparta na wytycznych:<\/strong> B\u0119dziesz wsp\u00f3\u0142pracowa\u0107 ze swoim opiekunem, aby wybra\u0107 jedn\u0105 strategi\u0119 leczenia astmy opart\u0105 na wytycznych, kt\u00f3r\u0105 zaczniesz wdra\u017ca\u0107 w swojej praktyce. Otrzymasz r\u00f3wnie\u017c ankiet\u0119 kontroln\u0105 6 miesi\u0119cy po dniu obserwacji, aby oceni\u0107 wdro\u017cenie wybranej strategii.<\/p><p><strong>Kontynuacja:<\/strong> Ze wszystkimi uczestnikami prowadzone s\u0105 dzia\u0142ania nast\u0119pcze w celu zapewnienia dodatkowego wsparcia w zakresie \u015bwiadczenia opieki nad chorymi na astm\u0119 w oparciu o wytyczne oraz w celu okre\u015blenia skuteczno\u015bci programu. Preceptorzy s\u0105 dost\u0119pni do komunikacji po zako\u0144czeniu programu, a webinaria dotycz\u0105ce pomocy technicznej b\u0119d\u0105 organizowane co kwarta\u0142 dla wszystkich uczestnik\u00f3w.<\/p>\t\t\t\t\t\t\t\t<\/div>\n\t\t\t\t<\/div>\n\t\t\t\t\t<\/div>\n\t\t\t\t<\/div>\n\t\t\t\t<section class=\"elementor-section elementor-top-section elementor-element elementor-element-3ef7dc2 elementor-section-boxed elementor-section-height-default elementor-section-height-default\" data-id=\"3ef7dc2\" data-element_type=\"section\" data-e-type=\"section\">\n\t\t\t\t\t\t<div class=\"elementor-container elementor-column-gap-default\">\n\t\t\t\t\t<div class=\"elementor-column elementor-col-50 elementor-top-column elementor-element elementor-element-c135d51\" data-id=\"c135d51\" data-element_type=\"column\" data-e-type=\"column\" data-settings=\"{&quot;background_background&quot;:&quot;classic&quot;}\">\n\t\t\t<div class=\"elementor-widget-wrap elementor-element-populated\">\n\t\t\t\t\t\t<div class=\"elementor-element elementor-element-f0c1bbb elementor-widget elementor-widget-text-editor\" data-id=\"f0c1bbb\" data-element_type=\"widget\" data-e-type=\"widget\" data-widget_type=\"text-editor.default\">\n\t\t\t\t<div class=\"elementor-widget-container\">\n\t\t\t\t\t\t\t\t\t<p><strong>Kwalifikowalno\u015b\u0107 uczestnik\u00f3w:<\/strong><\/p><p>Do udzia\u0142u w programie kwalifikuj\u0105 si\u0119 lekarze POZ, tacy jak pediatrzy, lekarze rodzinni i lekarze pierwszego kontaktu, piel\u0119gniarki i asystenci lekarzy.\u00a0<\/p><p><strong>Zach\u0119ty dla uczestnik\u00f3w:<\/strong><\/p><p>Uczestnicy mog\u0105 otrzyma\u0107 $400 za uko\u0144czenie programu ORAZ otrzyma\u0107 certyfikat uko\u0144czenia programu zatwierdzonego przez Departament Zdrowia Stanu Nowy Jork (NYSDOH) i American Lung Association.<\/p>\t\t\t\t\t\t\t\t<\/div>\n\t\t\t\t<\/div>\n\t\t\t\t\t<\/div>\n\t\t<\/div>\n\t\t\t\t<div class=\"elementor-column elementor-col-50 elementor-top-column elementor-element elementor-element-9e28d48\" data-id=\"9e28d48\" data-element_type=\"column\" data-e-type=\"column\">\n\t\t\t<div class=\"elementor-widget-wrap elementor-element-populated\">\n\t\t\t\t\t\t<div class=\"elementor-element elementor-element-80c7e5b elementor-widget elementor-widget-heading\" data-id=\"80c7e5b\" data-element_type=\"widget\" data-e-type=\"widget\" data-widget_type=\"heading.default\">\n\t\t\t\t<div class=\"elementor-widget-container\">\n\t\t\t\t\t<h3 class=\"elementor-heading-title elementor-size-default\">Gotowy do rejestracji?<\/h3>\t\t\t\t<\/div>\n\t\t\t\t<\/div>\n\t\t\t\t<div class=\"elementor-element elementor-element-bcd0a34 elementor-widget__width-initial elementor-widget-tablet__width-inherit elementor-widget elementor-widget-text-editor\" data-id=\"bcd0a34\" data-element_type=\"widget\" data-e-type=\"widget\" data-widget_type=\"text-editor.default\">\n\t\t\t\t<div class=\"elementor-widget-container\">\n\t\t\t\t\t\t\t\t\t<p>Prosimy o wype\u0142nienie Formularza Rejestracji Uczestnika, je\u015bli s\u0105 Pa\u0144stwo zainteresowani udzia\u0142em w Programie Preceptorskim Podstawowej Opieki Zdrowotnej (PCAP) w stanie Nowy Jork. PCAP ma obecnie preceptor\u00f3w zlokalizowanych w regionach Hudson Valley, Central New York, Western New York, Long Island i New York City.\u00a0<\/p>\t\t\t\t\t\t\t\t<\/div>\n\t\t\t\t<\/div>\n\t\t\t\t<div class=\"elementor-element elementor-element-5f5712c elementor-align-left elementor-button-info elementor-widget elementor-widget-button\" data-id=\"5f5712c\" data-element_type=\"widget\" data-e-type=\"widget\" data-widget_type=\"button.default\">\n\t\t\t\t<div class=\"elementor-widget-container\">\n\t\t\t\t\t\t\t\t\t<div class=\"elementor-button-wrapper\">\n\t\t\t\t\t<a class=\"elementor-button elementor-button-link elementor-size-sm\" href=\"https:\/\/forms.office.com\/Pages\/ResponsePage.aspx?id=ksbAgTjUaU6Q88DyyIpOxzA4F6k1Ht9Nj9vhfWGKKpFUREtIVjhURTBTRFEyM01QTlE3WEpKTE5STC4u\" target=\"_blank\" id=\"tracked-button\">\n\t\t\t\t\t\t<span class=\"elementor-button-content-wrapper\">\n\t\t\t\t\t\t\t\t\t<span class=\"elementor-button-text\">Formularz rejestracyjny uczestnika PCAP PCP<\/span>\n\t\t\t\t\t<\/span>\n\t\t\t\t\t<\/a>\n\t\t\t\t<\/div>\n\t\t\t\t\t\t\t\t<\/div>\n\t\t\t\t<\/div>\n\t\t\t\t\t<\/div>\n\t\t<\/div>\n\t\t\t\t\t<\/div>\n\t\t<\/section>\n\t\t\t\t<\/div>","protected":false},"excerpt":{"rendered":"<p>Participate in the NYS PCAP NYS PCAP aims to expand expertise among PCPs on the delivery of guidelines-based asthma care to children and adults across New York State. Meeting NYS PCAP&#8217;s four objectives will give you the foundation needed to begin delivering asthma care in your practices. Enhance Your Understanding of Guidelines-Based Asthma Management NYS [&hellip;]<\/p>","protected":false},"author":1,"featured_media":0,"parent":0,"menu_order":0,"comment_status":"closed","ping_status":"closed","template":"","meta":{"footnotes":""},"class_list":["post-5856","page","type-page","status-publish","hentry"],"yoast_head":"<!-- This site is optimized with the Yoast SEO plugin v26.4 - https:\/\/yoast.com\/wordpress\/plugins\/seo\/ -->\n<title>NYS PCAP Participant Objectives &#8211; New York State Childrens Asthma Initiative<\/title>\n<meta name=\"description\" content=\"Project BREATHE NY aims to improve health outcomes and quality of life for children with asthma and reduce emergency visits among children.\" \/>\n<meta name=\"robots\" content=\"index, follow, max-snippet:-1, max-image-preview:large, max-video-preview:-1\" \/>\n<link rel=\"canonical\" href=\"https:\/\/nyschildrensasthma.org\/pl\/nyspcap-participantobjectives\/\" \/>\n<meta property=\"og:locale\" content=\"pl_PL\" \/>\n<meta property=\"og:type\" content=\"article\" \/>\n<meta property=\"og:title\" content=\"NYS PCAP Participant Objectives &#8211; New York State Childrens Asthma Initiative\" \/>\n<meta property=\"og:description\" content=\"Project BREATHE NY aims to improve health outcomes and quality of life for children with asthma and reduce emergency visits among children.\" \/>\n<meta property=\"og:url\" content=\"https:\/\/nyschildrensasthma.org\/pl\/nyspcap-participantobjectives\/\" \/>\n<meta property=\"og:site_name\" content=\"New York State Childrens Asthma Initiative\" \/>\n<meta property=\"article:modified_time\" content=\"2025-10-28T14:50:34+00:00\" \/>\n<meta property=\"og:image\" content=\"https:\/\/nyschildrensasthma.org\/wp-content\/uploads\/2025\/08\/nyspcap.png\" \/>\n\t<meta property=\"og:image:width\" content=\"1024\" \/>\n\t<meta property=\"og:image:height\" content=\"768\" \/>\n\t<meta property=\"og:image:type\" content=\"image\/png\" \/>\n<meta name=\"twitter:card\" content=\"summary_large_image\" \/>\n<meta name=\"twitter:label1\" content=\"Szacowany czas czytania\" \/>\n\t<meta name=\"twitter:data1\" content=\"2 minuty\" \/>\n<script type=\"application\/ld+json\" class=\"yoast-schema-graph\">{\"@context\":\"https:\/\/schema.org\",\"@graph\":[{\"@type\":\"WebPage\",\"@id\":\"https:\/\/nyschildrensasthma.org\/nyspcap-participantobjectives\/\",\"url\":\"https:\/\/nyschildrensasthma.org\/nyspcap-participantobjectives\/\",\"name\":\"NYS PCAP Participant Objectives &#8211; New York State Childrens Asthma Initiative\",\"isPartOf\":{\"@id\":\"https:\/\/nyschildrensasthmainitiative.com\/#website\"},\"primaryImageOfPage\":{\"@id\":\"https:\/\/nyschildrensasthma.org\/nyspcap-participantobjectives\/#primaryimage\"},\"image\":{\"@id\":\"https:\/\/nyschildrensasthma.org\/nyspcap-participantobjectives\/#primaryimage\"},\"thumbnailUrl\":\"https:\/\/nyschildrensasthma.org\/wp-content\/uploads\/2025\/08\/nyspcap.png\",\"datePublished\":\"2025-06-05T15:47:36+00:00\",\"dateModified\":\"2025-10-28T14:50:34+00:00\",\"description\":\"Project BREATHE NY aims to improve health outcomes and quality of life for children with asthma and reduce emergency visits among children.\",\"breadcrumb\":{\"@id\":\"https:\/\/nyschildrensasthma.org\/nyspcap-participantobjectives\/#breadcrumb\"},\"inLanguage\":\"pl-PL\",\"potentialAction\":[{\"@type\":\"ReadAction\",\"target\":[\"https:\/\/nyschildrensasthma.org\/nyspcap-participantobjectives\/\"]}]},{\"@type\":\"ImageObject\",\"inLanguage\":\"pl-PL\",\"@id\":\"https:\/\/nyschildrensasthma.org\/nyspcap-participantobjectives\/#primaryimage\",\"url\":\"https:\/\/nyschildrensasthma.org\/wp-content\/uploads\/2025\/08\/nyspcap.png\",\"contentUrl\":\"https:\/\/nyschildrensasthma.org\/wp-content\/uploads\/2025\/08\/nyspcap.png\"},{\"@type\":\"BreadcrumbList\",\"@id\":\"https:\/\/nyschildrensasthma.org\/nyspcap-participantobjectives\/#breadcrumb\",\"itemListElement\":[{\"@type\":\"ListItem\",\"position\":1,\"name\":\"Home\",\"item\":\"https:\/\/nyschildrensasthma.org\/\"},{\"@type\":\"ListItem\",\"position\":2,\"name\":\"NYS PCAP Participant Objectives\"}]},{\"@type\":\"WebSite\",\"@id\":\"https:\/\/nyschildrensasthmainitiative.com\/#website\",\"url\":\"https:\/\/nyschildrensasthmainitiative.com\/\",\"name\":\"New York State Children's Asthma Initiative\",\"description\":\"Providing guidelines-based care for schools and children with asthma in New York State\",\"publisher\":{\"@id\":\"https:\/\/nyschildrensasthmainitiative.com\/#organization\"},\"potentialAction\":[{\"@type\":\"SearchAction\",\"target\":{\"@type\":\"EntryPoint\",\"urlTemplate\":\"https:\/\/nyschildrensasthmainitiative.com\/?s={search_term_string}\"},\"query-input\":{\"@type\":\"PropertyValueSpecification\",\"valueRequired\":true,\"valueName\":\"search_term_string\"}}],\"inLanguage\":\"pl-PL\"},{\"@type\":\"Organization\",\"@id\":\"https:\/\/nyschildrensasthmainitiative.com\/#organization\",\"name\":\"New York State Children's Asthma Initiative\",\"url\":\"https:\/\/nyschildrensasthmainitiative.com\/\",\"logo\":{\"@type\":\"ImageObject\",\"inLanguage\":\"pl-PL\",\"@id\":\"https:\/\/nyschildrensasthmainitiative.com\/#\/schema\/logo\/image\/\",\"url\":\"https:\/\/nyschildrensasthma.org\/wp-content\/uploads\/2023\/08\/cropped-FY23-NYS-CAI-Logo_Horiz_Digital-e1692113998994.png\",\"contentUrl\":\"https:\/\/nyschildrensasthma.org\/wp-content\/uploads\/2023\/08\/cropped-FY23-NYS-CAI-Logo_Horiz_Digital-e1692113998994.png\",\"width\":544,\"height\":141,\"caption\":\"New York State Children's Asthma Initiative\"},\"image\":{\"@id\":\"https:\/\/nyschildrensasthmainitiative.com\/#\/schema\/logo\/image\/\"}}]}<\/script>\n<!-- \/ Yoast SEO plugin. -->","yoast_head_json":{"title":"Cele uczestnik\u00f3w NYS PCAP - inicjatywa New York State Childrens Asthma Initiative","description":"Projekt BREATHE NY ma na celu popraw\u0119 wynik\u00f3w zdrowotnych i jako\u015bci \u017cycia dzieci z astm\u0105 oraz zmniejszenie liczby wizyt w nag\u0142ych wypadkach w\u015br\u00f3d dzieci.","robots":{"index":"index","follow":"follow","max-snippet":"max-snippet:-1","max-image-preview":"max-image-preview:large","max-video-preview":"max-video-preview:-1"},"canonical":"https:\/\/nyschildrensasthma.org\/pl\/nyspcap-participantobjectives\/","og_locale":"pl_PL","og_type":"article","og_title":"NYS PCAP Participant Objectives &#8211; New York State Childrens Asthma Initiative","og_description":"Project BREATHE NY aims to improve health outcomes and quality of life for children with asthma and reduce emergency visits among children.","og_url":"https:\/\/nyschildrensasthma.org\/pl\/nyspcap-participantobjectives\/","og_site_name":"New York State Childrens Asthma Initiative","article_modified_time":"2025-10-28T14:50:34+00:00","og_image":[{"width":1024,"height":768,"url":"https:\/\/nyschildrensasthma.org\/wp-content\/uploads\/2025\/08\/nyspcap.png","type":"image\/png"}],"twitter_card":"summary_large_image","twitter_misc":{"Szacowany czas czytania":"2 minuty"},"schema":{"@context":"https:\/\/schema.org","@graph":[{"@type":"WebPage","@id":"https:\/\/nyschildrensasthma.org\/nyspcap-participantobjectives\/","url":"https:\/\/nyschildrensasthma.org\/nyspcap-participantobjectives\/","name":"Cele uczestnik\u00f3w NYS PCAP - inicjatywa New York State Childrens Asthma Initiative","isPartOf":{"@id":"https:\/\/nyschildrensasthmainitiative.com\/#website"},"primaryImageOfPage":{"@id":"https:\/\/nyschildrensasthma.org\/nyspcap-participantobjectives\/#primaryimage"},"image":{"@id":"https:\/\/nyschildrensasthma.org\/nyspcap-participantobjectives\/#primaryimage"},"thumbnailUrl":"https:\/\/nyschildrensasthma.org\/wp-content\/uploads\/2025\/08\/nyspcap.png","datePublished":"2025-06-05T15:47:36+00:00","dateModified":"2025-10-28T14:50:34+00:00","description":"Projekt BREATHE NY ma na celu popraw\u0119 wynik\u00f3w zdrowotnych i jako\u015bci \u017cycia dzieci z astm\u0105 oraz zmniejszenie liczby wizyt w nag\u0142ych wypadkach w\u015br\u00f3d dzieci.","breadcrumb":{"@id":"https:\/\/nyschildrensasthma.org\/nyspcap-participantobjectives\/#breadcrumb"},"inLanguage":"pl-PL","potentialAction":[{"@type":"ReadAction","target":["https:\/\/nyschildrensasthma.org\/nyspcap-participantobjectives\/"]}]},{"@type":"ImageObject","inLanguage":"pl-PL","@id":"https:\/\/nyschildrensasthma.org\/nyspcap-participantobjectives\/#primaryimage","url":"https:\/\/nyschildrensasthma.org\/wp-content\/uploads\/2025\/08\/nyspcap.png","contentUrl":"https:\/\/nyschildrensasthma.org\/wp-content\/uploads\/2025\/08\/nyspcap.png"},{"@type":"BreadcrumbList","@id":"https:\/\/nyschildrensasthma.org\/nyspcap-participantobjectives\/#breadcrumb","itemListElement":[{"@type":"ListItem","position":1,"name":"Home","item":"https:\/\/nyschildrensasthma.org\/"},{"@type":"ListItem","position":2,"name":"NYS PCAP Participant Objectives"}]},{"@type":"WebSite","@id":"https:\/\/nyschildrensasthmainitiative.com\/#website","url":"https:\/\/nyschildrensasthmainitiative.com\/","name":"Inicjatywa na rzecz walki z astm\u0105 u dzieci w stanie Nowy Jork","description":"Zapewnienie opieki opartej na wytycznych dla szk\u00f3\u0142 i dzieci z astm\u0105 w stanie Nowy Jork","publisher":{"@id":"https:\/\/nyschildrensasthmainitiative.com\/#organization"},"potentialAction":[{"@type":"SearchAction","target":{"@type":"EntryPoint","urlTemplate":"https:\/\/nyschildrensasthmainitiative.com\/?s={search_term_string}"},"query-input":{"@type":"PropertyValueSpecification","valueRequired":true,"valueName":"search_term_string"}}],"inLanguage":"pl-PL"},{"@type":"Organization","@id":"https:\/\/nyschildrensasthmainitiative.com\/#organization","name":"Inicjatywa na rzecz walki z astm\u0105 u dzieci w stanie Nowy Jork","url":"https:\/\/nyschildrensasthmainitiative.com\/","logo":{"@type":"ImageObject","inLanguage":"pl-PL","@id":"https:\/\/nyschildrensasthmainitiative.com\/#\/schema\/logo\/image\/","url":"https:\/\/nyschildrensasthma.org\/wp-content\/uploads\/2023\/08\/cropped-FY23-NYS-CAI-Logo_Horiz_Digital-e1692113998994.png","contentUrl":"https:\/\/nyschildrensasthma.org\/wp-content\/uploads\/2023\/08\/cropped-FY23-NYS-CAI-Logo_Horiz_Digital-e1692113998994.png","width":544,"height":141,"caption":"New York State Children's Asthma Initiative"},"image":{"@id":"https:\/\/nyschildrensasthmainitiative.com\/#\/schema\/logo\/image\/"}}]}},"_links":{"self":[{"href":"https:\/\/nyschildrensasthma.org\/pl\/wp-json\/wp\/v2\/pages\/5856","targetHints":{"allow":["GET"]}}],"collection":[{"href":"https:\/\/nyschildrensasthma.org\/pl\/wp-json\/wp\/v2\/pages"}],"about":[{"href":"https:\/\/nyschildrensasthma.org\/pl\/wp-json\/wp\/v2\/types\/page"}],"author":[{"embeddable":true,"href":"https:\/\/nyschildrensasthma.org\/pl\/wp-json\/wp\/v2\/users\/1"}],"replies":[{"embeddable":true,"href":"https:\/\/nyschildrensasthma.org\/pl\/wp-json\/wp\/v2\/comments?post=5856"}],"version-history":[{"count":25,"href":"https:\/\/nyschildrensasthma.org\/pl\/wp-json\/wp\/v2\/pages\/5856\/revisions"}],"predecessor-version":[{"id":6533,"href":"https:\/\/nyschildrensasthma.org\/pl\/wp-json\/wp\/v2\/pages\/5856\/revisions\/6533"}],"wp:attachment":[{"href":"https:\/\/nyschildrensasthma.org\/pl\/wp-json\/wp\/v2\/media?parent=5856"}],"curies":[{"name":"wp","href":"https:\/\/api.w.org\/{rel}","templated":true}]}}