{"id":5856,"date":"2025-06-05T15:47:36","date_gmt":"2025-06-05T15:47:36","guid":{"rendered":"https:\/\/nyschildrensasthma.org\/?page_id=5856"},"modified":"2025-10-28T14:50:34","modified_gmt":"2025-10-28T14:50:34","slug":"nyspcap-participantobjectives","status":"publish","type":"page","link":"https:\/\/nyschildrensasthma.org\/it\/nyspcap-participantobjectives\/","title":{"rendered":"Obiettivi dei partecipanti al NYS PCAP"},"content":{"rendered":"<div data-elementor-type=\"wp-post\" data-elementor-id=\"5856\" class=\"elementor elementor-5856\" data-elementor-post-type=\"page\">\n\t\t\t\t\t\t<section class=\"elementor-section elementor-top-section elementor-element elementor-element-b430b58 elementor-section-boxed elementor-section-height-default elementor-section-height-default\" data-id=\"b430b58\" data-element_type=\"section\" data-e-type=\"section\" data-settings=\"{&quot;background_background&quot;:&quot;classic&quot;}\">\n\t\t\t\t\t\t<div class=\"elementor-container elementor-column-gap-default\">\n\t\t\t\t\t<div class=\"elementor-column elementor-col-100 elementor-top-column elementor-element elementor-element-62a7e7a3\" data-id=\"62a7e7a3\" data-element_type=\"column\" data-e-type=\"column\">\n\t\t\t<div class=\"elementor-widget-wrap elementor-element-populated\">\n\t\t\t\t\t\t<section class=\"elementor-section elementor-inner-section elementor-element elementor-element-7ffc4bc5 elementor-section-boxed elementor-section-height-default elementor-section-height-default\" data-id=\"7ffc4bc5\" data-element_type=\"section\" data-e-type=\"section\">\n\t\t\t\t\t\t<div class=\"elementor-container elementor-column-gap-default\">\n\t\t\t\t\t<div class=\"elementor-column elementor-col-100 elementor-inner-column elementor-element elementor-element-17795bdf\" data-id=\"17795bdf\" data-element_type=\"column\" data-e-type=\"column\">\n\t\t\t<div class=\"elementor-widget-wrap elementor-element-populated\">\n\t\t\t\t\t\t<div class=\"elementor-element elementor-element-a9e2318 elementor-widget elementor-widget-heading\" data-id=\"a9e2318\" data-element_type=\"widget\" data-e-type=\"widget\" data-widget_type=\"heading.default\">\n\t\t\t\t<div class=\"elementor-widget-container\">\n\t\t\t\t\t<h2 class=\"elementor-heading-title elementor-size-default\">Partecipare al NYS PCAP<\/h2>\t\t\t\t<\/div>\n\t\t\t\t<\/div>\n\t\t\t\t<div class=\"elementor-element elementor-element-b3dd8da elementor-widget elementor-widget-text-editor\" data-id=\"b3dd8da\" data-element_type=\"widget\" data-e-type=\"widget\" data-widget_type=\"text-editor.default\">\n\t\t\t\t<div class=\"elementor-widget-container\">\n\t\t\t\t\t\t\t\t\t<p>Il NYS PCAP mira ad ampliare le competenze dei medici di base sulla somministrazione di cure per l'asma basate sulle linee guida a bambini e adulti in tutto lo Stato di New York. Il raggiungimento dei quattro obiettivi del NYS PCAP vi fornir\u00e0 le basi necessarie per iniziare a fornire cure per l'asma nei vostri studi.<\/p>\t\t\t\t\t\t\t\t<\/div>\n\t\t\t\t<\/div>\n\t\t\t\t\t<\/div>\n\t\t<\/div>\n\t\t\t\t\t<\/div>\n\t\t<\/section>\n\t\t\t\t\t<\/div>\n\t\t<\/div>\n\t\t\t\t\t<\/div>\n\t\t<\/section>\n\t\t\t\t<section class=\"elementor-section elementor-top-section elementor-element elementor-element-35ba92a elementor-hidden-tablet elementor-hidden-mobile elementor-section-boxed elementor-section-height-default elementor-section-height-default\" data-id=\"35ba92a\" data-element_type=\"section\" data-e-type=\"section\" data-settings=\"{&quot;background_background&quot;:&quot;classic&quot;}\">\n\t\t\t\t\t\t\t<div class=\"elementor-background-overlay\"><\/div>\n\t\t\t\t\t\t\t<div class=\"elementor-container elementor-column-gap-default\">\n\t\t\t\t\t<div class=\"elementor-column elementor-col-100 elementor-top-column elementor-element elementor-element-a38525c\" data-id=\"a38525c\" data-element_type=\"column\" data-e-type=\"column\">\n\t\t\t<div class=\"elementor-widget-wrap elementor-element-populated\">\n\t\t\t\t\t\t<div class=\"elementor-element elementor-element-d317a87 elementor-widget__width-initial elementor-widget elementor-widget-heading\" data-id=\"d317a87\" data-element_type=\"widget\" data-e-type=\"widget\" data-widget_type=\"heading.default\">\n\t\t\t\t<div class=\"elementor-widget-container\">\n\t\t\t\t\t<h2 class=\"elementor-heading-title elementor-size-default\">Migliorare la comprensione della\nGestione dell'asma basata sulle linee guida<\/h2>\t\t\t\t<\/div>\n\t\t\t\t<\/div>\n\t\t\t\t<div class=\"elementor-element elementor-element-e875dd2 elementor-widget elementor-widget-image\" data-id=\"e875dd2\" data-element_type=\"widget\" data-e-type=\"widget\" data-widget_type=\"image.default\">\n\t\t\t\t<div class=\"elementor-widget-container\">\n\t\t\t\t\t\t\t\t\t\t\t\t\t\t\t<img fetchpriority=\"high\" decoding=\"async\" width=\"1024\" height=\"768\" src=\"https:\/\/nyschildrensasthma.org\/wp-content\/uploads\/2025\/08\/nyspcap.png\" class=\"attachment-full size-full wp-image-6237\" alt=\"\" srcset=\"https:\/\/nyschildrensasthma.org\/wp-content\/uploads\/2025\/08\/nyspcap.png 1024w, https:\/\/nyschildrensasthma.org\/wp-content\/uploads\/2025\/08\/nyspcap-300x225.png 300w, https:\/\/nyschildrensasthma.org\/wp-content\/uploads\/2025\/08\/nyspcap-768x576.png 768w\" sizes=\"(max-width: 1024px) 100vw, 1024px\" \/>\t\t\t\t\t\t\t\t\t\t\t\t\t\t\t<\/div>\n\t\t\t\t<\/div>\n\t\t\t\t\t<\/div>\n\t\t<\/div>\n\t\t\t\t\t<\/div>\n\t\t<\/section>\n\t\t<div class=\"elementor-element elementor-element-84a9401 e-flex e-con-boxed e-con e-parent\" data-id=\"84a9401\" data-element_type=\"container\" data-e-type=\"container\" data-settings=\"{&quot;background_background&quot;:&quot;classic&quot;}\">\n\t\t\t\t\t<div class=\"e-con-inner\">\n\t\t\t\t<div class=\"elementor-element elementor-element-7637aa8 elementor-widget elementor-widget-heading\" data-id=\"7637aa8\" data-element_type=\"widget\" data-e-type=\"widget\" data-widget_type=\"heading.default\">\n\t\t\t\t<div class=\"elementor-widget-container\">\n\t\t\t\t\t<h2 class=\"elementor-heading-title elementor-size-default\">Componenti del PCAP NYS<\/h2>\t\t\t\t<\/div>\n\t\t\t\t<\/div>\n\t\t\t\t<div class=\"elementor-element elementor-element-a6af35d elementor-widget elementor-widget-heading\" data-id=\"a6af35d\" data-element_type=\"widget\" data-e-type=\"widget\" data-widget_type=\"heading.default\">\n\t\t\t\t<div class=\"elementor-widget-container\">\n\t\t\t\t\t<h3 class=\"elementor-heading-title elementor-size-default\">Giornata di osservazione<\/h3>\t\t\t\t<\/div>\n\t\t\t\t<\/div>\n\t\t\t\t<div class=\"elementor-element elementor-element-481a402 elementor-widget elementor-widget-text-editor\" data-id=\"481a402\" data-element_type=\"widget\" data-e-type=\"widget\" data-widget_type=\"text-editor.default\">\n\t\t\t\t<div class=\"elementor-widget-container\">\n\t\t\t\t\t\t\t\t\t<p><strong>Sessione introduttiva:<\/strong> La giornata di osservazione NYS PCAP inizia con una sessione introduttiva di 30 minuti con il candidato e il precettore assegnato.  Il precettore far\u00e0 le presentazioni, delineer\u00e0 gli obiettivi del programma e passer\u00e0 in rassegna il kit di strumenti e i materiali.  In questa occasione verr\u00e0 completato un test preliminare.<\/p><p><strong>Visite ai pazienti: <\/strong>I partecipanti \u201cseguono\u201d il precettore durante le visite ai pazienti affetti da asma.  In media saranno completate da cinque a otto visite, tra cui un mix di appuntamenti con nuovi pazienti e appuntamenti di follow-up. Tra una visita e l'altra, il precettore rivede le informazioni pertinenti e collega le visite e l'asma.<br \/>gestione delle cure.<\/p><p><strong>Sessione conclusiva:<\/strong> La giornata di osservazione NYS PCAP termina con una sessione conclusiva di 30-45 minuti. Voi e il precettore vi riunite per fare il debriefing dell'esperienza di affiancamento, rispondere alle domande e completare un post-test. I risultati dei test pre e post saranno discussi.<\/p><p><em>Tempo totale: Circa 4 ore<\/em><\/p>\t\t\t\t\t\t\t\t<\/div>\n\t\t\t\t<\/div>\n\t\t\t\t<div class=\"elementor-element elementor-element-1a23f13 elementor-widget elementor-widget-heading\" data-id=\"1a23f13\" data-element_type=\"widget\" data-e-type=\"widget\" data-widget_type=\"heading.default\">\n\t\t\t\t<div class=\"elementor-widget-container\">\n\t\t\t\t\t<h3 class=\"elementor-heading-title elementor-size-default\">Attivit\u00e0 successive alla giornata di osservazione<\/h3>\t\t\t\t<\/div>\n\t\t\t\t<\/div>\n\t\t\t\t<div class=\"elementor-element elementor-element-9779981 elementor-widget elementor-widget-text-editor\" data-id=\"9779981\" data-element_type=\"widget\" data-e-type=\"widget\" data-widget_type=\"text-editor.default\">\n\t\t\t\t<div class=\"elementor-widget-container\">\n\t\t\t\t\t\t\t\t\t<p><strong>Strategia per l'asma basata su linee guida:<\/strong> Insieme al vostro precettore, selezionerete una strategia per l'asma basata sulle linee guida da iniziare a implementare nella vostra pratica. Riceverete anche un sondaggio di follow-up 6 mesi dopo la giornata di osservazione per valutare l'attuazione della strategia selezionata.<\/p><p><strong>Seguito:<\/strong> Il follow-up viene condotto con tutti i partecipanti per fornire ulteriore supporto nell'erogazione di cure per l'asma basate sulle linee guida e per determinare l'efficacia del programma. I precettori sono disponibili per comunicazioni successive al completamento del programma e per tutti i partecipanti si terranno webinar di assistenza tecnica a cadenza trimestrale.<\/p>\t\t\t\t\t\t\t\t<\/div>\n\t\t\t\t<\/div>\n\t\t\t\t\t<\/div>\n\t\t\t\t<\/div>\n\t\t\t\t<section class=\"elementor-section elementor-top-section elementor-element elementor-element-3ef7dc2 elementor-section-boxed elementor-section-height-default elementor-section-height-default\" data-id=\"3ef7dc2\" data-element_type=\"section\" data-e-type=\"section\">\n\t\t\t\t\t\t<div class=\"elementor-container elementor-column-gap-default\">\n\t\t\t\t\t<div class=\"elementor-column elementor-col-50 elementor-top-column elementor-element elementor-element-c135d51\" data-id=\"c135d51\" data-element_type=\"column\" data-e-type=\"column\" data-settings=\"{&quot;background_background&quot;:&quot;classic&quot;}\">\n\t\t\t<div class=\"elementor-widget-wrap elementor-element-populated\">\n\t\t\t\t\t\t<div class=\"elementor-element elementor-element-f0c1bbb elementor-widget elementor-widget-text-editor\" data-id=\"f0c1bbb\" data-element_type=\"widget\" data-e-type=\"widget\" data-widget_type=\"text-editor.default\">\n\t\t\t\t<div class=\"elementor-widget-container\">\n\t\t\t\t\t\t\t\t\t<p><strong>Ammissibilit\u00e0 dei partecipanti:<\/strong><\/p><p>Possono partecipare i medici di base, come pediatri, medici di famiglia e di medicina generale, infermieri e assistenti di medici.\u00a0<\/p><p><strong>Incentivi per i partecipanti:<\/strong><\/p><p>I partecipanti possono ricevere $400 per aver completato il programma e ricevere un certificato di completamento di un programma approvato dal New York State Department of Health (NYSDOH) e dall'American Lung Association.<\/p>\t\t\t\t\t\t\t\t<\/div>\n\t\t\t\t<\/div>\n\t\t\t\t\t<\/div>\n\t\t<\/div>\n\t\t\t\t<div class=\"elementor-column elementor-col-50 elementor-top-column elementor-element elementor-element-9e28d48\" data-id=\"9e28d48\" data-element_type=\"column\" data-e-type=\"column\">\n\t\t\t<div class=\"elementor-widget-wrap elementor-element-populated\">\n\t\t\t\t\t\t<div class=\"elementor-element elementor-element-80c7e5b elementor-widget elementor-widget-heading\" data-id=\"80c7e5b\" data-element_type=\"widget\" data-e-type=\"widget\" data-widget_type=\"heading.default\">\n\t\t\t\t<div class=\"elementor-widget-container\">\n\t\t\t\t\t<h3 class=\"elementor-heading-title elementor-size-default\">Siete pronti a registrarvi?<\/h3>\t\t\t\t<\/div>\n\t\t\t\t<\/div>\n\t\t\t\t<div class=\"elementor-element elementor-element-bcd0a34 elementor-widget__width-initial elementor-widget-tablet__width-inherit elementor-widget elementor-widget-text-editor\" data-id=\"bcd0a34\" data-element_type=\"widget\" data-e-type=\"widget\" data-widget_type=\"text-editor.default\">\n\t\t\t\t<div class=\"elementor-widget-container\">\n\t\t\t\t\t\t\t\t\t<p>Si prega di compilare il modulo di registrazione dei partecipanti se si \u00e8 interessati a partecipare al Programma di precettorato per l'asma delle cure primarie (PCAP) dello Stato di New York. Il PCAP ha attualmente precettori situati nelle regioni di Hudson Valley, Central New York, Western New York, Long Island e New York City.\u00a0<\/p>\t\t\t\t\t\t\t\t<\/div>\n\t\t\t\t<\/div>\n\t\t\t\t<div class=\"elementor-element elementor-element-5f5712c elementor-align-left elementor-button-info elementor-widget elementor-widget-button\" data-id=\"5f5712c\" data-element_type=\"widget\" data-e-type=\"widget\" data-widget_type=\"button.default\">\n\t\t\t\t<div class=\"elementor-widget-container\">\n\t\t\t\t\t\t\t\t\t<div class=\"elementor-button-wrapper\">\n\t\t\t\t\t<a class=\"elementor-button elementor-button-link elementor-size-sm\" href=\"https:\/\/forms.office.com\/Pages\/ResponsePage.aspx?id=ksbAgTjUaU6Q88DyyIpOxzA4F6k1Ht9Nj9vhfWGKKpFUREtIVjhURTBTRFEyM01QTlE3WEpKTE5STC4u\" target=\"_blank\" id=\"tracked-button\">\n\t\t\t\t\t\t<span class=\"elementor-button-content-wrapper\">\n\t\t\t\t\t\t\t\t\t<span class=\"elementor-button-text\">Modulo di registrazione dei partecipanti al PCAP PCP<\/span>\n\t\t\t\t\t<\/span>\n\t\t\t\t\t<\/a>\n\t\t\t\t<\/div>\n\t\t\t\t\t\t\t\t<\/div>\n\t\t\t\t<\/div>\n\t\t\t\t\t<\/div>\n\t\t<\/div>\n\t\t\t\t\t<\/div>\n\t\t<\/section>\n\t\t\t\t<\/div>","protected":false},"excerpt":{"rendered":"<p>Participate in the NYS PCAP NYS PCAP aims to expand expertise among PCPs on the delivery of guidelines-based asthma care to children and adults across New York State. Meeting NYS PCAP&#8217;s four objectives will give you the foundation needed to begin delivering asthma care in your practices. Enhance Your Understanding of Guidelines-Based Asthma Management NYS [&hellip;]<\/p>","protected":false},"author":1,"featured_media":0,"parent":0,"menu_order":0,"comment_status":"closed","ping_status":"closed","template":"","meta":{"footnotes":""},"class_list":["post-5856","page","type-page","status-publish","hentry"],"yoast_head":"<!-- This site is optimized with the Yoast SEO plugin v26.4 - https:\/\/yoast.com\/wordpress\/plugins\/seo\/ -->\n<title>NYS PCAP Participant Objectives &#8211; New York State Childrens Asthma Initiative<\/title>\n<meta name=\"description\" content=\"Project BREATHE NY aims to improve health outcomes and quality of life for children with asthma and reduce emergency visits among children.\" \/>\n<meta name=\"robots\" content=\"index, follow, max-snippet:-1, max-image-preview:large, max-video-preview:-1\" \/>\n<link rel=\"canonical\" href=\"https:\/\/nyschildrensasthma.org\/it\/nyspcap-participantobjectives\/\" \/>\n<meta property=\"og:locale\" content=\"it_IT\" \/>\n<meta property=\"og:type\" content=\"article\" \/>\n<meta property=\"og:title\" content=\"NYS PCAP Participant Objectives &#8211; New York State Childrens Asthma Initiative\" \/>\n<meta property=\"og:description\" content=\"Project BREATHE NY aims to improve health outcomes and quality of life for children with asthma and reduce emergency visits among children.\" \/>\n<meta property=\"og:url\" content=\"https:\/\/nyschildrensasthma.org\/it\/nyspcap-participantobjectives\/\" \/>\n<meta property=\"og:site_name\" content=\"New York State Childrens Asthma Initiative\" \/>\n<meta property=\"article:modified_time\" content=\"2025-10-28T14:50:34+00:00\" \/>\n<meta property=\"og:image\" content=\"https:\/\/nyschildrensasthma.org\/wp-content\/uploads\/2025\/08\/nyspcap.png\" \/>\n\t<meta property=\"og:image:width\" content=\"1024\" \/>\n\t<meta property=\"og:image:height\" content=\"768\" \/>\n\t<meta property=\"og:image:type\" content=\"image\/png\" \/>\n<meta name=\"twitter:card\" content=\"summary_large_image\" \/>\n<meta name=\"twitter:label1\" content=\"Tempo di lettura stimato\" \/>\n\t<meta name=\"twitter:data1\" content=\"2 minuti\" \/>\n<script type=\"application\/ld+json\" class=\"yoast-schema-graph\">{\"@context\":\"https:\/\/schema.org\",\"@graph\":[{\"@type\":\"WebPage\",\"@id\":\"https:\/\/nyschildrensasthma.org\/nyspcap-participantobjectives\/\",\"url\":\"https:\/\/nyschildrensasthma.org\/nyspcap-participantobjectives\/\",\"name\":\"NYS PCAP Participant Objectives &#8211; New York State Childrens Asthma Initiative\",\"isPartOf\":{\"@id\":\"https:\/\/nyschildrensasthmainitiative.com\/#website\"},\"primaryImageOfPage\":{\"@id\":\"https:\/\/nyschildrensasthma.org\/nyspcap-participantobjectives\/#primaryimage\"},\"image\":{\"@id\":\"https:\/\/nyschildrensasthma.org\/nyspcap-participantobjectives\/#primaryimage\"},\"thumbnailUrl\":\"https:\/\/nyschildrensasthma.org\/wp-content\/uploads\/2025\/08\/nyspcap.png\",\"datePublished\":\"2025-06-05T15:47:36+00:00\",\"dateModified\":\"2025-10-28T14:50:34+00:00\",\"description\":\"Project BREATHE NY aims to improve health outcomes and quality of life for children with asthma and reduce emergency visits among children.\",\"breadcrumb\":{\"@id\":\"https:\/\/nyschildrensasthma.org\/nyspcap-participantobjectives\/#breadcrumb\"},\"inLanguage\":\"it-IT\",\"potentialAction\":[{\"@type\":\"ReadAction\",\"target\":[\"https:\/\/nyschildrensasthma.org\/nyspcap-participantobjectives\/\"]}]},{\"@type\":\"ImageObject\",\"inLanguage\":\"it-IT\",\"@id\":\"https:\/\/nyschildrensasthma.org\/nyspcap-participantobjectives\/#primaryimage\",\"url\":\"https:\/\/nyschildrensasthma.org\/wp-content\/uploads\/2025\/08\/nyspcap.png\",\"contentUrl\":\"https:\/\/nyschildrensasthma.org\/wp-content\/uploads\/2025\/08\/nyspcap.png\"},{\"@type\":\"BreadcrumbList\",\"@id\":\"https:\/\/nyschildrensasthma.org\/nyspcap-participantobjectives\/#breadcrumb\",\"itemListElement\":[{\"@type\":\"ListItem\",\"position\":1,\"name\":\"Home\",\"item\":\"https:\/\/nyschildrensasthma.org\/\"},{\"@type\":\"ListItem\",\"position\":2,\"name\":\"NYS PCAP Participant Objectives\"}]},{\"@type\":\"WebSite\",\"@id\":\"https:\/\/nyschildrensasthmainitiative.com\/#website\",\"url\":\"https:\/\/nyschildrensasthmainitiative.com\/\",\"name\":\"New York State Children's Asthma Initiative\",\"description\":\"Providing guidelines-based care for schools and children with asthma in New York State\",\"publisher\":{\"@id\":\"https:\/\/nyschildrensasthmainitiative.com\/#organization\"},\"potentialAction\":[{\"@type\":\"SearchAction\",\"target\":{\"@type\":\"EntryPoint\",\"urlTemplate\":\"https:\/\/nyschildrensasthmainitiative.com\/?s={search_term_string}\"},\"query-input\":{\"@type\":\"PropertyValueSpecification\",\"valueRequired\":true,\"valueName\":\"search_term_string\"}}],\"inLanguage\":\"it-IT\"},{\"@type\":\"Organization\",\"@id\":\"https:\/\/nyschildrensasthmainitiative.com\/#organization\",\"name\":\"New York State Children's Asthma Initiative\",\"url\":\"https:\/\/nyschildrensasthmainitiative.com\/\",\"logo\":{\"@type\":\"ImageObject\",\"inLanguage\":\"it-IT\",\"@id\":\"https:\/\/nyschildrensasthmainitiative.com\/#\/schema\/logo\/image\/\",\"url\":\"https:\/\/nyschildrensasthma.org\/wp-content\/uploads\/2023\/08\/cropped-FY23-NYS-CAI-Logo_Horiz_Digital-e1692113998994.png\",\"contentUrl\":\"https:\/\/nyschildrensasthma.org\/wp-content\/uploads\/2023\/08\/cropped-FY23-NYS-CAI-Logo_Horiz_Digital-e1692113998994.png\",\"width\":544,\"height\":141,\"caption\":\"New York State Children's Asthma Initiative\"},\"image\":{\"@id\":\"https:\/\/nyschildrensasthmainitiative.com\/#\/schema\/logo\/image\/\"}}]}<\/script>\n<!-- \/ Yoast SEO plugin. -->","yoast_head_json":{"title":"Obiettivi dei partecipanti al NYS PCAP - Iniziativa per l'asma infantile dello Stato di New York","description":"Il progetto BREATHE NY mira a migliorare i risultati sanitari e la qualit\u00e0 della vita dei bambini affetti da asma e a ridurre le visite di emergenza tra i bambini.","robots":{"index":"index","follow":"follow","max-snippet":"max-snippet:-1","max-image-preview":"max-image-preview:large","max-video-preview":"max-video-preview:-1"},"canonical":"https:\/\/nyschildrensasthma.org\/it\/nyspcap-participantobjectives\/","og_locale":"it_IT","og_type":"article","og_title":"NYS PCAP Participant Objectives &#8211; New York State Childrens Asthma Initiative","og_description":"Project BREATHE NY aims to improve health outcomes and quality of life for children with asthma and reduce emergency visits among children.","og_url":"https:\/\/nyschildrensasthma.org\/it\/nyspcap-participantobjectives\/","og_site_name":"New York State Childrens Asthma Initiative","article_modified_time":"2025-10-28T14:50:34+00:00","og_image":[{"width":1024,"height":768,"url":"https:\/\/nyschildrensasthma.org\/wp-content\/uploads\/2025\/08\/nyspcap.png","type":"image\/png"}],"twitter_card":"summary_large_image","twitter_misc":{"Tempo di lettura stimato":"2 minuti"},"schema":{"@context":"https:\/\/schema.org","@graph":[{"@type":"WebPage","@id":"https:\/\/nyschildrensasthma.org\/nyspcap-participantobjectives\/","url":"https:\/\/nyschildrensasthma.org\/nyspcap-participantobjectives\/","name":"Obiettivi dei partecipanti al NYS PCAP - Iniziativa per l'asma infantile dello Stato di New York","isPartOf":{"@id":"https:\/\/nyschildrensasthmainitiative.com\/#website"},"primaryImageOfPage":{"@id":"https:\/\/nyschildrensasthma.org\/nyspcap-participantobjectives\/#primaryimage"},"image":{"@id":"https:\/\/nyschildrensasthma.org\/nyspcap-participantobjectives\/#primaryimage"},"thumbnailUrl":"https:\/\/nyschildrensasthma.org\/wp-content\/uploads\/2025\/08\/nyspcap.png","datePublished":"2025-06-05T15:47:36+00:00","dateModified":"2025-10-28T14:50:34+00:00","description":"Il progetto BREATHE NY mira a migliorare i risultati sanitari e la qualit\u00e0 della vita dei bambini affetti da asma e a ridurre le visite di emergenza tra i bambini.","breadcrumb":{"@id":"https:\/\/nyschildrensasthma.org\/nyspcap-participantobjectives\/#breadcrumb"},"inLanguage":"it-IT","potentialAction":[{"@type":"ReadAction","target":["https:\/\/nyschildrensasthma.org\/nyspcap-participantobjectives\/"]}]},{"@type":"ImageObject","inLanguage":"it-IT","@id":"https:\/\/nyschildrensasthma.org\/nyspcap-participantobjectives\/#primaryimage","url":"https:\/\/nyschildrensasthma.org\/wp-content\/uploads\/2025\/08\/nyspcap.png","contentUrl":"https:\/\/nyschildrensasthma.org\/wp-content\/uploads\/2025\/08\/nyspcap.png"},{"@type":"BreadcrumbList","@id":"https:\/\/nyschildrensasthma.org\/nyspcap-participantobjectives\/#breadcrumb","itemListElement":[{"@type":"ListItem","position":1,"name":"Home","item":"https:\/\/nyschildrensasthma.org\/"},{"@type":"ListItem","position":2,"name":"NYS PCAP Participant Objectives"}]},{"@type":"WebSite","@id":"https:\/\/nyschildrensasthmainitiative.com\/#website","url":"https:\/\/nyschildrensasthmainitiative.com\/","name":"Iniziativa per l'asma infantile dello Stato di New York","description":"Fornire un'assistenza basata su linee guida per le scuole e i bambini affetti da asma nello Stato di New York","publisher":{"@id":"https:\/\/nyschildrensasthmainitiative.com\/#organization"},"potentialAction":[{"@type":"SearchAction","target":{"@type":"EntryPoint","urlTemplate":"https:\/\/nyschildrensasthmainitiative.com\/?s={search_term_string}"},"query-input":{"@type":"PropertyValueSpecification","valueRequired":true,"valueName":"search_term_string"}}],"inLanguage":"it-IT"},{"@type":"Organization","@id":"https:\/\/nyschildrensasthmainitiative.com\/#organization","name":"Iniziativa per l'asma infantile dello Stato di New York","url":"https:\/\/nyschildrensasthmainitiative.com\/","logo":{"@type":"ImageObject","inLanguage":"it-IT","@id":"https:\/\/nyschildrensasthmainitiative.com\/#\/schema\/logo\/image\/","url":"https:\/\/nyschildrensasthma.org\/wp-content\/uploads\/2023\/08\/cropped-FY23-NYS-CAI-Logo_Horiz_Digital-e1692113998994.png","contentUrl":"https:\/\/nyschildrensasthma.org\/wp-content\/uploads\/2023\/08\/cropped-FY23-NYS-CAI-Logo_Horiz_Digital-e1692113998994.png","width":544,"height":141,"caption":"New York State Children's Asthma Initiative"},"image":{"@id":"https:\/\/nyschildrensasthmainitiative.com\/#\/schema\/logo\/image\/"}}]}},"_links":{"self":[{"href":"https:\/\/nyschildrensasthma.org\/it\/wp-json\/wp\/v2\/pages\/5856","targetHints":{"allow":["GET"]}}],"collection":[{"href":"https:\/\/nyschildrensasthma.org\/it\/wp-json\/wp\/v2\/pages"}],"about":[{"href":"https:\/\/nyschildrensasthma.org\/it\/wp-json\/wp\/v2\/types\/page"}],"author":[{"embeddable":true,"href":"https:\/\/nyschildrensasthma.org\/it\/wp-json\/wp\/v2\/users\/1"}],"replies":[{"embeddable":true,"href":"https:\/\/nyschildrensasthma.org\/it\/wp-json\/wp\/v2\/comments?post=5856"}],"version-history":[{"count":25,"href":"https:\/\/nyschildrensasthma.org\/it\/wp-json\/wp\/v2\/pages\/5856\/revisions"}],"predecessor-version":[{"id":6533,"href":"https:\/\/nyschildrensasthma.org\/it\/wp-json\/wp\/v2\/pages\/5856\/revisions\/6533"}],"wp:attachment":[{"href":"https:\/\/nyschildrensasthma.org\/it\/wp-json\/wp\/v2\/media?parent=5856"}],"curies":[{"name":"wp","href":"https:\/\/api.w.org\/{rel}","templated":true}]}}