{"id":5856,"date":"2025-06-05T15:47:36","date_gmt":"2025-06-05T15:47:36","guid":{"rendered":"https:\/\/nyschildrensasthma.org\/?page_id=5856"},"modified":"2025-10-28T14:50:34","modified_gmt":"2025-10-28T14:50:34","slug":"nyspcap-participantobjectives","status":"publish","type":"page","link":"https:\/\/nyschildrensasthma.org\/ht\/nyspcap-participantobjectives\/","title":{"rendered":"Objektif Patisipan NYS PCAP yo"},"content":{"rendered":"<div data-elementor-type=\"wp-post\" data-elementor-id=\"5856\" class=\"elementor elementor-5856\" data-elementor-post-type=\"page\">\n\t\t\t\t\t\t<section class=\"elementor-section elementor-top-section elementor-element elementor-element-b430b58 elementor-section-boxed elementor-section-height-default elementor-section-height-default\" data-id=\"b430b58\" data-element_type=\"section\" data-e-type=\"section\" data-settings=\"{&quot;background_background&quot;:&quot;classic&quot;}\">\n\t\t\t\t\t\t<div class=\"elementor-container elementor-column-gap-default\">\n\t\t\t\t\t<div class=\"elementor-column elementor-col-100 elementor-top-column elementor-element elementor-element-62a7e7a3\" data-id=\"62a7e7a3\" data-element_type=\"column\" data-e-type=\"column\">\n\t\t\t<div class=\"elementor-widget-wrap elementor-element-populated\">\n\t\t\t\t\t\t<section class=\"elementor-section elementor-inner-section elementor-element elementor-element-7ffc4bc5 elementor-section-boxed elementor-section-height-default elementor-section-height-default\" data-id=\"7ffc4bc5\" data-element_type=\"section\" data-e-type=\"section\">\n\t\t\t\t\t\t<div class=\"elementor-container elementor-column-gap-default\">\n\t\t\t\t\t<div class=\"elementor-column elementor-col-100 elementor-inner-column elementor-element elementor-element-17795bdf\" data-id=\"17795bdf\" data-element_type=\"column\" data-e-type=\"column\">\n\t\t\t<div class=\"elementor-widget-wrap elementor-element-populated\">\n\t\t\t\t\t\t<div class=\"elementor-element elementor-element-a9e2318 elementor-widget elementor-widget-heading\" data-id=\"a9e2318\" data-element_type=\"widget\" data-e-type=\"widget\" data-widget_type=\"heading.default\">\n\t\t\t\t<div class=\"elementor-widget-container\">\n\t\t\t\t\t<h2 class=\"elementor-heading-title elementor-size-default\">Patisipe nan NYS PCAP la<\/h2>\t\t\t\t<\/div>\n\t\t\t\t<\/div>\n\t\t\t\t<div class=\"elementor-element elementor-element-b3dd8da elementor-widget elementor-widget-text-editor\" data-id=\"b3dd8da\" data-element_type=\"widget\" data-e-type=\"widget\" data-widget_type=\"text-editor.default\">\n\t\t\t\t<div class=\"elementor-widget-container\">\n\t\t\t\t\t\t\t\t\t<p>NYS PCAP gen pou objektif pou ogmante eksp\u00e8tiz dokt\u00e8 debaz yo nan fason pou bay swen pou asm ki baze sou direktiv bay timoun ak granmoun nan tout Eta New York. Reyalize kat objektif NYS PCAP yo ap ba ou fondasyon ou bezwen pou k\u00f2manse bay swen pou asm nan pratik ou yo.<\/p>\t\t\t\t\t\t\t\t<\/div>\n\t\t\t\t<\/div>\n\t\t\t\t\t<\/div>\n\t\t<\/div>\n\t\t\t\t\t<\/div>\n\t\t<\/section>\n\t\t\t\t\t<\/div>\n\t\t<\/div>\n\t\t\t\t\t<\/div>\n\t\t<\/section>\n\t\t\t\t<section class=\"elementor-section elementor-top-section elementor-element elementor-element-35ba92a elementor-hidden-tablet elementor-hidden-mobile elementor-section-boxed elementor-section-height-default elementor-section-height-default\" data-id=\"35ba92a\" data-element_type=\"section\" data-e-type=\"section\" data-settings=\"{&quot;background_background&quot;:&quot;classic&quot;}\">\n\t\t\t\t\t\t\t<div class=\"elementor-background-overlay\"><\/div>\n\t\t\t\t\t\t\t<div class=\"elementor-container elementor-column-gap-default\">\n\t\t\t\t\t<div class=\"elementor-column elementor-col-100 elementor-top-column elementor-element elementor-element-a38525c\" data-id=\"a38525c\" data-element_type=\"column\" data-e-type=\"column\">\n\t\t\t<div class=\"elementor-widget-wrap elementor-element-populated\">\n\t\t\t\t\t\t<div class=\"elementor-element elementor-element-d317a87 elementor-widget__width-initial elementor-widget elementor-widget-heading\" data-id=\"d317a87\" data-element_type=\"widget\" data-e-type=\"widget\" data-widget_type=\"heading.default\">\n\t\t\t\t<div class=\"elementor-widget-container\">\n\t\t\t\t\t<h2 class=\"elementor-heading-title elementor-size-default\">Amelyore konpreyansyon ou sou jesyon opresyon ki baze sou gid<\/h2>\t\t\t\t<\/div>\n\t\t\t\t<\/div>\n\t\t\t\t<div class=\"elementor-element elementor-element-e875dd2 elementor-widget elementor-widget-image\" data-id=\"e875dd2\" data-element_type=\"widget\" data-e-type=\"widget\" data-widget_type=\"image.default\">\n\t\t\t\t<div class=\"elementor-widget-container\">\n\t\t\t\t\t\t\t\t\t\t\t\t\t\t\t<img fetchpriority=\"high\" decoding=\"async\" width=\"1024\" height=\"768\" src=\"https:\/\/nyschildrensasthma.org\/wp-content\/uploads\/2025\/08\/nyspcap.png\" class=\"attachment-full size-full wp-image-6237\" alt=\"\" srcset=\"https:\/\/nyschildrensasthma.org\/wp-content\/uploads\/2025\/08\/nyspcap.png 1024w, https:\/\/nyschildrensasthma.org\/wp-content\/uploads\/2025\/08\/nyspcap-300x225.png 300w, https:\/\/nyschildrensasthma.org\/wp-content\/uploads\/2025\/08\/nyspcap-768x576.png 768w\" sizes=\"(max-width: 1024px) 100vw, 1024px\" \/>\t\t\t\t\t\t\t\t\t\t\t\t\t\t\t<\/div>\n\t\t\t\t<\/div>\n\t\t\t\t\t<\/div>\n\t\t<\/div>\n\t\t\t\t\t<\/div>\n\t\t<\/section>\n\t\t<div class=\"elementor-element elementor-element-84a9401 e-flex e-con-boxed e-con e-parent\" data-id=\"84a9401\" data-element_type=\"container\" data-e-type=\"container\" data-settings=\"{&quot;background_background&quot;:&quot;classic&quot;}\">\n\t\t\t\t\t<div class=\"e-con-inner\">\n\t\t\t\t<div class=\"elementor-element elementor-element-7637aa8 elementor-widget elementor-widget-heading\" data-id=\"7637aa8\" data-element_type=\"widget\" data-e-type=\"widget\" data-widget_type=\"heading.default\">\n\t\t\t\t<div class=\"elementor-widget-container\">\n\t\t\t\t\t<h2 class=\"elementor-heading-title elementor-size-default\">Konpozan PCAP NYS yo<\/h2>\t\t\t\t<\/div>\n\t\t\t\t<\/div>\n\t\t\t\t<div class=\"elementor-element elementor-element-a6af35d elementor-widget elementor-widget-heading\" data-id=\"a6af35d\" data-element_type=\"widget\" data-e-type=\"widget\" data-widget_type=\"heading.default\">\n\t\t\t\t<div class=\"elementor-widget-container\">\n\t\t\t\t\t<h3 class=\"elementor-heading-title elementor-size-default\">Jou Obs\u00e8vasyon an<\/h3>\t\t\t\t<\/div>\n\t\t\t\t<\/div>\n\t\t\t\t<div class=\"elementor-element elementor-element-481a402 elementor-widget elementor-widget-text-editor\" data-id=\"481a402\" data-element_type=\"widget\" data-e-type=\"widget\" data-widget_type=\"text-editor.default\">\n\t\t\t\t<div class=\"elementor-widget-container\">\n\t\t\t\t\t\t\t\t\t<p><strong>Sesyon Entwodiksyon:<\/strong> Jounen Obs\u00e8vasyon NYS PCAP la k\u00f2manse av\u00e8k yon sesyon entwodiksyon 30 minit av\u00e8k ou menm ak pres\u00e8pt\u00e8 ki asiyen ou an. Pres\u00e8pt\u00e8 a pral f\u00e8 prezantasyon yo, prezante objektif ak bi pwogram nan, epi revize twous zouti ak matery\u00e8l yo. Ou pral f\u00e8 yon pre-t\u00e8s nan moman sa a.<\/p><p><strong>Vizit Pasyan: <\/strong>Ou \u201cakonpaye\u201d pres\u00e8pt\u00e8 a pandan l ap f\u00e8 vizit pasyan ki gen asm yo. An mway\u00e8n, y ap f\u00e8 senk a uit vizit, sa gen ladan yon melanj randevou pou nouvo pasyan ak randevou swivi. Ant vizit yo, pres\u00e8pt\u00e8 a revize enf\u00f2masyon ki enp\u00f2tan yo epi li konekte vizit yo ak asm yo.<br \/>jesyon swen.<\/p><p><strong>Sesyon konklizyon:<\/strong> Jounen Obs\u00e8vasyon NYS PCAP la fini ak yon sesyon konklizyon 30-45 minit. Ou menm ak pres\u00e8pt\u00e8 a reyini ank\u00f2 pou f\u00e8 yon ti pale sou eksperyans obs\u00e8vasyon an, reponn kesyon, epi konplete yon t\u00e8s apre. Y ap diskite rezilta t\u00e8s pre- ak t\u00e8s apre yo.<\/p><p><em>Tan total: Apepr\u00e8 4 \u00e8dtan<\/em><\/p>\t\t\t\t\t\t\t\t<\/div>\n\t\t\t\t<\/div>\n\t\t\t\t<div class=\"elementor-element elementor-element-1a23f13 elementor-widget elementor-widget-heading\" data-id=\"1a23f13\" data-element_type=\"widget\" data-e-type=\"widget\" data-widget_type=\"heading.default\">\n\t\t\t\t<div class=\"elementor-widget-container\">\n\t\t\t\t\t<h3 class=\"elementor-heading-title elementor-size-default\">Aktivite Apre Jounen Obs\u00e8vasyon an<\/h3>\t\t\t\t<\/div>\n\t\t\t\t<\/div>\n\t\t\t\t<div class=\"elementor-element elementor-element-9779981 elementor-widget elementor-widget-text-editor\" data-id=\"9779981\" data-element_type=\"widget\" data-e-type=\"widget\" data-widget_type=\"text-editor.default\">\n\t\t\t\t<div class=\"elementor-widget-container\">\n\t\t\t\t\t\t\t\t\t<p><strong>Estrateji pou Asma ki baze sou Gid:<\/strong> Ou pral travay av\u00e8k pres\u00e8pt\u00e8 ou a pou chwazi yon estrateji pou asma ki baze sou direktiv pou k\u00f2manse aplike nan pratik ou. Ou pral resevwa tou yon sondaj swivi 6 mwa apre obs\u00e8vasyon an pou evalye aplikasyon estrateji ou te chwazi a.<\/p><p><strong>Swivi:<\/strong> Yo f\u00e8 swivi ak tout patisipan yo pou bay plis sip\u00f2 sou fason yo bay swen pou asm ki baze sou direktiv yo epi pou det\u00e8mine efikasite pwogram nan. Pres\u00e8pt\u00e8 yo disponib pou kominikasyon apre pwogram nan fini epi y ap f\u00e8 webin\u00e8 asistans teknik chak twa mwa pou tout patisipan yo.<\/p>\t\t\t\t\t\t\t\t<\/div>\n\t\t\t\t<\/div>\n\t\t\t\t\t<\/div>\n\t\t\t\t<\/div>\n\t\t\t\t<section class=\"elementor-section elementor-top-section elementor-element elementor-element-3ef7dc2 elementor-section-boxed elementor-section-height-default elementor-section-height-default\" data-id=\"3ef7dc2\" data-element_type=\"section\" data-e-type=\"section\">\n\t\t\t\t\t\t<div class=\"elementor-container elementor-column-gap-default\">\n\t\t\t\t\t<div class=\"elementor-column elementor-col-50 elementor-top-column elementor-element elementor-element-c135d51\" data-id=\"c135d51\" data-element_type=\"column\" data-e-type=\"column\" data-settings=\"{&quot;background_background&quot;:&quot;classic&quot;}\">\n\t\t\t<div class=\"elementor-widget-wrap elementor-element-populated\">\n\t\t\t\t\t\t<div class=\"elementor-element elementor-element-f0c1bbb elementor-widget elementor-widget-text-editor\" data-id=\"f0c1bbb\" data-element_type=\"widget\" data-e-type=\"widget\" data-widget_type=\"text-editor.default\">\n\t\t\t\t<div class=\"elementor-widget-container\">\n\t\t\t\t\t\t\t\t\t<p><strong>Elijibilite Patisipan:<\/strong><\/p><p>Dokt\u00e8 prensipal yo, tankou pedyat, dokt\u00e8 fanmi ak dokt\u00e8 jeneral, enfimy\u00e8 pratikan, ak asistan dokt\u00e8 kalifye pou patisipe.\u00a0<\/p><p><strong>Ankourajman pou Patisipan yo:<\/strong><\/p><p>Patisipan yo ka resevwa $400 pou yo fin f\u00e8 pwogram nan EPI resevwa yon s\u00e8tifika ki montre yo fin f\u00e8 yon pwogram ki apwouve pa Depatman Sante Eta New York (NYSDOH) ak Asosyasyon poumon Ameriken an.<\/p>\t\t\t\t\t\t\t\t<\/div>\n\t\t\t\t<\/div>\n\t\t\t\t\t<\/div>\n\t\t<\/div>\n\t\t\t\t<div class=\"elementor-column elementor-col-50 elementor-top-column elementor-element elementor-element-9e28d48\" data-id=\"9e28d48\" data-element_type=\"column\" data-e-type=\"column\">\n\t\t\t<div class=\"elementor-widget-wrap elementor-element-populated\">\n\t\t\t\t\t\t<div class=\"elementor-element elementor-element-80c7e5b elementor-widget elementor-widget-heading\" data-id=\"80c7e5b\" data-element_type=\"widget\" data-e-type=\"widget\" data-widget_type=\"heading.default\">\n\t\t\t\t<div class=\"elementor-widget-container\">\n\t\t\t\t\t<h3 class=\"elementor-heading-title elementor-size-default\">Pare pou Enskri?<\/h3>\t\t\t\t<\/div>\n\t\t\t\t<\/div>\n\t\t\t\t<div class=\"elementor-element elementor-element-bcd0a34 elementor-widget__width-initial elementor-widget-tablet__width-inherit elementor-widget elementor-widget-text-editor\" data-id=\"bcd0a34\" data-element_type=\"widget\" data-e-type=\"widget\" data-widget_type=\"text-editor.default\">\n\t\t\t\t<div class=\"elementor-widget-container\">\n\t\t\t\t\t\t\t\t\t<p>Tanpri ranpli F\u00f2m Enskripsyon Patisipan an si w enterese patisipe nan Pwogram Pres\u00e8pt\u00e8 Swen Prensipal pou Asma Eta Nouy\u00f2k (PCAP). Kounye a, PCAP gen pres\u00e8pt\u00e8 ki sitiye nan rejyon Hudson Valley, Santral Nouy\u00f2k, Lw\u00e8s Nouy\u00f2k, Long Island ak Vil Nouy\u00f2k.\u00a0<\/p>\t\t\t\t\t\t\t\t<\/div>\n\t\t\t\t<\/div>\n\t\t\t\t<div class=\"elementor-element elementor-element-5f5712c elementor-align-left elementor-button-info elementor-widget elementor-widget-button\" data-id=\"5f5712c\" data-element_type=\"widget\" data-e-type=\"widget\" data-widget_type=\"button.default\">\n\t\t\t\t<div class=\"elementor-widget-container\">\n\t\t\t\t\t\t\t\t\t<div class=\"elementor-button-wrapper\">\n\t\t\t\t\t<a class=\"elementor-button elementor-button-link elementor-size-sm\" href=\"https:\/\/forms.office.com\/Pages\/ResponsePage.aspx?id=ksbAgTjUaU6Q88DyyIpOxzA4F6k1Ht9Nj9vhfWGKKpFUREtIVjhURTBTRFEyM01QTlE3WEpKTE5STC4u\" target=\"_blank\" id=\"tracked-button\">\n\t\t\t\t\t\t<span class=\"elementor-button-content-wrapper\">\n\t\t\t\t\t\t\t\t\t<span class=\"elementor-button-text\">F\u00f2m Enskripsyon Patisipan PCP PCP<\/span>\n\t\t\t\t\t<\/span>\n\t\t\t\t\t<\/a>\n\t\t\t\t<\/div>\n\t\t\t\t\t\t\t\t<\/div>\n\t\t\t\t<\/div>\n\t\t\t\t\t<\/div>\n\t\t<\/div>\n\t\t\t\t\t<\/div>\n\t\t<\/section>\n\t\t\t\t<\/div>","protected":false},"excerpt":{"rendered":"<p>Participate in the NYS PCAP NYS PCAP aims to expand expertise among PCPs on the delivery of guidelines-based asthma care to children and adults across New York State. Meeting NYS PCAP&#8217;s four objectives will give you the foundation needed to begin delivering asthma care in your practices. Enhance Your Understanding of Guidelines-Based Asthma Management NYS [&hellip;]<\/p>","protected":false},"author":1,"featured_media":0,"parent":0,"menu_order":0,"comment_status":"closed","ping_status":"closed","template":"","meta":{"footnotes":""},"class_list":["post-5856","page","type-page","status-publish","hentry"],"yoast_head":"<!-- This site is optimized with the Yoast SEO plugin v26.4 - https:\/\/yoast.com\/wordpress\/plugins\/seo\/ -->\n<title>NYS PCAP Participant Objectives &#8211; New York State Childrens Asthma Initiative<\/title>\n<meta name=\"description\" content=\"Project BREATHE NY aims to improve health outcomes and quality of life for children with asthma and reduce emergency visits among children.\" \/>\n<meta name=\"robots\" content=\"index, follow, max-snippet:-1, max-image-preview:large, max-video-preview:-1\" \/>\n<link rel=\"canonical\" href=\"https:\/\/nyschildrensasthma.org\/ht\/nyspcap-participantobjectives\/\" \/>\n<meta property=\"og:locale\" content=\"ht_HT\" \/>\n<meta property=\"og:type\" content=\"article\" \/>\n<meta property=\"og:title\" content=\"NYS PCAP Participant Objectives &#8211; New York State Childrens Asthma Initiative\" \/>\n<meta property=\"og:description\" content=\"Project BREATHE NY aims to improve health outcomes and quality of life for children with asthma and reduce emergency visits among children.\" \/>\n<meta property=\"og:url\" content=\"https:\/\/nyschildrensasthma.org\/ht\/nyspcap-participantobjectives\/\" \/>\n<meta property=\"og:site_name\" content=\"New York State Childrens Asthma Initiative\" \/>\n<meta property=\"article:modified_time\" content=\"2025-10-28T14:50:34+00:00\" \/>\n<meta property=\"og:image\" content=\"https:\/\/nyschildrensasthma.org\/wp-content\/uploads\/2025\/08\/nyspcap.png\" \/>\n\t<meta property=\"og:image:width\" content=\"1024\" \/>\n\t<meta property=\"og:image:height\" content=\"768\" \/>\n\t<meta property=\"og:image:type\" content=\"image\/png\" \/>\n<meta name=\"twitter:card\" content=\"summary_large_image\" \/>\n<meta name=\"twitter:label1\" content=\"Est. reading time\" \/>\n\t<meta name=\"twitter:data1\" content=\"2 minutes\" \/>\n<script type=\"application\/ld+json\" class=\"yoast-schema-graph\">{\"@context\":\"https:\/\/schema.org\",\"@graph\":[{\"@type\":\"WebPage\",\"@id\":\"https:\/\/nyschildrensasthma.org\/nyspcap-participantobjectives\/\",\"url\":\"https:\/\/nyschildrensasthma.org\/nyspcap-participantobjectives\/\",\"name\":\"NYS PCAP Participant Objectives &#8211; New York State Childrens Asthma Initiative\",\"isPartOf\":{\"@id\":\"https:\/\/nyschildrensasthmainitiative.com\/#website\"},\"primaryImageOfPage\":{\"@id\":\"https:\/\/nyschildrensasthma.org\/nyspcap-participantobjectives\/#primaryimage\"},\"image\":{\"@id\":\"https:\/\/nyschildrensasthma.org\/nyspcap-participantobjectives\/#primaryimage\"},\"thumbnailUrl\":\"https:\/\/nyschildrensasthma.org\/wp-content\/uploads\/2025\/08\/nyspcap.png\",\"datePublished\":\"2025-06-05T15:47:36+00:00\",\"dateModified\":\"2025-10-28T14:50:34+00:00\",\"description\":\"Project BREATHE NY aims to improve health outcomes and quality of life for children with asthma and reduce emergency visits among children.\",\"breadcrumb\":{\"@id\":\"https:\/\/nyschildrensasthma.org\/nyspcap-participantobjectives\/#breadcrumb\"},\"inLanguage\":\"ht\",\"potentialAction\":[{\"@type\":\"ReadAction\",\"target\":[\"https:\/\/nyschildrensasthma.org\/nyspcap-participantobjectives\/\"]}]},{\"@type\":\"ImageObject\",\"inLanguage\":\"ht\",\"@id\":\"https:\/\/nyschildrensasthma.org\/nyspcap-participantobjectives\/#primaryimage\",\"url\":\"https:\/\/nyschildrensasthma.org\/wp-content\/uploads\/2025\/08\/nyspcap.png\",\"contentUrl\":\"https:\/\/nyschildrensasthma.org\/wp-content\/uploads\/2025\/08\/nyspcap.png\"},{\"@type\":\"BreadcrumbList\",\"@id\":\"https:\/\/nyschildrensasthma.org\/nyspcap-participantobjectives\/#breadcrumb\",\"itemListElement\":[{\"@type\":\"ListItem\",\"position\":1,\"name\":\"Home\",\"item\":\"https:\/\/nyschildrensasthma.org\/\"},{\"@type\":\"ListItem\",\"position\":2,\"name\":\"NYS PCAP Participant Objectives\"}]},{\"@type\":\"WebSite\",\"@id\":\"https:\/\/nyschildrensasthmainitiative.com\/#website\",\"url\":\"https:\/\/nyschildrensasthmainitiative.com\/\",\"name\":\"New York State Children's Asthma Initiative\",\"description\":\"Providing guidelines-based care for schools and children with asthma in New York State\",\"publisher\":{\"@id\":\"https:\/\/nyschildrensasthmainitiative.com\/#organization\"},\"potentialAction\":[{\"@type\":\"SearchAction\",\"target\":{\"@type\":\"EntryPoint\",\"urlTemplate\":\"https:\/\/nyschildrensasthmainitiative.com\/?s={search_term_string}\"},\"query-input\":{\"@type\":\"PropertyValueSpecification\",\"valueRequired\":true,\"valueName\":\"search_term_string\"}}],\"inLanguage\":\"ht\"},{\"@type\":\"Organization\",\"@id\":\"https:\/\/nyschildrensasthmainitiative.com\/#organization\",\"name\":\"New York State Children's Asthma Initiative\",\"url\":\"https:\/\/nyschildrensasthmainitiative.com\/\",\"logo\":{\"@type\":\"ImageObject\",\"inLanguage\":\"ht\",\"@id\":\"https:\/\/nyschildrensasthmainitiative.com\/#\/schema\/logo\/image\/\",\"url\":\"https:\/\/nyschildrensasthma.org\/wp-content\/uploads\/2023\/08\/cropped-FY23-NYS-CAI-Logo_Horiz_Digital-e1692113998994.png\",\"contentUrl\":\"https:\/\/nyschildrensasthma.org\/wp-content\/uploads\/2023\/08\/cropped-FY23-NYS-CAI-Logo_Horiz_Digital-e1692113998994.png\",\"width\":544,\"height\":141,\"caption\":\"New York State Children's Asthma Initiative\"},\"image\":{\"@id\":\"https:\/\/nyschildrensasthmainitiative.com\/#\/schema\/logo\/image\/\"}}]}<\/script>\n<!-- \/ Yoast SEO plugin. -->","yoast_head_json":{"title":"Objektif Patisipan NYS PCAP yo \u2013 Inisyativ pou Asma Timoun nan Eta New York","description":"Pwoj\u00e8 BREATHE NY gen pou objektif amelyore sante ak kalite lavi timoun ki gen asm epi diminye vizit ijans nan mitan timoun yo.","robots":{"index":"index","follow":"follow","max-snippet":"max-snippet:-1","max-image-preview":"max-image-preview:large","max-video-preview":"max-video-preview:-1"},"canonical":"https:\/\/nyschildrensasthma.org\/ht\/nyspcap-participantobjectives\/","og_locale":"ht_HT","og_type":"article","og_title":"NYS PCAP Participant Objectives &#8211; New York State Childrens Asthma Initiative","og_description":"Project BREATHE NY aims to improve health outcomes and quality of life for children with asthma and reduce emergency visits among children.","og_url":"https:\/\/nyschildrensasthma.org\/ht\/nyspcap-participantobjectives\/","og_site_name":"New York State Childrens Asthma Initiative","article_modified_time":"2025-10-28T14:50:34+00:00","og_image":[{"width":1024,"height":768,"url":"https:\/\/nyschildrensasthma.org\/wp-content\/uploads\/2025\/08\/nyspcap.png","type":"image\/png"}],"twitter_card":"summary_large_image","twitter_misc":{"Est. reading time":"2 minutes"},"schema":{"@context":"https:\/\/schema.org","@graph":[{"@type":"WebPage","@id":"https:\/\/nyschildrensasthma.org\/nyspcap-participantobjectives\/","url":"https:\/\/nyschildrensasthma.org\/nyspcap-participantobjectives\/","name":"Objektif Patisipan NYS PCAP yo \u2013 Inisyativ pou Asma Timoun nan Eta New York","isPartOf":{"@id":"https:\/\/nyschildrensasthmainitiative.com\/#website"},"primaryImageOfPage":{"@id":"https:\/\/nyschildrensasthma.org\/nyspcap-participantobjectives\/#primaryimage"},"image":{"@id":"https:\/\/nyschildrensasthma.org\/nyspcap-participantobjectives\/#primaryimage"},"thumbnailUrl":"https:\/\/nyschildrensasthma.org\/wp-content\/uploads\/2025\/08\/nyspcap.png","datePublished":"2025-06-05T15:47:36+00:00","dateModified":"2025-10-28T14:50:34+00:00","description":"Pwoj\u00e8 BREATHE NY gen pou objektif amelyore sante ak kalite lavi timoun ki gen asm epi diminye vizit ijans nan mitan timoun yo.","breadcrumb":{"@id":"https:\/\/nyschildrensasthma.org\/nyspcap-participantobjectives\/#breadcrumb"},"inLanguage":"ht","potentialAction":[{"@type":"ReadAction","target":["https:\/\/nyschildrensasthma.org\/nyspcap-participantobjectives\/"]}]},{"@type":"ImageObject","inLanguage":"ht","@id":"https:\/\/nyschildrensasthma.org\/nyspcap-participantobjectives\/#primaryimage","url":"https:\/\/nyschildrensasthma.org\/wp-content\/uploads\/2025\/08\/nyspcap.png","contentUrl":"https:\/\/nyschildrensasthma.org\/wp-content\/uploads\/2025\/08\/nyspcap.png"},{"@type":"BreadcrumbList","@id":"https:\/\/nyschildrensasthma.org\/nyspcap-participantobjectives\/#breadcrumb","itemListElement":[{"@type":"ListItem","position":1,"name":"Home","item":"https:\/\/nyschildrensasthma.org\/"},{"@type":"ListItem","position":2,"name":"NYS PCAP Participant Objectives"}]},{"@type":"WebSite","@id":"https:\/\/nyschildrensasthmainitiative.com\/#website","url":"https:\/\/nyschildrensasthmainitiative.com\/","name":"Inisyativ pou Asm Timoun nan Eta Nouy\u00f2k","description":"Bay swen ki baze sou direktiv pou lek\u00f2l ak timoun ki gen asma nan Eta New York","publisher":{"@id":"https:\/\/nyschildrensasthmainitiative.com\/#organization"},"potentialAction":[{"@type":"SearchAction","target":{"@type":"EntryPoint","urlTemplate":"https:\/\/nyschildrensasthmainitiative.com\/?s={search_term_string}"},"query-input":{"@type":"PropertyValueSpecification","valueRequired":true,"valueName":"search_term_string"}}],"inLanguage":"ht"},{"@type":"Organization","@id":"https:\/\/nyschildrensasthmainitiative.com\/#organization","name":"Inisyativ pou Asm Timoun nan Eta Nouy\u00f2k","url":"https:\/\/nyschildrensasthmainitiative.com\/","logo":{"@type":"ImageObject","inLanguage":"ht","@id":"https:\/\/nyschildrensasthmainitiative.com\/#\/schema\/logo\/image\/","url":"https:\/\/nyschildrensasthma.org\/wp-content\/uploads\/2023\/08\/cropped-FY23-NYS-CAI-Logo_Horiz_Digital-e1692113998994.png","contentUrl":"https:\/\/nyschildrensasthma.org\/wp-content\/uploads\/2023\/08\/cropped-FY23-NYS-CAI-Logo_Horiz_Digital-e1692113998994.png","width":544,"height":141,"caption":"New York State Children's Asthma Initiative"},"image":{"@id":"https:\/\/nyschildrensasthmainitiative.com\/#\/schema\/logo\/image\/"}}]}},"_links":{"self":[{"href":"https:\/\/nyschildrensasthma.org\/ht\/wp-json\/wp\/v2\/pages\/5856","targetHints":{"allow":["GET"]}}],"collection":[{"href":"https:\/\/nyschildrensasthma.org\/ht\/wp-json\/wp\/v2\/pages"}],"about":[{"href":"https:\/\/nyschildrensasthma.org\/ht\/wp-json\/wp\/v2\/types\/page"}],"author":[{"embeddable":true,"href":"https:\/\/nyschildrensasthma.org\/ht\/wp-json\/wp\/v2\/users\/1"}],"replies":[{"embeddable":true,"href":"https:\/\/nyschildrensasthma.org\/ht\/wp-json\/wp\/v2\/comments?post=5856"}],"version-history":[{"count":25,"href":"https:\/\/nyschildrensasthma.org\/ht\/wp-json\/wp\/v2\/pages\/5856\/revisions"}],"predecessor-version":[{"id":6533,"href":"https:\/\/nyschildrensasthma.org\/ht\/wp-json\/wp\/v2\/pages\/5856\/revisions\/6533"}],"wp:attachment":[{"href":"https:\/\/nyschildrensasthma.org\/ht\/wp-json\/wp\/v2\/media?parent=5856"}],"curies":[{"name":"wp","href":"https:\/\/api.w.org\/{rel}","templated":true}]}}