{"id":5856,"date":"2025-06-05T15:47:36","date_gmt":"2025-06-05T15:47:36","guid":{"rendered":"https:\/\/nyschildrensasthma.org\/?page_id=5856"},"modified":"2025-10-28T14:50:34","modified_gmt":"2025-10-28T14:50:34","slug":"nyspcap-participantobjectives","status":"publish","type":"page","link":"https:\/\/nyschildrensasthma.org\/fr\/nyspcap-participantobjectives\/","title":{"rendered":"Objectifs des participants au PCAP de l'\u00c9tat de New York"},"content":{"rendered":"<div data-elementor-type=\"wp-post\" data-elementor-id=\"5856\" class=\"elementor elementor-5856\" data-elementor-post-type=\"page\">\n\t\t\t\t\t\t<section class=\"elementor-section elementor-top-section elementor-element elementor-element-b430b58 elementor-section-boxed elementor-section-height-default elementor-section-height-default\" data-id=\"b430b58\" data-element_type=\"section\" data-e-type=\"section\" data-settings=\"{&quot;background_background&quot;:&quot;classic&quot;}\">\n\t\t\t\t\t\t<div class=\"elementor-container elementor-column-gap-default\">\n\t\t\t\t\t<div class=\"elementor-column elementor-col-100 elementor-top-column elementor-element elementor-element-62a7e7a3\" data-id=\"62a7e7a3\" data-element_type=\"column\" data-e-type=\"column\">\n\t\t\t<div class=\"elementor-widget-wrap elementor-element-populated\">\n\t\t\t\t\t\t<section class=\"elementor-section elementor-inner-section elementor-element elementor-element-7ffc4bc5 elementor-section-boxed elementor-section-height-default elementor-section-height-default\" data-id=\"7ffc4bc5\" data-element_type=\"section\" data-e-type=\"section\">\n\t\t\t\t\t\t<div class=\"elementor-container elementor-column-gap-default\">\n\t\t\t\t\t<div class=\"elementor-column elementor-col-100 elementor-inner-column elementor-element elementor-element-17795bdf\" data-id=\"17795bdf\" data-element_type=\"column\" data-e-type=\"column\">\n\t\t\t<div class=\"elementor-widget-wrap elementor-element-populated\">\n\t\t\t\t\t\t<div class=\"elementor-element elementor-element-a9e2318 elementor-widget elementor-widget-heading\" data-id=\"a9e2318\" data-element_type=\"widget\" data-e-type=\"widget\" data-widget_type=\"heading.default\">\n\t\t\t\t<div class=\"elementor-widget-container\">\n\t\t\t\t\t<h2 class=\"elementor-heading-title elementor-size-default\">Participer au PCAP de l'\u00c9tat de New York<\/h2>\t\t\t\t<\/div>\n\t\t\t\t<\/div>\n\t\t\t\t<div class=\"elementor-element elementor-element-b3dd8da elementor-widget elementor-widget-text-editor\" data-id=\"b3dd8da\" data-element_type=\"widget\" data-e-type=\"widget\" data-widget_type=\"text-editor.default\">\n\t\t\t\t<div class=\"elementor-widget-container\">\n\t\t\t\t\t\t\t\t\t<p>Le NYS PCAP vise \u00e0 d\u00e9velopper l'expertise des PCP en mati\u00e8re de prestation de soins de l'asthme fond\u00e9s sur des lignes directrices pour les enfants et les adultes dans l'\u00c9tat de New York. En atteignant les quatre objectifs du NYS PCAP, vous disposerez des bases n\u00e9cessaires pour commencer \u00e0 dispenser des soins aux asthmatiques dans votre cabinet.<\/p>\t\t\t\t\t\t\t\t<\/div>\n\t\t\t\t<\/div>\n\t\t\t\t\t<\/div>\n\t\t<\/div>\n\t\t\t\t\t<\/div>\n\t\t<\/section>\n\t\t\t\t\t<\/div>\n\t\t<\/div>\n\t\t\t\t\t<\/div>\n\t\t<\/section>\n\t\t\t\t<section class=\"elementor-section elementor-top-section elementor-element elementor-element-35ba92a elementor-hidden-tablet elementor-hidden-mobile elementor-section-boxed elementor-section-height-default elementor-section-height-default\" data-id=\"35ba92a\" data-element_type=\"section\" data-e-type=\"section\" data-settings=\"{&quot;background_background&quot;:&quot;classic&quot;}\">\n\t\t\t\t\t\t\t<div class=\"elementor-background-overlay\"><\/div>\n\t\t\t\t\t\t\t<div class=\"elementor-container elementor-column-gap-default\">\n\t\t\t\t\t<div class=\"elementor-column elementor-col-100 elementor-top-column elementor-element elementor-element-a38525c\" data-id=\"a38525c\" data-element_type=\"column\" data-e-type=\"column\">\n\t\t\t<div class=\"elementor-widget-wrap elementor-element-populated\">\n\t\t\t\t\t\t<div class=\"elementor-element elementor-element-d317a87 elementor-widget__width-initial elementor-widget elementor-widget-heading\" data-id=\"d317a87\" data-element_type=\"widget\" data-e-type=\"widget\" data-widget_type=\"heading.default\">\n\t\t\t\t<div class=\"elementor-widget-container\">\n\t\t\t\t\t<h2 class=\"elementor-heading-title elementor-size-default\">Am\u00e9liorez votre compr\u00e9hension de la prise en charge de l'asthme fond\u00e9e sur des lignes directrices\nPrise en charge de l'asthme bas\u00e9e sur des lignes directrices<\/h2>\t\t\t\t<\/div>\n\t\t\t\t<\/div>\n\t\t\t\t<div class=\"elementor-element elementor-element-e875dd2 elementor-widget elementor-widget-image\" data-id=\"e875dd2\" data-element_type=\"widget\" data-e-type=\"widget\" data-widget_type=\"image.default\">\n\t\t\t\t<div class=\"elementor-widget-container\">\n\t\t\t\t\t\t\t\t\t\t\t\t\t\t\t<img fetchpriority=\"high\" decoding=\"async\" width=\"1024\" height=\"768\" src=\"https:\/\/nyschildrensasthma.org\/wp-content\/uploads\/2025\/08\/nyspcap.png\" class=\"attachment-full size-full wp-image-6237\" alt=\"\" srcset=\"https:\/\/nyschildrensasthma.org\/wp-content\/uploads\/2025\/08\/nyspcap.png 1024w, https:\/\/nyschildrensasthma.org\/wp-content\/uploads\/2025\/08\/nyspcap-300x225.png 300w, https:\/\/nyschildrensasthma.org\/wp-content\/uploads\/2025\/08\/nyspcap-768x576.png 768w\" sizes=\"(max-width: 1024px) 100vw, 1024px\" \/>\t\t\t\t\t\t\t\t\t\t\t\t\t\t\t<\/div>\n\t\t\t\t<\/div>\n\t\t\t\t\t<\/div>\n\t\t<\/div>\n\t\t\t\t\t<\/div>\n\t\t<\/section>\n\t\t<div class=\"elementor-element elementor-element-84a9401 e-flex e-con-boxed e-con e-parent\" data-id=\"84a9401\" data-element_type=\"container\" data-e-type=\"container\" data-settings=\"{&quot;background_background&quot;:&quot;classic&quot;}\">\n\t\t\t\t\t<div class=\"e-con-inner\">\n\t\t\t\t<div class=\"elementor-element elementor-element-7637aa8 elementor-widget elementor-widget-heading\" data-id=\"7637aa8\" data-element_type=\"widget\" data-e-type=\"widget\" data-widget_type=\"heading.default\">\n\t\t\t\t<div class=\"elementor-widget-container\">\n\t\t\t\t\t<h2 class=\"elementor-heading-title elementor-size-default\">Composants du PCAP de l'\u00c9tat de New York<\/h2>\t\t\t\t<\/div>\n\t\t\t\t<\/div>\n\t\t\t\t<div class=\"elementor-element elementor-element-a6af35d elementor-widget elementor-widget-heading\" data-id=\"a6af35d\" data-element_type=\"widget\" data-e-type=\"widget\" data-widget_type=\"heading.default\">\n\t\t\t\t<div class=\"elementor-widget-container\">\n\t\t\t\t\t<h3 class=\"elementor-heading-title elementor-size-default\">Journ\u00e9e d'observation<\/h3>\t\t\t\t<\/div>\n\t\t\t\t<\/div>\n\t\t\t\t<div class=\"elementor-element elementor-element-481a402 elementor-widget elementor-widget-text-editor\" data-id=\"481a402\" data-element_type=\"widget\" data-e-type=\"widget\" data-widget_type=\"text-editor.default\">\n\t\t\t\t<div class=\"elementor-widget-container\">\n\t\t\t\t\t\t\t\t\t<p><strong>Session d'introduction :<\/strong> La journ\u00e9e d'observation du NYS PCAP commence par une session d'introduction de 30 minutes avec vous et le pr\u00e9cepteur qui vous a \u00e9t\u00e9 assign\u00e9.  Le pr\u00e9cepteur fera les pr\u00e9sentations, exposera les buts et objectifs du programme et passera en revue la bo\u00eete \u00e0 outils et les documents.  Vous effectuerez un pr\u00e9-test \u00e0 ce moment-l\u00e0.<\/p><p><strong>Visites de patients : <\/strong>Vous \u201csuivez\u201d le pr\u00e9cepteur pendant qu'il effectue des visites aux patients asthmatiques.  En moyenne, cinq \u00e0 huit visites seront effectu\u00e9es, comprenant un m\u00e9lange de rendez-vous pour les nouveaux patients et de rendez-vous de suivi. Entre les visites, le pr\u00e9cepteur passe en revue les informations pertinentes et fait le lien entre les visites et l'asthme.<br \/>la gestion des soins.<\/p><p><strong>Session de cl\u00f4ture :<\/strong> La journ\u00e9e d'observation du NYS PCAP se termine par une session de conclusion de 30 \u00e0 45 minutes. Vous et le pr\u00e9cepteur vous r\u00e9unissez \u00e0 nouveau pour faire le point sur l'exp\u00e9rience d'observation, r\u00e9pondre aux questions et compl\u00e9ter un post-test. Les r\u00e9sultats des pr\u00e9-tests et des post-tests seront discut\u00e9s.<\/p><p><em>Dur\u00e9e totale : Environ 4 heures<\/em><\/p>\t\t\t\t\t\t\t\t<\/div>\n\t\t\t\t<\/div>\n\t\t\t\t<div class=\"elementor-element elementor-element-1a23f13 elementor-widget elementor-widget-heading\" data-id=\"1a23f13\" data-element_type=\"widget\" data-e-type=\"widget\" data-widget_type=\"heading.default\">\n\t\t\t\t<div class=\"elementor-widget-container\">\n\t\t\t\t\t<h3 class=\"elementor-heading-title elementor-size-default\">Activit\u00e9s apr\u00e8s la journ\u00e9e d'observation<\/h3>\t\t\t\t<\/div>\n\t\t\t\t<\/div>\n\t\t\t\t<div class=\"elementor-element elementor-element-9779981 elementor-widget elementor-widget-text-editor\" data-id=\"9779981\" data-element_type=\"widget\" data-e-type=\"widget\" data-widget_type=\"text-editor.default\">\n\t\t\t\t<div class=\"elementor-widget-container\">\n\t\t\t\t\t\t\t\t\t<p><strong>Strat\u00e9gie de lutte contre l'asthme fond\u00e9e sur des lignes directrices :<\/strong> Vous travaillerez avec votre pr\u00e9cepteur pour s\u00e9lectionner une strat\u00e9gie de lutte contre l'asthme bas\u00e9e sur des lignes directrices que vous commencerez \u00e0 mettre en \u0153uvre dans votre pratique. Vous recevrez \u00e9galement une enqu\u00eate de suivi 6 mois apr\u00e8s la journ\u00e9e d'observation afin d'\u00e9valuer la mise en \u0153uvre de la strat\u00e9gie s\u00e9lectionn\u00e9e.<\/p><p><strong>Suivi :<\/strong> Un suivi est effectu\u00e9 avec tous les participants pour fournir un soutien suppl\u00e9mentaire sur la prestation de soins de l'asthme bas\u00e9s sur les lignes directrices et pour d\u00e9terminer l'efficacit\u00e9 du programme. Les pr\u00e9cepteurs sont disponibles pour communiquer apr\u00e8s la fin du programme et des webinaires d'assistance technique seront organis\u00e9s tous les trimestres pour tous les participants.<\/p>\t\t\t\t\t\t\t\t<\/div>\n\t\t\t\t<\/div>\n\t\t\t\t\t<\/div>\n\t\t\t\t<\/div>\n\t\t\t\t<section class=\"elementor-section elementor-top-section elementor-element elementor-element-3ef7dc2 elementor-section-boxed elementor-section-height-default elementor-section-height-default\" data-id=\"3ef7dc2\" data-element_type=\"section\" data-e-type=\"section\">\n\t\t\t\t\t\t<div class=\"elementor-container elementor-column-gap-default\">\n\t\t\t\t\t<div class=\"elementor-column elementor-col-50 elementor-top-column elementor-element elementor-element-c135d51\" data-id=\"c135d51\" data-element_type=\"column\" data-e-type=\"column\" data-settings=\"{&quot;background_background&quot;:&quot;classic&quot;}\">\n\t\t\t<div class=\"elementor-widget-wrap elementor-element-populated\">\n\t\t\t\t\t\t<div class=\"elementor-element elementor-element-f0c1bbb elementor-widget elementor-widget-text-editor\" data-id=\"f0c1bbb\" data-element_type=\"widget\" data-e-type=\"widget\" data-widget_type=\"text-editor.default\">\n\t\t\t\t<div class=\"elementor-widget-container\">\n\t\t\t\t\t\t\t\t\t<p><strong>Admissibilit\u00e9 des participants :<\/strong><\/p><p>Les PCP, tels que les p\u00e9diatres, les m\u00e9decins de famille et les m\u00e9decins g\u00e9n\u00e9ralistes, les infirmi\u00e8res praticiennes et les assistants m\u00e9dicaux peuvent participer.\u00a0<\/p><p><strong>Incitations pour les participants :<\/strong><\/p><p>Les participants peuvent recevoir $400 pour avoir termin\u00e9 le programme ET recevoir un certificat d'ach\u00e8vement d'un programme approuv\u00e9 par le d\u00e9partement de la sant\u00e9 de l'\u00c9tat de New York (NYSDOH) et l'American Lung Association.<\/p>\t\t\t\t\t\t\t\t<\/div>\n\t\t\t\t<\/div>\n\t\t\t\t\t<\/div>\n\t\t<\/div>\n\t\t\t\t<div class=\"elementor-column elementor-col-50 elementor-top-column elementor-element elementor-element-9e28d48\" data-id=\"9e28d48\" data-element_type=\"column\" data-e-type=\"column\">\n\t\t\t<div class=\"elementor-widget-wrap elementor-element-populated\">\n\t\t\t\t\t\t<div class=\"elementor-element elementor-element-80c7e5b elementor-widget elementor-widget-heading\" data-id=\"80c7e5b\" data-element_type=\"widget\" data-e-type=\"widget\" data-widget_type=\"heading.default\">\n\t\t\t\t<div class=\"elementor-widget-container\">\n\t\t\t\t\t<h3 class=\"elementor-heading-title elementor-size-default\">Pr\u00eat \u00e0 vous inscrire ?<\/h3>\t\t\t\t<\/div>\n\t\t\t\t<\/div>\n\t\t\t\t<div class=\"elementor-element elementor-element-bcd0a34 elementor-widget__width-initial elementor-widget-tablet__width-inherit elementor-widget elementor-widget-text-editor\" data-id=\"bcd0a34\" data-element_type=\"widget\" data-e-type=\"widget\" data-widget_type=\"text-editor.default\">\n\t\t\t\t<div class=\"elementor-widget-container\">\n\t\t\t\t\t\t\t\t\t<p>Veuillez remplir le formulaire d'inscription des participants si vous souhaitez participer au programme de pr\u00e9ceptorat sur l'asthme en soins primaires de l'\u00c9tat de New York (PCAP). Le PCAP compte actuellement des pr\u00e9cepteurs dans les r\u00e9gions de la vall\u00e9e de l'Hudson, du centre de l'\u00c9tat de New York, de l'ouest de l'\u00c9tat de New York, de Long Island et de la ville de New York.\u00a0<\/p>\t\t\t\t\t\t\t\t<\/div>\n\t\t\t\t<\/div>\n\t\t\t\t<div class=\"elementor-element elementor-element-5f5712c elementor-align-left elementor-button-info elementor-widget elementor-widget-button\" data-id=\"5f5712c\" data-element_type=\"widget\" data-e-type=\"widget\" data-widget_type=\"button.default\">\n\t\t\t\t<div class=\"elementor-widget-container\">\n\t\t\t\t\t\t\t\t\t<div class=\"elementor-button-wrapper\">\n\t\t\t\t\t<a class=\"elementor-button elementor-button-link elementor-size-sm\" href=\"https:\/\/forms.office.com\/Pages\/ResponsePage.aspx?id=ksbAgTjUaU6Q88DyyIpOxzA4F6k1Ht9Nj9vhfWGKKpFUREtIVjhURTBTRFEyM01QTlE3WEpKTE5STC4u\" target=\"_blank\" id=\"tracked-button\">\n\t\t\t\t\t\t<span class=\"elementor-button-content-wrapper\">\n\t\t\t\t\t\t\t\t\t<span class=\"elementor-button-text\">Formulaire d'inscription des participants au PCAP PCP<\/span>\n\t\t\t\t\t<\/span>\n\t\t\t\t\t<\/a>\n\t\t\t\t<\/div>\n\t\t\t\t\t\t\t\t<\/div>\n\t\t\t\t<\/div>\n\t\t\t\t\t<\/div>\n\t\t<\/div>\n\t\t\t\t\t<\/div>\n\t\t<\/section>\n\t\t\t\t<\/div>","protected":false},"excerpt":{"rendered":"<p>Participate in the NYS PCAP NYS PCAP aims to expand expertise among PCPs on the delivery of guidelines-based asthma care to children and adults across New York State. Meeting NYS PCAP&#8217;s four objectives will give you the foundation needed to begin delivering asthma care in your practices. Enhance Your Understanding of Guidelines-Based Asthma Management NYS [&hellip;]<\/p>","protected":false},"author":1,"featured_media":0,"parent":0,"menu_order":0,"comment_status":"closed","ping_status":"closed","template":"","meta":{"footnotes":""},"class_list":["post-5856","page","type-page","status-publish","hentry"],"yoast_head":"<!-- This site is optimized with the Yoast SEO plugin v26.4 - https:\/\/yoast.com\/wordpress\/plugins\/seo\/ -->\n<title>NYS PCAP Participant Objectives &#8211; New York State Childrens Asthma Initiative<\/title>\n<meta name=\"description\" content=\"Project BREATHE NY aims to improve health outcomes and quality of life for children with asthma and reduce emergency visits among children.\" \/>\n<meta name=\"robots\" content=\"index, follow, max-snippet:-1, max-image-preview:large, max-video-preview:-1\" \/>\n<link rel=\"canonical\" href=\"https:\/\/nyschildrensasthma.org\/fr\/nyspcap-participantobjectives\/\" \/>\n<meta property=\"og:locale\" content=\"fr_FR\" \/>\n<meta property=\"og:type\" content=\"article\" \/>\n<meta property=\"og:title\" content=\"NYS PCAP Participant Objectives &#8211; New York State Childrens Asthma Initiative\" \/>\n<meta property=\"og:description\" content=\"Project BREATHE NY aims to improve health outcomes and quality of life for children with asthma and reduce emergency visits among children.\" \/>\n<meta property=\"og:url\" content=\"https:\/\/nyschildrensasthma.org\/fr\/nyspcap-participantobjectives\/\" \/>\n<meta property=\"og:site_name\" content=\"New York State Childrens Asthma Initiative\" \/>\n<meta property=\"article:modified_time\" content=\"2025-10-28T14:50:34+00:00\" \/>\n<meta property=\"og:image\" content=\"https:\/\/nyschildrensasthma.org\/wp-content\/uploads\/2025\/08\/nyspcap.png\" \/>\n\t<meta property=\"og:image:width\" content=\"1024\" \/>\n\t<meta property=\"og:image:height\" content=\"768\" \/>\n\t<meta property=\"og:image:type\" content=\"image\/png\" \/>\n<meta name=\"twitter:card\" content=\"summary_large_image\" \/>\n<meta name=\"twitter:label1\" content=\"Dur\u00e9e de lecture estim\u00e9e\" \/>\n\t<meta name=\"twitter:data1\" content=\"2 minutes\" \/>\n<script type=\"application\/ld+json\" class=\"yoast-schema-graph\">{\"@context\":\"https:\/\/schema.org\",\"@graph\":[{\"@type\":\"WebPage\",\"@id\":\"https:\/\/nyschildrensasthma.org\/nyspcap-participantobjectives\/\",\"url\":\"https:\/\/nyschildrensasthma.org\/nyspcap-participantobjectives\/\",\"name\":\"NYS PCAP Participant Objectives &#8211; New York State Childrens Asthma Initiative\",\"isPartOf\":{\"@id\":\"https:\/\/nyschildrensasthmainitiative.com\/#website\"},\"primaryImageOfPage\":{\"@id\":\"https:\/\/nyschildrensasthma.org\/nyspcap-participantobjectives\/#primaryimage\"},\"image\":{\"@id\":\"https:\/\/nyschildrensasthma.org\/nyspcap-participantobjectives\/#primaryimage\"},\"thumbnailUrl\":\"https:\/\/nyschildrensasthma.org\/wp-content\/uploads\/2025\/08\/nyspcap.png\",\"datePublished\":\"2025-06-05T15:47:36+00:00\",\"dateModified\":\"2025-10-28T14:50:34+00:00\",\"description\":\"Project BREATHE NY aims to improve health outcomes and quality of life for children with asthma and reduce emergency visits among children.\",\"breadcrumb\":{\"@id\":\"https:\/\/nyschildrensasthma.org\/nyspcap-participantobjectives\/#breadcrumb\"},\"inLanguage\":\"fr-FR\",\"potentialAction\":[{\"@type\":\"ReadAction\",\"target\":[\"https:\/\/nyschildrensasthma.org\/nyspcap-participantobjectives\/\"]}]},{\"@type\":\"ImageObject\",\"inLanguage\":\"fr-FR\",\"@id\":\"https:\/\/nyschildrensasthma.org\/nyspcap-participantobjectives\/#primaryimage\",\"url\":\"https:\/\/nyschildrensasthma.org\/wp-content\/uploads\/2025\/08\/nyspcap.png\",\"contentUrl\":\"https:\/\/nyschildrensasthma.org\/wp-content\/uploads\/2025\/08\/nyspcap.png\"},{\"@type\":\"BreadcrumbList\",\"@id\":\"https:\/\/nyschildrensasthma.org\/nyspcap-participantobjectives\/#breadcrumb\",\"itemListElement\":[{\"@type\":\"ListItem\",\"position\":1,\"name\":\"Home\",\"item\":\"https:\/\/nyschildrensasthma.org\/\"},{\"@type\":\"ListItem\",\"position\":2,\"name\":\"NYS PCAP Participant Objectives\"}]},{\"@type\":\"WebSite\",\"@id\":\"https:\/\/nyschildrensasthmainitiative.com\/#website\",\"url\":\"https:\/\/nyschildrensasthmainitiative.com\/\",\"name\":\"New York State Children's Asthma Initiative\",\"description\":\"Providing guidelines-based care for schools and children with asthma in New York State\",\"publisher\":{\"@id\":\"https:\/\/nyschildrensasthmainitiative.com\/#organization\"},\"potentialAction\":[{\"@type\":\"SearchAction\",\"target\":{\"@type\":\"EntryPoint\",\"urlTemplate\":\"https:\/\/nyschildrensasthmainitiative.com\/?s={search_term_string}\"},\"query-input\":{\"@type\":\"PropertyValueSpecification\",\"valueRequired\":true,\"valueName\":\"search_term_string\"}}],\"inLanguage\":\"fr-FR\"},{\"@type\":\"Organization\",\"@id\":\"https:\/\/nyschildrensasthmainitiative.com\/#organization\",\"name\":\"New York State Children's Asthma Initiative\",\"url\":\"https:\/\/nyschildrensasthmainitiative.com\/\",\"logo\":{\"@type\":\"ImageObject\",\"inLanguage\":\"fr-FR\",\"@id\":\"https:\/\/nyschildrensasthmainitiative.com\/#\/schema\/logo\/image\/\",\"url\":\"https:\/\/nyschildrensasthma.org\/wp-content\/uploads\/2023\/08\/cropped-FY23-NYS-CAI-Logo_Horiz_Digital-e1692113998994.png\",\"contentUrl\":\"https:\/\/nyschildrensasthma.org\/wp-content\/uploads\/2023\/08\/cropped-FY23-NYS-CAI-Logo_Horiz_Digital-e1692113998994.png\",\"width\":544,\"height\":141,\"caption\":\"New York State Children's Asthma Initiative\"},\"image\":{\"@id\":\"https:\/\/nyschildrensasthmainitiative.com\/#\/schema\/logo\/image\/\"}}]}<\/script>\n<!-- \/ Yoast SEO plugin. -->","yoast_head_json":{"title":"NYS PCAP Participant Objectives - New York State Childrens Asthma Initiative (Initiative pour l'asthme chez les enfants de l'\u00c9tat de New York)","description":"Le projet BREATHE NY vise \u00e0 am\u00e9liorer les r\u00e9sultats en mati\u00e8re de sant\u00e9 et la qualit\u00e9 de vie des enfants souffrant d'asthme et \u00e0 r\u00e9duire le nombre de visites aux urgences chez les enfants.","robots":{"index":"index","follow":"follow","max-snippet":"max-snippet:-1","max-image-preview":"max-image-preview:large","max-video-preview":"max-video-preview:-1"},"canonical":"https:\/\/nyschildrensasthma.org\/fr\/nyspcap-participantobjectives\/","og_locale":"fr_FR","og_type":"article","og_title":"NYS PCAP Participant Objectives &#8211; New York State Childrens Asthma Initiative","og_description":"Project BREATHE NY aims to improve health outcomes and quality of life for children with asthma and reduce emergency visits among children.","og_url":"https:\/\/nyschildrensasthma.org\/fr\/nyspcap-participantobjectives\/","og_site_name":"New York State Childrens Asthma Initiative","article_modified_time":"2025-10-28T14:50:34+00:00","og_image":[{"width":1024,"height":768,"url":"https:\/\/nyschildrensasthma.org\/wp-content\/uploads\/2025\/08\/nyspcap.png","type":"image\/png"}],"twitter_card":"summary_large_image","twitter_misc":{"Dur\u00e9e de lecture estim\u00e9e":"2 minutes"},"schema":{"@context":"https:\/\/schema.org","@graph":[{"@type":"WebPage","@id":"https:\/\/nyschildrensasthma.org\/nyspcap-participantobjectives\/","url":"https:\/\/nyschildrensasthma.org\/nyspcap-participantobjectives\/","name":"NYS PCAP Participant Objectives - New York State Childrens Asthma Initiative (Initiative pour l'asthme chez les enfants de l'\u00c9tat de New York)","isPartOf":{"@id":"https:\/\/nyschildrensasthmainitiative.com\/#website"},"primaryImageOfPage":{"@id":"https:\/\/nyschildrensasthma.org\/nyspcap-participantobjectives\/#primaryimage"},"image":{"@id":"https:\/\/nyschildrensasthma.org\/nyspcap-participantobjectives\/#primaryimage"},"thumbnailUrl":"https:\/\/nyschildrensasthma.org\/wp-content\/uploads\/2025\/08\/nyspcap.png","datePublished":"2025-06-05T15:47:36+00:00","dateModified":"2025-10-28T14:50:34+00:00","description":"Le projet BREATHE NY vise \u00e0 am\u00e9liorer les r\u00e9sultats en mati\u00e8re de sant\u00e9 et la qualit\u00e9 de vie des enfants souffrant d'asthme et \u00e0 r\u00e9duire le nombre de visites aux urgences chez les enfants.","breadcrumb":{"@id":"https:\/\/nyschildrensasthma.org\/nyspcap-participantobjectives\/#breadcrumb"},"inLanguage":"fr-FR","potentialAction":[{"@type":"ReadAction","target":["https:\/\/nyschildrensasthma.org\/nyspcap-participantobjectives\/"]}]},{"@type":"ImageObject","inLanguage":"fr-FR","@id":"https:\/\/nyschildrensasthma.org\/nyspcap-participantobjectives\/#primaryimage","url":"https:\/\/nyschildrensasthma.org\/wp-content\/uploads\/2025\/08\/nyspcap.png","contentUrl":"https:\/\/nyschildrensasthma.org\/wp-content\/uploads\/2025\/08\/nyspcap.png"},{"@type":"BreadcrumbList","@id":"https:\/\/nyschildrensasthma.org\/nyspcap-participantobjectives\/#breadcrumb","itemListElement":[{"@type":"ListItem","position":1,"name":"Home","item":"https:\/\/nyschildrensasthma.org\/"},{"@type":"ListItem","position":2,"name":"NYS PCAP Participant Objectives"}]},{"@type":"WebSite","@id":"https:\/\/nyschildrensasthmainitiative.com\/#website","url":"https:\/\/nyschildrensasthmainitiative.com\/","name":"Initiative de l'\u00c9tat de New York sur l'asthme chez les enfants","description":"Fournir des soins bas\u00e9s sur des lignes directrices pour les \u00e9coles et les enfants asthmatiques dans l'\u00c9tat de New York","publisher":{"@id":"https:\/\/nyschildrensasthmainitiative.com\/#organization"},"potentialAction":[{"@type":"SearchAction","target":{"@type":"EntryPoint","urlTemplate":"https:\/\/nyschildrensasthmainitiative.com\/?s={search_term_string}"},"query-input":{"@type":"PropertyValueSpecification","valueRequired":true,"valueName":"search_term_string"}}],"inLanguage":"fr-FR"},{"@type":"Organization","@id":"https:\/\/nyschildrensasthmainitiative.com\/#organization","name":"Initiative de l'\u00c9tat de New York sur l'asthme chez les enfants","url":"https:\/\/nyschildrensasthmainitiative.com\/","logo":{"@type":"ImageObject","inLanguage":"fr-FR","@id":"https:\/\/nyschildrensasthmainitiative.com\/#\/schema\/logo\/image\/","url":"https:\/\/nyschildrensasthma.org\/wp-content\/uploads\/2023\/08\/cropped-FY23-NYS-CAI-Logo_Horiz_Digital-e1692113998994.png","contentUrl":"https:\/\/nyschildrensasthma.org\/wp-content\/uploads\/2023\/08\/cropped-FY23-NYS-CAI-Logo_Horiz_Digital-e1692113998994.png","width":544,"height":141,"caption":"New York State Children's Asthma Initiative"},"image":{"@id":"https:\/\/nyschildrensasthmainitiative.com\/#\/schema\/logo\/image\/"}}]}},"_links":{"self":[{"href":"https:\/\/nyschildrensasthma.org\/fr\/wp-json\/wp\/v2\/pages\/5856","targetHints":{"allow":["GET"]}}],"collection":[{"href":"https:\/\/nyschildrensasthma.org\/fr\/wp-json\/wp\/v2\/pages"}],"about":[{"href":"https:\/\/nyschildrensasthma.org\/fr\/wp-json\/wp\/v2\/types\/page"}],"author":[{"embeddable":true,"href":"https:\/\/nyschildrensasthma.org\/fr\/wp-json\/wp\/v2\/users\/1"}],"replies":[{"embeddable":true,"href":"https:\/\/nyschildrensasthma.org\/fr\/wp-json\/wp\/v2\/comments?post=5856"}],"version-history":[{"count":25,"href":"https:\/\/nyschildrensasthma.org\/fr\/wp-json\/wp\/v2\/pages\/5856\/revisions"}],"predecessor-version":[{"id":6533,"href":"https:\/\/nyschildrensasthma.org\/fr\/wp-json\/wp\/v2\/pages\/5856\/revisions\/6533"}],"wp:attachment":[{"href":"https:\/\/nyschildrensasthma.org\/fr\/wp-json\/wp\/v2\/media?parent=5856"}],"curies":[{"name":"wp","href":"https:\/\/api.w.org\/{rel}","templated":true}]}}