{"id":5856,"date":"2025-06-05T15:47:36","date_gmt":"2025-06-05T15:47:36","guid":{"rendered":"https:\/\/nyschildrensasthma.org\/?page_id=5856"},"modified":"2025-10-28T14:50:34","modified_gmt":"2025-10-28T14:50:34","slug":"nyspcap-participantobjectives","status":"publish","type":"page","link":"https:\/\/nyschildrensasthma.org\/es_ve\/nyspcap-participantobjectives\/","title":{"rendered":"Objetivos de los participantes en el PCAP del estado de Nueva York"},"content":{"rendered":"<div data-elementor-type=\"wp-post\" data-elementor-id=\"5856\" class=\"elementor elementor-5856\" data-elementor-post-type=\"page\">\n\t\t\t\t\t\t<section class=\"elementor-section elementor-top-section elementor-element elementor-element-b430b58 elementor-section-boxed elementor-section-height-default elementor-section-height-default\" data-id=\"b430b58\" data-element_type=\"section\" data-e-type=\"section\" data-settings=\"{&quot;background_background&quot;:&quot;classic&quot;}\">\n\t\t\t\t\t\t<div class=\"elementor-container elementor-column-gap-default\">\n\t\t\t\t\t<div class=\"elementor-column elementor-col-100 elementor-top-column elementor-element elementor-element-62a7e7a3\" data-id=\"62a7e7a3\" data-element_type=\"column\" data-e-type=\"column\">\n\t\t\t<div class=\"elementor-widget-wrap elementor-element-populated\">\n\t\t\t\t\t\t<section class=\"elementor-section elementor-inner-section elementor-element elementor-element-7ffc4bc5 elementor-section-boxed elementor-section-height-default elementor-section-height-default\" data-id=\"7ffc4bc5\" data-element_type=\"section\" data-e-type=\"section\">\n\t\t\t\t\t\t<div class=\"elementor-container elementor-column-gap-default\">\n\t\t\t\t\t<div class=\"elementor-column elementor-col-100 elementor-inner-column elementor-element elementor-element-17795bdf\" data-id=\"17795bdf\" data-element_type=\"column\" data-e-type=\"column\">\n\t\t\t<div class=\"elementor-widget-wrap elementor-element-populated\">\n\t\t\t\t\t\t<div class=\"elementor-element elementor-element-a9e2318 elementor-widget elementor-widget-heading\" data-id=\"a9e2318\" data-element_type=\"widget\" data-e-type=\"widget\" data-widget_type=\"heading.default\">\n\t\t\t\t<div class=\"elementor-widget-container\">\n\t\t\t\t\t<h2 class=\"elementor-heading-title elementor-size-default\">Participe en el PCAP del estado de Nueva York.<\/h2>\t\t\t\t<\/div>\n\t\t\t\t<\/div>\n\t\t\t\t<div class=\"elementor-element elementor-element-b3dd8da elementor-widget elementor-widget-text-editor\" data-id=\"b3dd8da\" data-element_type=\"widget\" data-e-type=\"widget\" data-widget_type=\"text-editor.default\">\n\t\t\t\t<div class=\"elementor-widget-container\">\n\t\t\t\t\t\t\t\t\t<p>El NYS PCAP tiene como objetivo ampliar los conocimientos de los m\u00e9dicos de cabecera sobre la prestaci\u00f3n de atenci\u00f3n m\u00e9dica para el asma basada en directrices a ni\u00f1os y adultos en todo el estado de Nueva York. El cumplimiento de los cuatro objetivos del NYS PCAP le proporcionar\u00e1 la base necesaria para comenzar a prestar atenci\u00f3n m\u00e9dica para el asma en sus consultas.<\/p>\t\t\t\t\t\t\t\t<\/div>\n\t\t\t\t<\/div>\n\t\t\t\t\t<\/div>\n\t\t<\/div>\n\t\t\t\t\t<\/div>\n\t\t<\/section>\n\t\t\t\t\t<\/div>\n\t\t<\/div>\n\t\t\t\t\t<\/div>\n\t\t<\/section>\n\t\t\t\t<section class=\"elementor-section elementor-top-section elementor-element elementor-element-35ba92a elementor-hidden-tablet elementor-hidden-mobile elementor-section-boxed elementor-section-height-default elementor-section-height-default\" data-id=\"35ba92a\" data-element_type=\"section\" data-e-type=\"section\" data-settings=\"{&quot;background_background&quot;:&quot;classic&quot;}\">\n\t\t\t\t\t\t\t<div class=\"elementor-background-overlay\"><\/div>\n\t\t\t\t\t\t\t<div class=\"elementor-container elementor-column-gap-default\">\n\t\t\t\t\t<div class=\"elementor-column elementor-col-100 elementor-top-column elementor-element elementor-element-a38525c\" data-id=\"a38525c\" data-element_type=\"column\" data-e-type=\"column\">\n\t\t\t<div class=\"elementor-widget-wrap elementor-element-populated\">\n\t\t\t\t\t\t<div class=\"elementor-element elementor-element-d317a87 elementor-widget__width-initial elementor-widget elementor-widget-heading\" data-id=\"d317a87\" data-element_type=\"widget\" data-e-type=\"widget\" data-widget_type=\"heading.default\">\n\t\t\t\t<div class=\"elementor-widget-container\">\n\t\t\t\t\t<h2 class=\"elementor-heading-title elementor-size-default\">Mejore su comprensi\u00f3n del manejo del asma basado en directrices<\/h2>\t\t\t\t<\/div>\n\t\t\t\t<\/div>\n\t\t\t\t<div class=\"elementor-element elementor-element-e875dd2 elementor-widget elementor-widget-image\" data-id=\"e875dd2\" data-element_type=\"widget\" data-e-type=\"widget\" data-widget_type=\"image.default\">\n\t\t\t\t<div class=\"elementor-widget-container\">\n\t\t\t\t\t\t\t\t\t\t\t\t\t\t\t<img fetchpriority=\"high\" decoding=\"async\" width=\"1024\" height=\"768\" src=\"https:\/\/nyschildrensasthma.org\/wp-content\/uploads\/2025\/08\/nyspcap.png\" class=\"attachment-full size-full wp-image-6237\" alt=\"\" srcset=\"https:\/\/nyschildrensasthma.org\/wp-content\/uploads\/2025\/08\/nyspcap.png 1024w, https:\/\/nyschildrensasthma.org\/wp-content\/uploads\/2025\/08\/nyspcap-300x225.png 300w, https:\/\/nyschildrensasthma.org\/wp-content\/uploads\/2025\/08\/nyspcap-768x576.png 768w\" sizes=\"(max-width: 1024px) 100vw, 1024px\" \/>\t\t\t\t\t\t\t\t\t\t\t\t\t\t\t<\/div>\n\t\t\t\t<\/div>\n\t\t\t\t\t<\/div>\n\t\t<\/div>\n\t\t\t\t\t<\/div>\n\t\t<\/section>\n\t\t<div class=\"elementor-element elementor-element-84a9401 e-flex e-con-boxed e-con e-parent\" data-id=\"84a9401\" data-element_type=\"container\" data-e-type=\"container\" data-settings=\"{&quot;background_background&quot;:&quot;classic&quot;}\">\n\t\t\t\t\t<div class=\"e-con-inner\">\n\t\t\t\t<div class=\"elementor-element elementor-element-7637aa8 elementor-widget elementor-widget-heading\" data-id=\"7637aa8\" data-element_type=\"widget\" data-e-type=\"widget\" data-widget_type=\"heading.default\">\n\t\t\t\t<div class=\"elementor-widget-container\">\n\t\t\t\t\t<h2 class=\"elementor-heading-title elementor-size-default\">Componentes del PCAP del estado de Nueva York<\/h2>\t\t\t\t<\/div>\n\t\t\t\t<\/div>\n\t\t\t\t<div class=\"elementor-element elementor-element-a6af35d elementor-widget elementor-widget-heading\" data-id=\"a6af35d\" data-element_type=\"widget\" data-e-type=\"widget\" data-widget_type=\"heading.default\">\n\t\t\t\t<div class=\"elementor-widget-container\">\n\t\t\t\t\t<h3 class=\"elementor-heading-title elementor-size-default\">D\u00eda de observaci\u00f3n<\/h3>\t\t\t\t<\/div>\n\t\t\t\t<\/div>\n\t\t\t\t<div class=\"elementor-element elementor-element-481a402 elementor-widget elementor-widget-text-editor\" data-id=\"481a402\" data-element_type=\"widget\" data-e-type=\"widget\" data-widget_type=\"text-editor.default\">\n\t\t\t\t<div class=\"elementor-widget-container\">\n\t\t\t\t\t\t\t\t\t<p><strong>Sesi\u00f3n introductoria:<\/strong> El D\u00eda de Observaci\u00f3n del PCAP del estado de Nueva York comienza con una sesi\u00f3n introductoria de 30 minutos con usted y su preceptor asignado. El preceptor har\u00e1 las presentaciones, describir\u00e1 las metas y los objetivos del programa y revisar\u00e1 el kit de herramientas y los materiales. En ese momento, usted realizar\u00e1 una prueba previa.<\/p><p><strong>Visitas de pacientes: <\/strong>Usted \u201cacompa\u00f1a\u201d al preceptor mientras realiza las visitas a los pacientes con asma. Se realizar\u00e1n entre cinco y ocho visitas, en promedio, incluyendo una combinaci\u00f3n de citas con pacientes nuevos y citas de seguimiento. Entre visita y visita, el preceptor revisa la informaci\u00f3n relevante y relaciona las visitas con el asma.<br \/>gesti\u00f3n de cuidados.<\/p><p><strong>Sesi\u00f3n de clausura:<\/strong> El D\u00eda de Observaci\u00f3n del PCAP del estado de Nueva York termina con una sesi\u00f3n final de 30 a 45 minutos. Usted y el preceptor se re\u00fanen nuevamente para analizar la experiencia de observaci\u00f3n, responder preguntas y completar una prueba posterior. Se discutir\u00e1n los resultados de las pruebas previas y posteriores.<\/p><p><em>Tiempo total: aproximadamente 4 horas.<\/em><\/p>\t\t\t\t\t\t\t\t<\/div>\n\t\t\t\t<\/div>\n\t\t\t\t<div class=\"elementor-element elementor-element-1a23f13 elementor-widget elementor-widget-heading\" data-id=\"1a23f13\" data-element_type=\"widget\" data-e-type=\"widget\" data-widget_type=\"heading.default\">\n\t\t\t\t<div class=\"elementor-widget-container\">\n\t\t\t\t\t<h3 class=\"elementor-heading-title elementor-size-default\">Actividades posteriores al d\u00eda de observaci\u00f3n<\/h3>\t\t\t\t<\/div>\n\t\t\t\t<\/div>\n\t\t\t\t<div class=\"elementor-element elementor-element-9779981 elementor-widget elementor-widget-text-editor\" data-id=\"9779981\" data-element_type=\"widget\" data-e-type=\"widget\" data-widget_type=\"text-editor.default\">\n\t\t\t\t<div class=\"elementor-widget-container\">\n\t\t\t\t\t\t\t\t\t<p><strong>Estrategia para el asma basada en directrices:<\/strong> Trabajar\u00e1s con tu tutor para seleccionar una estrategia para el asma basada en las directrices que comenzar\u00e1s a implementar en tu consulta. Tambi\u00e9n recibir\u00e1s una encuesta de seguimiento seis meses despu\u00e9s del d\u00eda de observaci\u00f3n para evaluar la implementaci\u00f3n de la estrategia seleccionada.<\/p><p><strong>Seguimiento:<\/strong> Se realiza un seguimiento con todos los participantes para proporcionar apoyo adicional sobre la prestaci\u00f3n de atenci\u00f3n m\u00e9dica para el asma basada en las directrices y para determinar la eficacia del programa. Los preceptores est\u00e1n disponibles para comunicarse una vez finalizado el programa y se celebrar\u00e1n seminarios web de asistencia t\u00e9cnica trimestralmente para todos los participantes.<\/p>\t\t\t\t\t\t\t\t<\/div>\n\t\t\t\t<\/div>\n\t\t\t\t\t<\/div>\n\t\t\t\t<\/div>\n\t\t\t\t<section class=\"elementor-section elementor-top-section elementor-element elementor-element-3ef7dc2 elementor-section-boxed elementor-section-height-default elementor-section-height-default\" data-id=\"3ef7dc2\" data-element_type=\"section\" data-e-type=\"section\">\n\t\t\t\t\t\t<div class=\"elementor-container elementor-column-gap-default\">\n\t\t\t\t\t<div class=\"elementor-column elementor-col-50 elementor-top-column elementor-element elementor-element-c135d51\" data-id=\"c135d51\" data-element_type=\"column\" data-e-type=\"column\" data-settings=\"{&quot;background_background&quot;:&quot;classic&quot;}\">\n\t\t\t<div class=\"elementor-widget-wrap elementor-element-populated\">\n\t\t\t\t\t\t<div class=\"elementor-element elementor-element-f0c1bbb elementor-widget elementor-widget-text-editor\" data-id=\"f0c1bbb\" data-element_type=\"widget\" data-e-type=\"widget\" data-widget_type=\"text-editor.default\">\n\t\t\t\t<div class=\"elementor-widget-container\">\n\t\t\t\t\t\t\t\t\t<p><strong>Requisitos para participar:<\/strong><\/p><p>Los m\u00e9dicos de cabecera, como pediatras, m\u00e9dicos de familia y m\u00e9dicos generales, enfermeros practicantes y asistentes m\u00e9dicos pueden participar.\u00a0<\/p><p><strong>Incentivos para los participantes:<\/strong><\/p><p>Los participantes pueden recibir $400 por completar el programa Y obtener un certificado de finalizaci\u00f3n de un programa aprobado por el Departamento de Salud del Estado de Nueva York (NYSDOH) y la Asociaci\u00f3n Americana del Pulm\u00f3n.<\/p>\t\t\t\t\t\t\t\t<\/div>\n\t\t\t\t<\/div>\n\t\t\t\t\t<\/div>\n\t\t<\/div>\n\t\t\t\t<div class=\"elementor-column elementor-col-50 elementor-top-column elementor-element elementor-element-9e28d48\" data-id=\"9e28d48\" data-element_type=\"column\" data-e-type=\"column\">\n\t\t\t<div class=\"elementor-widget-wrap elementor-element-populated\">\n\t\t\t\t\t\t<div class=\"elementor-element elementor-element-80c7e5b elementor-widget elementor-widget-heading\" data-id=\"80c7e5b\" data-element_type=\"widget\" data-e-type=\"widget\" data-widget_type=\"heading.default\">\n\t\t\t\t<div class=\"elementor-widget-container\">\n\t\t\t\t\t<h3 class=\"elementor-heading-title elementor-size-default\">\u00bfListo para registrarte?<\/h3>\t\t\t\t<\/div>\n\t\t\t\t<\/div>\n\t\t\t\t<div class=\"elementor-element elementor-element-bcd0a34 elementor-widget__width-initial elementor-widget-tablet__width-inherit elementor-widget elementor-widget-text-editor\" data-id=\"bcd0a34\" data-element_type=\"widget\" data-e-type=\"widget\" data-widget_type=\"text-editor.default\">\n\t\t\t\t<div class=\"elementor-widget-container\">\n\t\t\t\t\t\t\t\t\t<p>Si est\u00e1 interesado en participar en el Programa de Preceptor\u00eda en Atenci\u00f3n Primaria para el Asma (PCAP) del estado de Nueva York, complete el formulario de inscripci\u00f3n para participantes. Actualmente, el PCAP cuenta con preceptores en las regiones del valle del Hudson, el centro de Nueva York, el oeste de Nueva York, Long Island y la ciudad de Nueva York.\u00a0<\/p>\t\t\t\t\t\t\t\t<\/div>\n\t\t\t\t<\/div>\n\t\t\t\t<div class=\"elementor-element elementor-element-5f5712c elementor-align-left elementor-button-info elementor-widget elementor-widget-button\" data-id=\"5f5712c\" data-element_type=\"widget\" data-e-type=\"widget\" data-widget_type=\"button.default\">\n\t\t\t\t<div class=\"elementor-widget-container\">\n\t\t\t\t\t\t\t\t\t<div class=\"elementor-button-wrapper\">\n\t\t\t\t\t<a class=\"elementor-button elementor-button-link elementor-size-sm\" href=\"https:\/\/forms.office.com\/Pages\/ResponsePage.aspx?id=ksbAgTjUaU6Q88DyyIpOxzA4F6k1Ht9Nj9vhfWGKKpFUREtIVjhURTBTRFEyM01QTlE3WEpKTE5STC4u\" target=\"_blank\" id=\"tracked-button\">\n\t\t\t\t\t\t<span class=\"elementor-button-content-wrapper\">\n\t\t\t\t\t\t\t\t\t<span class=\"elementor-button-text\">Formulario de inscripci\u00f3n para participantes en el PCAP PCP<\/span>\n\t\t\t\t\t<\/span>\n\t\t\t\t\t<\/a>\n\t\t\t\t<\/div>\n\t\t\t\t\t\t\t\t<\/div>\n\t\t\t\t<\/div>\n\t\t\t\t\t<\/div>\n\t\t<\/div>\n\t\t\t\t\t<\/div>\n\t\t<\/section>\n\t\t\t\t<\/div>","protected":false},"excerpt":{"rendered":"<p>Participate in the NYS PCAP NYS PCAP aims to expand expertise among PCPs on the delivery of guidelines-based asthma care to children and adults across New York State. Meeting NYS PCAP&#8217;s four objectives will give you the foundation needed to begin delivering asthma care in your practices. Enhance Your Understanding of Guidelines-Based Asthma Management NYS [&hellip;]<\/p>","protected":false},"author":1,"featured_media":0,"parent":0,"menu_order":0,"comment_status":"closed","ping_status":"closed","template":"","meta":{"footnotes":""},"class_list":["post-5856","page","type-page","status-publish","hentry"],"yoast_head":"<!-- This site is optimized with the Yoast SEO plugin v26.4 - https:\/\/yoast.com\/wordpress\/plugins\/seo\/ -->\n<title>NYS PCAP Participant Objectives &#8211; New York State Childrens Asthma Initiative<\/title>\n<meta name=\"description\" content=\"Project BREATHE NY aims to improve health outcomes and quality of life for children with asthma and reduce emergency visits among children.\" \/>\n<meta name=\"robots\" content=\"index, follow, max-snippet:-1, max-image-preview:large, max-video-preview:-1\" \/>\n<link rel=\"canonical\" href=\"https:\/\/nyschildrensasthma.org\/es_ve\/nyspcap-participantobjectives\/\" \/>\n<meta property=\"og:locale\" content=\"es_ES\" \/>\n<meta property=\"og:type\" content=\"article\" \/>\n<meta property=\"og:title\" content=\"NYS PCAP Participant Objectives &#8211; New York State Childrens Asthma Initiative\" \/>\n<meta property=\"og:description\" content=\"Project BREATHE NY aims to improve health outcomes and quality of life for children with asthma and reduce emergency visits among children.\" \/>\n<meta property=\"og:url\" content=\"https:\/\/nyschildrensasthma.org\/es_ve\/nyspcap-participantobjectives\/\" \/>\n<meta property=\"og:site_name\" content=\"New York State Childrens Asthma Initiative\" \/>\n<meta property=\"article:modified_time\" content=\"2025-10-28T14:50:34+00:00\" \/>\n<meta property=\"og:image\" content=\"https:\/\/nyschildrensasthma.org\/wp-content\/uploads\/2025\/08\/nyspcap.png\" \/>\n\t<meta property=\"og:image:width\" content=\"1024\" \/>\n\t<meta property=\"og:image:height\" content=\"768\" \/>\n\t<meta property=\"og:image:type\" content=\"image\/png\" \/>\n<meta name=\"twitter:card\" content=\"summary_large_image\" \/>\n<meta name=\"twitter:label1\" content=\"Tiempo estimado de lectura\" \/>\n\t<meta name=\"twitter:data1\" content=\"2 minutos\" \/>\n<script type=\"application\/ld+json\" class=\"yoast-schema-graph\">{\"@context\":\"https:\/\/schema.org\",\"@graph\":[{\"@type\":\"WebPage\",\"@id\":\"https:\/\/nyschildrensasthma.org\/nyspcap-participantobjectives\/\",\"url\":\"https:\/\/nyschildrensasthma.org\/nyspcap-participantobjectives\/\",\"name\":\"NYS PCAP Participant Objectives &#8211; New York State Childrens Asthma Initiative\",\"isPartOf\":{\"@id\":\"https:\/\/nyschildrensasthmainitiative.com\/#website\"},\"primaryImageOfPage\":{\"@id\":\"https:\/\/nyschildrensasthma.org\/nyspcap-participantobjectives\/#primaryimage\"},\"image\":{\"@id\":\"https:\/\/nyschildrensasthma.org\/nyspcap-participantobjectives\/#primaryimage\"},\"thumbnailUrl\":\"https:\/\/nyschildrensasthma.org\/wp-content\/uploads\/2025\/08\/nyspcap.png\",\"datePublished\":\"2025-06-05T15:47:36+00:00\",\"dateModified\":\"2025-10-28T14:50:34+00:00\",\"description\":\"Project BREATHE NY aims to improve health outcomes and quality of life for children with asthma and reduce emergency visits among children.\",\"breadcrumb\":{\"@id\":\"https:\/\/nyschildrensasthma.org\/nyspcap-participantobjectives\/#breadcrumb\"},\"inLanguage\":\"es\",\"potentialAction\":[{\"@type\":\"ReadAction\",\"target\":[\"https:\/\/nyschildrensasthma.org\/nyspcap-participantobjectives\/\"]}]},{\"@type\":\"ImageObject\",\"inLanguage\":\"es\",\"@id\":\"https:\/\/nyschildrensasthma.org\/nyspcap-participantobjectives\/#primaryimage\",\"url\":\"https:\/\/nyschildrensasthma.org\/wp-content\/uploads\/2025\/08\/nyspcap.png\",\"contentUrl\":\"https:\/\/nyschildrensasthma.org\/wp-content\/uploads\/2025\/08\/nyspcap.png\"},{\"@type\":\"BreadcrumbList\",\"@id\":\"https:\/\/nyschildrensasthma.org\/nyspcap-participantobjectives\/#breadcrumb\",\"itemListElement\":[{\"@type\":\"ListItem\",\"position\":1,\"name\":\"Home\",\"item\":\"https:\/\/nyschildrensasthma.org\/\"},{\"@type\":\"ListItem\",\"position\":2,\"name\":\"NYS PCAP Participant Objectives\"}]},{\"@type\":\"WebSite\",\"@id\":\"https:\/\/nyschildrensasthmainitiative.com\/#website\",\"url\":\"https:\/\/nyschildrensasthmainitiative.com\/\",\"name\":\"New York State Children's Asthma Initiative\",\"description\":\"Providing guidelines-based care for schools and children with asthma in New York State\",\"publisher\":{\"@id\":\"https:\/\/nyschildrensasthmainitiative.com\/#organization\"},\"potentialAction\":[{\"@type\":\"SearchAction\",\"target\":{\"@type\":\"EntryPoint\",\"urlTemplate\":\"https:\/\/nyschildrensasthmainitiative.com\/?s={search_term_string}\"},\"query-input\":{\"@type\":\"PropertyValueSpecification\",\"valueRequired\":true,\"valueName\":\"search_term_string\"}}],\"inLanguage\":\"es\"},{\"@type\":\"Organization\",\"@id\":\"https:\/\/nyschildrensasthmainitiative.com\/#organization\",\"name\":\"New York State Children's Asthma Initiative\",\"url\":\"https:\/\/nyschildrensasthmainitiative.com\/\",\"logo\":{\"@type\":\"ImageObject\",\"inLanguage\":\"es\",\"@id\":\"https:\/\/nyschildrensasthmainitiative.com\/#\/schema\/logo\/image\/\",\"url\":\"https:\/\/nyschildrensasthma.org\/wp-content\/uploads\/2023\/08\/cropped-FY23-NYS-CAI-Logo_Horiz_Digital-e1692113998994.png\",\"contentUrl\":\"https:\/\/nyschildrensasthma.org\/wp-content\/uploads\/2023\/08\/cropped-FY23-NYS-CAI-Logo_Horiz_Digital-e1692113998994.png\",\"width\":544,\"height\":141,\"caption\":\"New York State Children's Asthma Initiative\"},\"image\":{\"@id\":\"https:\/\/nyschildrensasthmainitiative.com\/#\/schema\/logo\/image\/\"}}]}<\/script>\n<!-- \/ Yoast SEO plugin. -->","yoast_head_json":{"title":"Objetivos de los participantes en el PCAP del estado de Nueva York: Iniciativa contra el asma infantil del estado de Nueva York","description":"El proyecto BREATHE NY tiene como objetivo mejorar los resultados de salud y la calidad de vida de los ni\u00f1os con asma y reducir las visitas a urgencias entre los ni\u00f1os.","robots":{"index":"index","follow":"follow","max-snippet":"max-snippet:-1","max-image-preview":"max-image-preview:large","max-video-preview":"max-video-preview:-1"},"canonical":"https:\/\/nyschildrensasthma.org\/es_ve\/nyspcap-participantobjectives\/","og_locale":"es_ES","og_type":"article","og_title":"NYS PCAP Participant Objectives &#8211; New York State Childrens Asthma Initiative","og_description":"Project BREATHE NY aims to improve health outcomes and quality of life for children with asthma and reduce emergency visits among children.","og_url":"https:\/\/nyschildrensasthma.org\/es_ve\/nyspcap-participantobjectives\/","og_site_name":"New York State Childrens Asthma Initiative","article_modified_time":"2025-10-28T14:50:34+00:00","og_image":[{"width":1024,"height":768,"url":"https:\/\/nyschildrensasthma.org\/wp-content\/uploads\/2025\/08\/nyspcap.png","type":"image\/png"}],"twitter_card":"summary_large_image","twitter_misc":{"Tiempo estimado de lectura":"2 minutos"},"schema":{"@context":"https:\/\/schema.org","@graph":[{"@type":"WebPage","@id":"https:\/\/nyschildrensasthma.org\/nyspcap-participantobjectives\/","url":"https:\/\/nyschildrensasthma.org\/nyspcap-participantobjectives\/","name":"Objetivos de los participantes en el PCAP del estado de Nueva York: Iniciativa contra el asma infantil del estado de Nueva York","isPartOf":{"@id":"https:\/\/nyschildrensasthmainitiative.com\/#website"},"primaryImageOfPage":{"@id":"https:\/\/nyschildrensasthma.org\/nyspcap-participantobjectives\/#primaryimage"},"image":{"@id":"https:\/\/nyschildrensasthma.org\/nyspcap-participantobjectives\/#primaryimage"},"thumbnailUrl":"https:\/\/nyschildrensasthma.org\/wp-content\/uploads\/2025\/08\/nyspcap.png","datePublished":"2025-06-05T15:47:36+00:00","dateModified":"2025-10-28T14:50:34+00:00","description":"El proyecto BREATHE NY tiene como objetivo mejorar los resultados de salud y la calidad de vida de los ni\u00f1os con asma y reducir las visitas a urgencias entre los ni\u00f1os.","breadcrumb":{"@id":"https:\/\/nyschildrensasthma.org\/nyspcap-participantobjectives\/#breadcrumb"},"inLanguage":"es","potentialAction":[{"@type":"ReadAction","target":["https:\/\/nyschildrensasthma.org\/nyspcap-participantobjectives\/"]}]},{"@type":"ImageObject","inLanguage":"es","@id":"https:\/\/nyschildrensasthma.org\/nyspcap-participantobjectives\/#primaryimage","url":"https:\/\/nyschildrensasthma.org\/wp-content\/uploads\/2025\/08\/nyspcap.png","contentUrl":"https:\/\/nyschildrensasthma.org\/wp-content\/uploads\/2025\/08\/nyspcap.png"},{"@type":"BreadcrumbList","@id":"https:\/\/nyschildrensasthma.org\/nyspcap-participantobjectives\/#breadcrumb","itemListElement":[{"@type":"ListItem","position":1,"name":"Home","item":"https:\/\/nyschildrensasthma.org\/"},{"@type":"ListItem","position":2,"name":"NYS PCAP Participant Objectives"}]},{"@type":"WebSite","@id":"https:\/\/nyschildrensasthmainitiative.com\/#website","url":"https:\/\/nyschildrensasthmainitiative.com\/","name":"Iniciativa contra el asma infantil del estado de Nueva York","description":"Proporcionar atenci\u00f3n basada en directrices para escuelas y ni\u00f1os con asma en el estado de Nueva York.","publisher":{"@id":"https:\/\/nyschildrensasthmainitiative.com\/#organization"},"potentialAction":[{"@type":"SearchAction","target":{"@type":"EntryPoint","urlTemplate":"https:\/\/nyschildrensasthmainitiative.com\/?s={search_term_string}"},"query-input":{"@type":"PropertyValueSpecification","valueRequired":true,"valueName":"search_term_string"}}],"inLanguage":"es"},{"@type":"Organization","@id":"https:\/\/nyschildrensasthmainitiative.com\/#organization","name":"Iniciativa contra el asma infantil del estado de Nueva York","url":"https:\/\/nyschildrensasthmainitiative.com\/","logo":{"@type":"ImageObject","inLanguage":"es","@id":"https:\/\/nyschildrensasthmainitiative.com\/#\/schema\/logo\/image\/","url":"https:\/\/nyschildrensasthma.org\/wp-content\/uploads\/2023\/08\/cropped-FY23-NYS-CAI-Logo_Horiz_Digital-e1692113998994.png","contentUrl":"https:\/\/nyschildrensasthma.org\/wp-content\/uploads\/2023\/08\/cropped-FY23-NYS-CAI-Logo_Horiz_Digital-e1692113998994.png","width":544,"height":141,"caption":"New York State Children's Asthma Initiative"},"image":{"@id":"https:\/\/nyschildrensasthmainitiative.com\/#\/schema\/logo\/image\/"}}]}},"_links":{"self":[{"href":"https:\/\/nyschildrensasthma.org\/es_ve\/wp-json\/wp\/v2\/pages\/5856","targetHints":{"allow":["GET"]}}],"collection":[{"href":"https:\/\/nyschildrensasthma.org\/es_ve\/wp-json\/wp\/v2\/pages"}],"about":[{"href":"https:\/\/nyschildrensasthma.org\/es_ve\/wp-json\/wp\/v2\/types\/page"}],"author":[{"embeddable":true,"href":"https:\/\/nyschildrensasthma.org\/es_ve\/wp-json\/wp\/v2\/users\/1"}],"replies":[{"embeddable":true,"href":"https:\/\/nyschildrensasthma.org\/es_ve\/wp-json\/wp\/v2\/comments?post=5856"}],"version-history":[{"count":25,"href":"https:\/\/nyschildrensasthma.org\/es_ve\/wp-json\/wp\/v2\/pages\/5856\/revisions"}],"predecessor-version":[{"id":6533,"href":"https:\/\/nyschildrensasthma.org\/es_ve\/wp-json\/wp\/v2\/pages\/5856\/revisions\/6533"}],"wp:attachment":[{"href":"https:\/\/nyschildrensasthma.org\/es_ve\/wp-json\/wp\/v2\/media?parent=5856"}],"curies":[{"name":"wp","href":"https:\/\/api.w.org\/{rel}","templated":true}]}}