{"id":637,"date":"2023-08-24T19:23:49","date_gmt":"2023-08-24T19:23:49","guid":{"rendered":"https:\/\/nyschildrensasthma.org\/?page_id=637"},"modified":"2026-02-13T20:17:21","modified_gmt":"2026-02-13T20:17:21","slug":"contact","status":"publish","type":"page","link":"https:\/\/nyschildrensasthma.org\/de\/contact\/","title":{"rendered":"Kontakt"},"content":{"rendered":"<div data-elementor-type=\"wp-post\" data-elementor-id=\"637\" class=\"elementor elementor-637\" data-elementor-post-type=\"page\">\n\t\t\t\t\t\t<section class=\"elementor-section elementor-top-section elementor-element elementor-element-581f4a4 elementor-reverse-tablet elementor-reverse-mobile elementor-section-boxed elementor-section-height-default elementor-section-height-default\" data-id=\"581f4a4\" data-element_type=\"section\" data-e-type=\"section\">\n\t\t\t\t\t\t<div class=\"elementor-container elementor-column-gap-default\">\n\t\t\t\t\t<div class=\"elementor-column elementor-col-100 elementor-top-column elementor-element elementor-element-d60d091\" data-id=\"d60d091\" data-element_type=\"column\" data-e-type=\"column\">\n\t\t\t<div class=\"elementor-widget-wrap elementor-element-populated\">\n\t\t\t\t\t\t<div class=\"elementor-element elementor-element-6b59927 elementor-widget elementor-widget-heading\" data-id=\"6b59927\" data-element_type=\"widget\" data-e-type=\"widget\" data-widget_type=\"heading.default\">\n\t\t\t\t<div class=\"elementor-widget-container\">\n\t\t\t\t\t<h2 class=\"elementor-heading-title elementor-size-default\">Kontakt<\/h2>\t\t\t\t<\/div>\n\t\t\t\t<\/div>\n\t\t\t\t<div class=\"elementor-element elementor-element-9e615f6 elementor-button-align-start elementor-widget elementor-widget-form\" data-id=\"9e615f6\" data-element_type=\"widget\" data-e-type=\"widget\" data-settings=\"{&quot;step_next_label&quot;:&quot;Next&quot;,&quot;step_previous_label&quot;:&quot;Previous&quot;,&quot;button_width&quot;:&quot;100&quot;,&quot;step_type&quot;:&quot;number_text&quot;,&quot;step_icon_shape&quot;:&quot;circle&quot;}\" data-widget_type=\"form.default\">\n\t\t\t\t<div class=\"elementor-widget-container\">\n\t\t\t\t\t\t\t<form class=\"elementor-form\" method=\"post\" id=\"APNYform\" name=\"APNY Form\" aria-label=\"APNY-Formular\" action=\"\">\n\t\t\t<input type=\"hidden\" name=\"post_id\" value=\"637\"\/>\n\t\t\t<input type=\"hidden\" name=\"form_id\" value=\"9e615f6\"\/>\n\t\t\t<input type=\"hidden\" name=\"referer_title\" value=\"Contact &#8211; New York State Childrens Asthma Initiative\" \/>\n\n\t\t\t\t\t\t\t<input type=\"hidden\" name=\"queried_id\" value=\"637\"\/>\n\t\t\t\n\t\t\t<div class=\"elementor-form-fields-wrapper elementor-labels-above\">\n\t\t\t\t\t\t\t\t<div class=\"elementor-field-type-text elementor-field-group elementor-column elementor-field-group-name elementor-col-100 elementor-field-required elementor-mark-required\">\n\t\t\t\t\t\t\t\t\t\t\t\t<label for=\"form-field-name\" class=\"elementor-field-label\">\n\t\t\t\t\t\t\t\tName\t\t\t\t\t\t\t<\/label>\n\t\t\t\t\t\t\t\t\t\t\t\t\t\t<input size=\"1\" type=\"text\" name=\"form_fields[name]\" id=\"form-field-name\" class=\"elementor-field elementor-size-sm  elementor-field-textual\" required=\"required\">\n\t\t\t\t\t\t\t\t\t\t\t<\/div>\n\t\t\t\t\t\t\t\t<div class=\"elementor-field-type-text elementor-field-group elementor-column elementor-field-group-email elementor-col-100 elementor-field-required elementor-mark-required\">\n\t\t\t\t\t\t\t\t\t\t\t\t<label for=\"form-field-email\" class=\"elementor-field-label\">\n\t\t\t\t\t\t\t\tTitel\t\t\t\t\t\t\t<\/label>\n\t\t\t\t\t\t\t\t\t\t\t\t\t\t<input size=\"1\" type=\"text\" name=\"form_fields[email]\" id=\"form-field-email\" class=\"elementor-field elementor-size-sm  elementor-field-textual\" required=\"required\">\n\t\t\t\t\t\t\t\t\t\t\t<\/div>\n\t\t\t\t\t\t\t\t<div class=\"elementor-field-type-email elementor-field-group elementor-column elementor-field-group-field_9f6d891 elementor-col-100 elementor-field-required elementor-mark-required\">\n\t\t\t\t\t\t\t\t\t\t\t\t<label for=\"form-field-field_9f6d891\" class=\"elementor-field-label\">\n\t\t\t\t\t\t\t\tE-Mail\t\t\t\t\t\t\t<\/label>\n\t\t\t\t\t\t\t\t\t\t\t\t\t\t<input size=\"1\" type=\"email\" name=\"form_fields[field_9f6d891]\" id=\"form-field-field_9f6d891\" class=\"elementor-field elementor-size-sm  elementor-field-textual\" required=\"required\">\n\t\t\t\t\t\t\t\t\t\t\t<\/div>\n\t\t\t\t\t\t\t\t<div class=\"elementor-field-type-text elementor-field-group elementor-column elementor-field-group-field_6702586 elementor-col-100 elementor-field-required elementor-mark-required\">\n\t\t\t\t\t\t\t\t\t\t\t\t<label for=\"form-field-field_6702586\" class=\"elementor-field-label\">\n\t\t\t\t\t\t\t\tOrganisation\t\t\t\t\t\t\t<\/label>\n\t\t\t\t\t\t\t\t\t\t\t\t\t\t<input size=\"1\" type=\"text\" name=\"form_fields[field_6702586]\" id=\"form-field-field_6702586\" class=\"elementor-field elementor-size-sm  elementor-field-textual\" required=\"required\">\n\t\t\t\t\t\t\t\t\t\t\t<\/div>\n\t\t\t\t\t\t\t\t<div class=\"elementor-field-type-textarea elementor-field-group elementor-column elementor-field-group-field_741f036 elementor-col-100 elementor-field-required elementor-mark-required\">\n\t\t\t\t\t\t\t\t\t\t\t\t<label for=\"form-field-field_741f036\" class=\"elementor-field-label\">\n\t\t\t\t\t\t\t\tOrganisation Adresse\t\t\t\t\t\t\t<\/label>\n\t\t\t\t\t\t<textarea class=\"elementor-field-textual elementor-field  elementor-size-sm\" name=\"form_fields[field_741f036]\" id=\"form-field-field_741f036\" rows=\"4\" required=\"required\"><\/textarea>\t\t\t\t<\/div>\n\t\t\t\t\t\t\t\t<div class=\"elementor-field-type-select elementor-field-group elementor-column elementor-field-group-field_7069b5e elementor-col-100\">\n\t\t\t\t\t\t\t\t\t\t\t\t<label for=\"form-field-field_7069b5e\" class=\"elementor-field-label\">\n\t\t\t\t\t\t\t\tBedienter Bezirk:\t\t\t\t\t\t\t<\/label>\n\t\t\t\t\t\t\t\t<div class=\"elementor-field elementor-select-wrapper remove-before\">\n\t\t\t<div class=\"select-caret-down-wrapper\">\n\t\t\t\t<svg aria-hidden=\"true\" class=\"e-font-icon-svg e-eicon-caret-down\" viewbox=\"0 0 571.4 571.4\" xmlns=\"http:\/\/www.w3.org\/2000\/svg\"><path d=\"M571 393Q571 407 561 418L311 668Q300 679 286 679T261 668L11 418Q0 407 0 393T11 368 36 357H536Q550 357 561 368T571 393Z\"><\/path><\/svg>\t\t\t<\/div>\n\t\t\t<select name=\"form_fields[field_7069b5e]\" id=\"form-field-field_7069b5e\" class=\"elementor-field-textual elementor-size-sm\">\n\t\t\t\t\t\t\t\t\t<option value=\"Albany County\">Albany Grafschaft<\/option>\n\t\t\t\t\t\t\t\t\t<option value=\"Allegany County\">Allegany Grafschaft<\/option>\n\t\t\t\t\t\t\t\t\t<option value=\"Bronx County\">Bronx Grafschaft<\/option>\n\t\t\t\t\t\t\t\t\t<option value=\"Broome County\">Broome Grafschaft<\/option>\n\t\t\t\t\t\t\t\t\t<option value=\"Cattaraugus County\">Cattaraugus Grafschaft<\/option>\n\t\t\t\t\t\t\t\t\t<option value=\"Cayuga County\">Cayuga Grafschaft<\/option>\n\t\t\t\t\t\t\t\t\t<option value=\"Chautauqua County\">Chautauqua Grafschaft<\/option>\n\t\t\t\t\t\t\t\t\t<option value=\"Chemung County\">Chemung Grafschaft<\/option>\n\t\t\t\t\t\t\t\t\t<option value=\"Chenango County\">Landkreis Chenango<\/option>\n\t\t\t\t\t\t\t\t\t<option value=\"Clinton County\">Clinton Grafschaft<\/option>\n\t\t\t\t\t\t\t\t\t<option value=\"Columbia County\">Grafschaft Columbia<\/option>\n\t\t\t\t\t\t\t\t\t<option value=\"Cortland County\">Landkreis Cortland<\/option>\n\t\t\t\t\t\t\t\t\t<option value=\"Delaware County\">Delaware Grafschaft<\/option>\n\t\t\t\t\t\t\t\t\t<option value=\"Dutchess County\">Dutchess County<\/option>\n\t\t\t\t\t\t\t\t\t<option value=\"Erie County\">Erie County<\/option>\n\t\t\t\t\t\t\t\t\t<option value=\"Essex County\">Grafschaft Essex<\/option>\n\t\t\t\t\t\t\t\t\t<option value=\"Franklin County\">Franklin Grafschaft<\/option>\n\t\t\t\t\t\t\t\t\t<option value=\"Fulton County\">Fulton Grafschaft<\/option>\n\t\t\t\t\t\t\t\t\t<option value=\"Genesee County\">Genesee Grafschaft<\/option>\n\t\t\t\t\t\t\t\t\t<option value=\"Greene County\">Landkreis Greene<\/option>\n\t\t\t\t\t\t\t\t\t<option value=\"Hamilton County\">Bezirk Hamilton<\/option>\n\t\t\t\t\t\t\t\t\t<option value=\"Herkimer County\">Herkimer Grafschaft<\/option>\n\t\t\t\t\t\t\t\t\t<option value=\"Jefferson County\">Jefferson Grafschaft<\/option>\n\t\t\t\t\t\t\t\t\t<option value=\"Kings County (Brooklyn)\">Kings County (Brooklyn)<\/option>\n\t\t\t\t\t\t\t\t\t<option value=\"Lewis County\">Landkreis Lewis<\/option>\n\t\t\t\t\t\t\t\t\t<option value=\"Livingston County\">Landkreis Livingston<\/option>\n\t\t\t\t\t\t\t\t\t<option value=\"Madison County\">Landkreis Madison<\/option>\n\t\t\t\t\t\t\t\t\t<option value=\"Monroe County\">Monroe Grafschaft<\/option>\n\t\t\t\t\t\t\t\t\t<option value=\"Montgomery County\">Montgomery Grafschaft<\/option>\n\t\t\t\t\t\t\t\t\t<option value=\"Nassau County\">Grafschaft Nassau<\/option>\n\t\t\t\t\t\t\t\t\t<option value=\"New York County (Manhattan)\">New Yorker Bezirk (Manhattan)<\/option>\n\t\t\t\t\t\t\t\t\t<option value=\"Niagara County\">Niagara Grafschaft<\/option>\n\t\t\t\t\t\t\t\t\t<option value=\"Oneida County\">Landkreis Oneida<\/option>\n\t\t\t\t\t\t\t\t\t<option value=\"Onondaga County\">Onondaga Grafschaft<\/option>\n\t\t\t\t\t\t\t\t\t<option value=\"Ontario County\">Landkreis Ontario<\/option>\n\t\t\t\t\t\t\t\t\t<option value=\"Orange County\">Orange County<\/option>\n\t\t\t\t\t\t\t\t\t<option value=\"Orleans County\">Landkreis Orleans<\/option>\n\t\t\t\t\t\t\t\t\t<option value=\"Oswego County\">Oswego Grafschaft<\/option>\n\t\t\t\t\t\t\t\t\t<option value=\"Otsego County\">Otsego Grafschaft<\/option>\n\t\t\t\t\t\t\t\t\t<option value=\"Putnam County\">Putnam Grafschaft<\/option>\n\t\t\t\t\t\t\t\t\t<option value=\"Queens County\">Queens County<\/option>\n\t\t\t\t\t\t\t\t\t<option value=\"Rensselaer County\">Rensselaer Grafschaft<\/option>\n\t\t\t\t\t\t\t\t\t<option value=\"Richmond County (Staten Island)\">Bezirk Richmond (Staten Island)<\/option>\n\t\t\t\t\t\t\t\t\t<option value=\"Rockland County\">Rockland Grafschaft<\/option>\n\t\t\t\t\t\t\t\t\t<option value=\"Saint Lawrence County\">Sankt-Lorenz-Grafschaft<\/option>\n\t\t\t\t\t\t\t\t\t<option value=\"Saratoga County\">Saratoga Grafschaft<\/option>\n\t\t\t\t\t\t\t\t\t<option value=\"Schenectady County\">Schenectady County<\/option>\n\t\t\t\t\t\t\t\t\t<option value=\"Schoharie County\">Schoharie Grafschaft<\/option>\n\t\t\t\t\t\t\t\t\t<option value=\"Schuyler County\">Grafschaft Schuyler<\/option>\n\t\t\t\t\t\t\t\t\t<option value=\"Seneca County\">Seneca-Grafschaft<\/option>\n\t\t\t\t\t\t\t\t\t<option value=\"Steuben County\">Steuben Grafschaft<\/option>\n\t\t\t\t\t\t\t\t\t<option value=\"Suffolk County\">Grafschaft Suffolk<\/option>\n\t\t\t\t\t\t\t\t\t<option value=\"Sullivan County\">Sullivan Grafschaft<\/option>\n\t\t\t\t\t\t\t\t\t<option value=\"Tioga County\">Grafschaft Tioga<\/option>\n\t\t\t\t\t\t\t\t\t<option value=\"Tompkins County\">Tompkins Grafschaft<\/option>\n\t\t\t\t\t\t\t\t\t<option value=\"Ulster County\">Grafschaft Ulster<\/option>\n\t\t\t\t\t\t\t\t\t<option value=\"Warren County\">Warren County<\/option>\n\t\t\t\t\t\t\t\t\t<option value=\"Washington County\">Landkreis Washington<\/option>\n\t\t\t\t\t\t\t\t\t<option value=\"Wayne County\">Wayne County<\/option>\n\t\t\t\t\t\t\t\t\t<option value=\"Westchester County\">Westchester County<\/option>\n\t\t\t\t\t\t\t\t\t<option value=\"Wyoming County\">Landkreis Wyoming<\/option>\n\t\t\t\t\t\t\t\t\t<option value=\"Yates County\">Grafschaft Yates<\/option>\n\t\t\t\t\t\t\t<\/select>\n\t\t<\/div>\n\t\t\t\t\t\t<\/div>\n\t\t\t\t\t\t\t\t<div class=\"elementor-field-type-checkbox elementor-field-group elementor-column elementor-field-group-message elementor-col-100\">\n\t\t\t\t\t\t\t\t\t\t\t\t<label for=\"form-field-message\" class=\"elementor-field-label\">\n\t\t\t\t\t\t\t\tZinsen\t\t\t\t\t\t\t<\/label>\n\t\t\t\t\t\t<div class=\"elementor-field-subgroup\"><span class=\"elementor-field-option\"><input type=\"checkbox\" value=\"APNY General Membership\" id=\"form-field-message-0\" name=\"form_fields[message][]\"> <label for=\"form-field-message-0\">Allgemeine APNY-Mitgliedschaft<\/label><\/span><span class=\"elementor-field-option\"><input type=\"checkbox\" value=\"APNY Steering Committee\" id=\"form-field-message-1\" name=\"form_fields[message][]\"> <label for=\"form-field-message-1\">APNY-Lenkungsausschuss<\/label><\/span><span class=\"elementor-field-option\"><input type=\"checkbox\" value=\"Academic\/College Partnership\" id=\"form-field-message-2\" name=\"form_fields[message][]\"> <label for=\"form-field-message-2\">Akademische\/Hochschulpartnerschaft<\/label><\/span><span class=\"elementor-field-option\"><input type=\"checkbox\" value=\"Project BREATHE NY Partner\" id=\"form-field-message-3\" name=\"form_fields[message][]\"> <label for=\"form-field-message-3\">Projekt BREATHE NY Partner<\/label><\/span><span class=\"elementor-field-option\"><input type=\"checkbox\" value=\"Schools\/Youth Serving Organization Partnership\" id=\"form-field-message-4\" name=\"form_fields[message][]\"> <label for=\"form-field-message-4\">Partnerschaft zwischen Schulen und Jugendhilfsorganisationen<\/label><\/span><span class=\"elementor-field-option\"><input type=\"checkbox\" value=\"Community Organization Partnership\" id=\"form-field-message-5\" name=\"form_fields[message][]\"> <label for=\"form-field-message-5\">Partnerschaft mit Gemeinschaftsorganisationen<\/label><\/span><span class=\"elementor-field-option\"><input type=\"checkbox\" value=\"TA for NYHER Asthma Remediation\" id=\"form-field-message-6\" name=\"form_fields[message][]\"> <label for=\"form-field-message-6\">TA f\u00fcr NYHER Asthma-Sanierung<\/label><\/span><span class=\"elementor-field-option\"><input type=\"checkbox\" value=\"ASME Training Inquiry\" id=\"form-field-message-7\" name=\"form_fields[message][]\"> <label for=\"form-field-message-7\">ASME-Schulungsanfrage<\/label><\/span><span class=\"elementor-field-option\"><input type=\"checkbox\" value=\"Asthma Education and Training\" id=\"form-field-message-8\" name=\"form_fields[message][]\"> <label for=\"form-field-message-8\">Asthma-Aufkl\u00e4rung und -Schulung<\/label><\/span><span class=\"elementor-field-option\"><input type=\"checkbox\" value=\"Other\" id=\"form-field-message-9\" name=\"form_fields[message][]\"> <label for=\"form-field-message-9\">Andere<\/label><\/span><\/div>\t\t\t\t<\/div>\n\t\t\t\t\t\t\t\t<div class=\"elementor-field-type-textarea elementor-field-group elementor-column elementor-field-group-field_41bc21d elementor-col-100\">\n\t\t\t\t\t\t\t\t\t\t\t\t<label for=\"form-field-field_41bc21d\" class=\"elementor-field-label\">\n\t\t\t\t\t\t\t\tNachricht \t\t\t\t\t\t\t<\/label>\n\t\t\t\t\t\t<textarea class=\"elementor-field-textual elementor-field  elementor-size-sm\" name=\"form_fields[field_41bc21d]\" id=\"form-field-field_41bc21d\" rows=\"3\" placeholder=\"Optional\"><\/textarea>\t\t\t\t<\/div>\n\t\t\t\t\t\t\t\t<div class=\"elementor-field-type-upload elementor-field-group elementor-column elementor-field-group-field_7b09c86 elementor-col-100\">\n\t\t\t\t\t\t\t\t\t\t\t\t<label for=\"form-field-field_7b09c86\" class=\"elementor-field-label\">\n\t\t\t\t\t\t\t\tAnh\u00e4nge\t\t\t\t\t\t\t<\/label>\n\t\t\t\t\t\t\t\t<input type=\"file\" name=\"form_fields[field_7b09c86][]\" id=\"form-field-field_7b09c86\" class=\"elementor-field elementor-size-sm  elementor-upload-field\" multiple=\"multiple\">\n\n\t\t\t\t\t\t<\/div>\n\t\t\t\t\t\t\t\t<div class=\"elementor-field-type-recaptcha_v3 elementor-field-group elementor-column elementor-field-group-field_9e208e5 elementor-col-100 recaptcha_v3-inline\">\n\t\t\t\t\t<div class=\"elementor-field\" id=\"form-field-field_9e208e5\"><div class=\"elementor-g-recaptcha\" data-sitekey=\"6LePn-UqAAAAANPEHEeNJH6HwjzLj6Rs4_SC2rSZ\" data-type=\"v3\" data-action=\"Form\" data-badge=\"inline\" data-size=\"invisible\"><\/div><\/div>\t\t\t\t<\/div>\n\t\t\t\t\t\t\t\t<div class=\"elementor-field-group elementor-column elementor-field-type-submit elementor-col-100 e-form__buttons\">\n\t\t\t\t\t<button class=\"elementor-button elementor-size-md\" type=\"submit\">\n\t\t\t\t\t\t<span class=\"elementor-button-content-wrapper\">\n\t\t\t\t\t\t\t\t\t\t\t\t\t\t\t\t\t\t\t\t\t\t<span class=\"elementor-button-text\">Einreichen<\/span>\n\t\t\t\t\t\t\t\t\t\t\t\t\t<\/span>\n\t\t\t\t\t<\/button>\n\t\t\t\t<\/div>\n\t\t\t<\/div>\n\t\t<input type=\"hidden\" name=\"trp-form-language\" value=\"de\"\/><\/form>\n\t\t\t\t\t\t<\/div>\n\t\t\t\t<\/div>\n\t\t\t\t\t<\/div>\n\t\t<\/div>\n\t\t\t\t\t<\/div>\n\t\t<\/section>\n\t\t\t\t<\/div>","protected":false},"excerpt":{"rendered":"<p>Kontakt<\/p>","protected":false},"author":1,"featured_media":0,"parent":0,"menu_order":0,"comment_status":"closed","ping_status":"closed","template":"","meta":{"footnotes":""},"class_list":["post-637","page","type-page","status-publish","hentry"],"yoast_head":"<!-- This site is optimized with the Yoast SEO plugin v26.4 - https:\/\/yoast.com\/wordpress\/plugins\/seo\/ -->\n<title>Contact &#8211; New York State Childrens Asthma Initiative<\/title>\n<meta name=\"description\" content=\"Please contact us if you are interested in working with the New York State Children&#039;s Asthma Initiative.\" \/>\n<meta name=\"robots\" content=\"index, follow, max-snippet:-1, max-image-preview:large, max-video-preview:-1\" \/>\n<link rel=\"canonical\" href=\"https:\/\/nyschildrensasthma.org\/de\/contact\/\" \/>\n<meta property=\"og:locale\" content=\"de_DE\" \/>\n<meta property=\"og:type\" content=\"article\" \/>\n<meta property=\"og:title\" content=\"Contact &#8211; New York State Childrens Asthma Initiative\" \/>\n<meta property=\"og:description\" content=\"Please contact us if you are interested in working with the New York State Children&#039;s Asthma Initiative.\" \/>\n<meta property=\"og:url\" content=\"https:\/\/nyschildrensasthma.org\/de\/contact\/\" \/>\n<meta property=\"og:site_name\" content=\"New York State Childrens Asthma Initiative\" \/>\n<meta property=\"article:modified_time\" content=\"2026-02-13T20:17:21+00:00\" \/>\n<meta property=\"og:image\" content=\"https:\/\/nyschildrensasthma.org\/wp-content\/uploads\/2023\/08\/FY23-NYS-CAI-Logo_Horiz_Digital-e1692113998994.png\" \/>\n\t<meta property=\"og:image:width\" content=\"544\" \/>\n\t<meta property=\"og:image:height\" content=\"141\" \/>\n\t<meta property=\"og:image:type\" content=\"image\/png\" \/>\n<meta name=\"twitter:card\" content=\"summary_large_image\" \/>\n<meta name=\"twitter:label1\" content=\"Gesch\u00e4tzte Lesezeit\" \/>\n\t<meta name=\"twitter:data1\" content=\"1\u00a0Minute\" \/>\n<script type=\"application\/ld+json\" class=\"yoast-schema-graph\">{\"@context\":\"https:\/\/schema.org\",\"@graph\":[{\"@type\":\"WebPage\",\"@id\":\"https:\/\/nyschildrensasthma.org\/en\/contact\/\",\"url\":\"https:\/\/nyschildrensasthma.org\/en\/contact\/\",\"name\":\"Contact &#8211; New York State Childrens Asthma Initiative\",\"isPartOf\":{\"@id\":\"https:\/\/nyschildrensasthmainitiative.com\/#website\"},\"datePublished\":\"2023-08-24T19:23:49+00:00\",\"dateModified\":\"2026-02-13T20:17:21+00:00\",\"description\":\"Please contact us if you are interested in working with the New York State Children's Asthma Initiative.\",\"breadcrumb\":{\"@id\":\"https:\/\/nyschildrensasthma.org\/en\/contact\/#breadcrumb\"},\"inLanguage\":\"de\",\"potentialAction\":[{\"@type\":\"ReadAction\",\"target\":[\"https:\/\/nyschildrensasthma.org\/en\/contact\/\"]}]},{\"@type\":\"BreadcrumbList\",\"@id\":\"https:\/\/nyschildrensasthma.org\/en\/contact\/#breadcrumb\",\"itemListElement\":[{\"@type\":\"ListItem\",\"position\":1,\"name\":\"Home\",\"item\":\"https:\/\/nyschildrensasthma.org\/\"},{\"@type\":\"ListItem\",\"position\":2,\"name\":\"Contact\"}]},{\"@type\":\"WebSite\",\"@id\":\"https:\/\/nyschildrensasthmainitiative.com\/#website\",\"url\":\"https:\/\/nyschildrensasthmainitiative.com\/\",\"name\":\"New York State Children's Asthma Initiative\",\"description\":\"Providing guidelines-based care for schools and children with asthma in New York State\",\"publisher\":{\"@id\":\"https:\/\/nyschildrensasthmainitiative.com\/#organization\"},\"potentialAction\":[{\"@type\":\"SearchAction\",\"target\":{\"@type\":\"EntryPoint\",\"urlTemplate\":\"https:\/\/nyschildrensasthmainitiative.com\/?s={search_term_string}\"},\"query-input\":{\"@type\":\"PropertyValueSpecification\",\"valueRequired\":true,\"valueName\":\"search_term_string\"}}],\"inLanguage\":\"de\"},{\"@type\":\"Organization\",\"@id\":\"https:\/\/nyschildrensasthmainitiative.com\/#organization\",\"name\":\"New York State Children's Asthma Initiative\",\"url\":\"https:\/\/nyschildrensasthmainitiative.com\/\",\"logo\":{\"@type\":\"ImageObject\",\"inLanguage\":\"de\",\"@id\":\"https:\/\/nyschildrensasthmainitiative.com\/#\/schema\/logo\/image\/\",\"url\":\"https:\/\/nyschildrensasthma.org\/wp-content\/uploads\/2023\/08\/cropped-FY23-NYS-CAI-Logo_Horiz_Digital-e1692113998994.png\",\"contentUrl\":\"https:\/\/nyschildrensasthma.org\/wp-content\/uploads\/2023\/08\/cropped-FY23-NYS-CAI-Logo_Horiz_Digital-e1692113998994.png\",\"width\":544,\"height\":141,\"caption\":\"New York State Children's Asthma Initiative\"},\"image\":{\"@id\":\"https:\/\/nyschildrensasthmainitiative.com\/#\/schema\/logo\/image\/\"}}]}<\/script>\n<!-- \/ Yoast SEO plugin. -->","yoast_head_json":{"title":"Kontakt - New York State Childrens Asthma Initiative","description":"Bitte kontaktieren Sie uns, wenn Sie an einer Zusammenarbeit mit der New York State Children's Asthma Initiative interessiert sind.","robots":{"index":"index","follow":"follow","max-snippet":"max-snippet:-1","max-image-preview":"max-image-preview:large","max-video-preview":"max-video-preview:-1"},"canonical":"https:\/\/nyschildrensasthma.org\/de\/contact\/","og_locale":"de_DE","og_type":"article","og_title":"Contact &#8211; New York State Childrens Asthma Initiative","og_description":"Please contact us if you are interested in working with the New York State Children's Asthma Initiative.","og_url":"https:\/\/nyschildrensasthma.org\/de\/contact\/","og_site_name":"New York State Childrens Asthma Initiative","article_modified_time":"2026-02-13T20:17:21+00:00","og_image":[{"width":544,"height":141,"url":"https:\/\/nyschildrensasthma.org\/wp-content\/uploads\/2023\/08\/FY23-NYS-CAI-Logo_Horiz_Digital-e1692113998994.png","type":"image\/png"}],"twitter_card":"summary_large_image","twitter_misc":{"Gesch\u00e4tzte Lesezeit":"1\u00a0Minute"},"schema":{"@context":"https:\/\/schema.org","@graph":[{"@type":"WebPage","@id":"https:\/\/nyschildrensasthma.org\/en\/contact\/","url":"https:\/\/nyschildrensasthma.org\/en\/contact\/","name":"Kontakt - New York State Childrens Asthma Initiative","isPartOf":{"@id":"https:\/\/nyschildrensasthmainitiative.com\/#website"},"datePublished":"2023-08-24T19:23:49+00:00","dateModified":"2026-02-13T20:17:21+00:00","description":"Bitte kontaktieren Sie uns, wenn Sie an einer Zusammenarbeit mit der New York State Children's Asthma Initiative interessiert sind.","breadcrumb":{"@id":"https:\/\/nyschildrensasthma.org\/en\/contact\/#breadcrumb"},"inLanguage":"de","potentialAction":[{"@type":"ReadAction","target":["https:\/\/nyschildrensasthma.org\/en\/contact\/"]}]},{"@type":"BreadcrumbList","@id":"https:\/\/nyschildrensasthma.org\/en\/contact\/#breadcrumb","itemListElement":[{"@type":"ListItem","position":1,"name":"Home","item":"https:\/\/nyschildrensasthma.org\/"},{"@type":"ListItem","position":2,"name":"Contact"}]},{"@type":"WebSite","@id":"https:\/\/nyschildrensasthmainitiative.com\/#website","url":"https:\/\/nyschildrensasthmainitiative.com\/","name":"Asthma-Initiative f\u00fcr Kinder im Bundesstaat New York","description":"Leitliniengest\u00fctzte Betreuung f\u00fcr Schulen und asthmakranke Kinder im Bundesstaat New York","publisher":{"@id":"https:\/\/nyschildrensasthmainitiative.com\/#organization"},"potentialAction":[{"@type":"SearchAction","target":{"@type":"EntryPoint","urlTemplate":"https:\/\/nyschildrensasthmainitiative.com\/?s={search_term_string}"},"query-input":{"@type":"PropertyValueSpecification","valueRequired":true,"valueName":"search_term_string"}}],"inLanguage":"de"},{"@type":"Organization","@id":"https:\/\/nyschildrensasthmainitiative.com\/#organization","name":"Asthma-Initiative f\u00fcr Kinder im Bundesstaat New York","url":"https:\/\/nyschildrensasthmainitiative.com\/","logo":{"@type":"ImageObject","inLanguage":"de","@id":"https:\/\/nyschildrensasthmainitiative.com\/#\/schema\/logo\/image\/","url":"https:\/\/nyschildrensasthma.org\/wp-content\/uploads\/2023\/08\/cropped-FY23-NYS-CAI-Logo_Horiz_Digital-e1692113998994.png","contentUrl":"https:\/\/nyschildrensasthma.org\/wp-content\/uploads\/2023\/08\/cropped-FY23-NYS-CAI-Logo_Horiz_Digital-e1692113998994.png","width":544,"height":141,"caption":"New York State Children's Asthma Initiative"},"image":{"@id":"https:\/\/nyschildrensasthmainitiative.com\/#\/schema\/logo\/image\/"}}]}},"_links":{"self":[{"href":"https:\/\/nyschildrensasthma.org\/de\/wp-json\/wp\/v2\/pages\/637","targetHints":{"allow":["GET"]}}],"collection":[{"href":"https:\/\/nyschildrensasthma.org\/de\/wp-json\/wp\/v2\/pages"}],"about":[{"href":"https:\/\/nyschildrensasthma.org\/de\/wp-json\/wp\/v2\/types\/page"}],"author":[{"embeddable":true,"href":"https:\/\/nyschildrensasthma.org\/de\/wp-json\/wp\/v2\/users\/1"}],"replies":[{"embeddable":true,"href":"https:\/\/nyschildrensasthma.org\/de\/wp-json\/wp\/v2\/comments?post=637"}],"version-history":[{"count":25,"href":"https:\/\/nyschildrensasthma.org\/de\/wp-json\/wp\/v2\/pages\/637\/revisions"}],"predecessor-version":[{"id":6734,"href":"https:\/\/nyschildrensasthma.org\/de\/wp-json\/wp\/v2\/pages\/637\/revisions\/6734"}],"wp:attachment":[{"href":"https:\/\/nyschildrensasthma.org\/de\/wp-json\/wp\/v2\/media?parent=637"}],"curies":[{"name":"wp","href":"https:\/\/api.w.org\/{rel}","templated":true}]}}